{"id":6,"date":"2021-02-21T10:56:55","date_gmt":"2021-02-21T09:56:55","guid":{"rendered":"https:\/\/zsswitnica.pl\/zss\/?page_id=6"},"modified":"2025-04-28T11:01:17","modified_gmt":"2025-04-28T09:01:17","slug":"glowna","status":"publish","type":"page","link":"https:\/\/zsswitnica.pl\/zss\/","title":{"rendered":"G\u0142\u00f3wna"},"content":{"rendered":"<p>[et_pb_section fb_built=&#8221;1&#8243; custom_padding_last_edited=&#8221;on|desktop&#8221; admin_label=&#8221;Header&#8221; _builder_version=&#8221;4.9.0&#8243; background_color=&#8221;rgba(31,31,89,0.5)&#8221; background_image=&#8221;https:\/\/zsswitnica.pl\/zss\/wp-content\/uploads\/2025\/03\/155982406_1155843151517871_7489480284891797607_n-1024&#215;576-3.jpg&#8221; background_blend=&#8221;darken&#8221; custom_padding=&#8221;76px||||false|false&#8221; custom_padding_tablet=&#8221;140px|0px|50px|0px|false|false&#8221; custom_padding_phone=&#8221;120px|||&#8221;][et_pb_row column_structure=&#8221;1_2,1_2&#8243; _builder_version=&#8221;3.25&#8243; max_width=&#8221;1280px&#8221; use_custom_width=&#8221;on&#8221; custom_width_px=&#8221;1280px&#8221;][et_pb_column type=&#8221;1_2&#8243; _builder_version=&#8221;3.25&#8243; custom_padding=&#8221;|||&#8221; custom_padding__hover=&#8221;|||&#8221;][et_pb_text _builder_version=&#8221;4.9.0&#8243; text_font=&#8221;|600|||||||&#8221; text_font_size=&#8221;20px&#8221; text_line_height=&#8221;2em&#8221; header_font=&#8221;EB Garamond||||||||&#8221; header_text_color=&#8221;#FFFFAF&#8221; header_font_size=&#8221;60px&#8221; header_line_height=&#8221;1.3em&#8221; background_layout=&#8221;dark&#8221; max_width=&#8221;600px&#8221; text_font_size_tablet=&#8221;&#8221; text_font_size_phone=&#8221;15px&#8221; text_font_size_last_edited=&#8221;on|phone&#8221; text_line_height_tablet=&#8221;&#8221; text_line_height_phone=&#8221;1.6em&#8221; text_line_height_last_edited=&#8221;on|phone&#8221; header_font_size_tablet=&#8221;50px&#8221; header_font_size_phone=&#8221;32px&#8221; header_font_size_last_edited=&#8221;on|phone&#8221;]<\/p>\n<h1>Zesp\u00f3\u0142 Szk\u00f3\u0142 Samorz\u0105dowych<br \/>\nw Witnicy<\/h1>\n<p>Technikum,<br \/>\nBran\u017cowa Szko\u0142a I stopnia[\/et_pb_text][\/et_pb_column][et_pb_column type=&#8221;1_2&#8243; _builder_version=&#8221;3.25&#8243; custom_padding=&#8221;|||&#8221; custom_padding__hover=&#8221;|||&#8221;][et_pb_countdown_timer title=&#8221; Dni godziny minuty sekundy&#8221; date_time=&#8221;2024-06-21 15:00&#8243; disabled_on=&#8221;on|on|off&#8221; _builder_version=&#8221;4.9.0&#8243; _module_preset=&#8221;default&#8221; header_level=&#8221;h5&#8243; header_text_align=&#8221;center&#8221; header_text_color=&#8221;#FFFFFF&#8221; header_font_size=&#8221;14px&#8221; header_letter_spacing=&#8221;7px&#8221; numbers_text_align=&#8221;center&#8221; numbers_text_color=&#8221;#FFFFFF&#8221; numbers_font_size=&#8221;44px&#8221; numbers_line_height=&#8221;64px&#8221; separator_font=&#8221;||||||||&#8221; separator_font_size=&#8221;40px&#8221; separator_letter_spacing=&#8221;7px&#8221; separator_line_height=&#8221;56px&#8221; label_font=&#8221;|300|||||||&#8221; label_text_align=&#8221;center&#8221; label_text_color=&#8221;RGBA(0,0,0,0)&#8221; label_font_size=&#8221;9px&#8221; label_line_height=&#8221;24px&#8221; background_color=&#8221;rgba(126,190,197,0)&#8221; transform_scale=&#8221;92%|92%&#8221; width=&#8221;100%&#8221; custom_margin=&#8221;||25px|||&#8221; custom_padding=&#8221;37px|||||&#8221; filter_opacity=&#8221;0%&#8221; numbers_text_shadow_style=&#8221;preset1&#8243; numbers_text_shadow_horizontal_length=&#8221;-0.09em&#8221;][\/et_pb_countdown_timer][et_pb_button button_url=&#8221;@ET-DC@eyJkeW5hbWljIjp0cnVlLCJjb250ZW50IjoicG9zdF9saW5rX3VybF9wYWdlIiwic2V0dGluZ3MiOnsicG9zdF9pZCI6IjE0In19@&#8221; button_text=&#8221;Ruszamy z rekrutacj\u0105 na rok 2024!&#8221; button_alignment=&#8221;center&#8221; _builder_version=&#8221;4.9.0&#8243; _dynamic_attributes=&#8221;button_url&#8221; custom_button=&#8221;on&#8221; button_text_size=&#8221;16px&#8221; button_text_color=&#8221;#FFFFFF&#8221; button_bg_color=&#8221;RGBA(0,0,0,0)&#8221; button_border_width=&#8221;4px&#8221; button_border_color=&#8221;#E02B20&#8243; button_border_radius=&#8221;100px&#8221; button_letter_spacing=&#8221;1px&#8221; button_font=&#8221;|700||on|||||&#8221; custom_padding=&#8221;14px|34px|14px|34px|true|true&#8221; filter_opacity=&#8221;0%&#8221; animation_style=&#8221;zoom&#8221; button_letter_spacing_hover=&#8221;1px&#8221; button_text_size__hover_enabled=&#8221;off&#8221; button_one_text_size__hover_enabled=&#8221;off&#8221; button_two_text_size__hover_enabled=&#8221;off&#8221; button_text_color__hover_enabled=&#8221;off&#8221; button_one_text_color__hover_enabled=&#8221;off&#8221; button_two_text_color__hover_enabled=&#8221;off&#8221; button_border_width__hover_enabled=&#8221;off&#8221; button_one_border_width__hover_enabled=&#8221;off&#8221; button_two_border_width__hover_enabled=&#8221;off&#8221; button_border_color__hover_enabled=&#8221;off&#8221; button_one_border_color__hover_enabled=&#8221;off&#8221; button_two_border_color__hover_enabled=&#8221;off&#8221; button_border_radius__hover_enabled=&#8221;off&#8221; button_one_border_radius__hover_enabled=&#8221;off&#8221; button_two_border_radius__hover_enabled=&#8221;off&#8221; button_letter_spacing__hover_enabled=&#8221;on&#8221; button_letter_spacing__hover=&#8221;1px&#8221; button_one_letter_spacing__hover_enabled=&#8221;off&#8221; button_two_letter_spacing__hover_enabled=&#8221;off&#8221; button_bg_color__hover_enabled=&#8221;off&#8221; button_one_bg_color__hover_enabled=&#8221;off&#8221; button_two_bg_color__hover_enabled=&#8221;off&#8221;][\/et_pb_button][\/et_pb_column][\/et_pb_row][\/et_pb_section][et_pb_section fb_built=&#8221;1&#8243; _builder_version=&#8221;4.9.0&#8243; _module_preset=&#8221;default&#8221; background_color=&#8221;#0C71C3&#8243; min_height=&#8221;529.2px&#8221; custom_margin=&#8221;||-208px|||&#8221;][et_pb_row _builder_version=&#8221;4.9.0&#8243; _module_preset=&#8221;default&#8221; custom_padding=&#8221;0px|||||&#8221;][et_pb_column type=&#8221;4_4&#8243; _builder_version=&#8221;4.9.0&#8243; _module_preset=&#8221;default&#8221;][et_pb_image src=&#8221;https:\/\/zsswitnica.pl\/zss\/wp-content\/uploads\/2024\/10\/pasek-1.jpg&#8221; title_text=&#8221;pasek-1&#8243; align=&#8221;center&#8221; _builder_version=&#8221;4.9.0&#8243; _module_preset=&#8221;default&#8221;][\/et_pb_image][\/et_pb_column][\/et_pb_row][et_pb_row _builder_version=&#8221;4.9.0&#8243; _module_preset=&#8221;default&#8221;][et_pb_column type=&#8221;4_4&#8243; _builder_version=&#8221;4.9.0&#8243; _module_preset=&#8221;default&#8221;][et_pb_text _builder_version=&#8221;4.9.0&#8243; _module_preset=&#8221;default&#8221; custom_padding=&#8221;||0px|||&#8221;]<\/p>\n<p style=\"text-align: center;\"><span style=\"color: #ffffff;\"><strong><em>W naszej szkole realizowany jest projekt \u201eSpecjalista dla rynku pracy \u2013 efektywny system formalnego kszta\u0142cenia zawodowego\u201d <\/em><\/strong><\/span><span style=\"color: #ffffff;\"><strong><em>wsp\u00f3\u0142finansowany ze \u015brodk\u00f3w Europejskiego Funduszu Spo\u0142ecznego Plus,\u00a0 w ramach programu Fundusze Europejskie dla Lubuskiego 2021-2027,\u00a0<\/em><em>Priorytet 6: Fundusze Europejskie na wsparcie obywateli, Dzia\u0142anie 6.7: Edukacja \u2013 ZIT.<\/em><\/strong><\/span><\/p>\n<p style=\"text-align: center;\"><span style=\"color: #ffffff;\"><strong><em>Szczeg\u00f3\u0142y znajdziesz w zak\u0142adce PROJEKTY UNIJNE.<\/em><\/strong><\/span><\/p>\n<p>[\/et_pb_text][\/et_pb_column][\/et_pb_row][\/et_pb_section][et_pb_section fb_built=&#8221;1&#8243; admin_label=&#8221;Features&#8221; _builder_version=&#8221;4.9.0&#8243; custom_margin=&#8221;-16px|||||&#8221; custom_padding=&#8221;0px|||||&#8221;][et_pb_row column_structure=&#8221;1_4,1_4,1_4,1_4&#8243; use_custom_gutter=&#8221;on&#8221; gutter_width=&#8221;2&#8243; _builder_version=&#8221;4.9.0&#8243; max_width=&#8221;1280px&#8221; use_custom_width=&#8221;on&#8221; custom_width_px=&#8221;1280px&#8221;][et_pb_column type=&#8221;1_4&#8243; _builder_version=&#8221;3.25&#8243; custom_padding=&#8221;|||&#8221; custom_padding__hover=&#8221;|||&#8221;][et_pb_blurb title=&#8221;Plan lekcji&#8221; url=&#8221;https:\/\/zsswitnica.pl\/zss\/plan\/html\/?fbclid=IwAR2mmaPXGMysPrOvG4wdbJRgLHLl_HeLCr-6RuMI-2U8z38Gem4tWNvWSi0&#8243; image=&#8221;https:\/\/zsswitnica.pl\/zss\/wp-content\/uploads\/2021\/02\/language-school-illustration-17.png&#8221; icon_placement=&#8221;left&#8221; image_max_width=&#8221;100px&#8221; content_max_width=&#8221;1100px&#8221; image_max_width_tablet=&#8221;&#8221; image_max_width_phone=&#8221;50px&#8221; image_max_width_last_edited=&#8221;on|phone&#8221; _builder_version=&#8221;4.9.0&#8243; header_font=&#8221;|600|||||||&#8221; header_font_size=&#8221;18px&#8221; header_line_height=&#8221;1.6em&#8221; body_font=&#8221;||||||||&#8221; body_font_size=&#8221;15px&#8221; body_line_height=&#8221;2em&#8221; custom_padding=&#8221;|||24px&#8221; custom_padding_tablet=&#8221;&#8221; custom_padding_phone=&#8221;|||4px&#8221; custom_padding_last_edited=&#8221;on|phone&#8221; animation_style=&#8221;fold&#8221; animation_direction=&#8221;left&#8221; animation_intensity_fold=&#8221;10%&#8221; animation=&#8221;off&#8221; link_option_url=&#8221;https:\/\/zsswitnica.pl\/zss\/plan\/html\/?fbclid=IwAR2mmaPXGMysPrOvG4wdbJRgLHLl_HeLCr-6RuMI-2U8z38Gem4tWNvWSi0&#8243; header_font_size_tablet=&#8221;&#8221; header_font_size_phone=&#8221;15px&#8221; header_font_size_last_edited=&#8221;on|phone&#8221; body_line_height_tablet=&#8221;&#8221; body_line_height_phone=&#8221;1.6em&#8221; body_line_height_last_edited=&#8221;on|phone&#8221; border_color_all=&#8221;rgba(0,0,0,0.18)&#8221; border_style_all=&#8221;dotted&#8221; border_width_left=&#8221;2px&#8221; locked=&#8221;off&#8221;]Kliknij, aby sprawdzi\u0107 plan zaj\u0119\u0107.[\/et_pb_blurb][\/et_pb_column][et_pb_column type=&#8221;1_4&#8243; _builder_version=&#8221;3.25&#8243; custom_padding=&#8221;|||&#8221; custom_padding__hover=&#8221;|||&#8221;][et_pb_blurb title=&#8221;E-dziennik Vulcan&#8221; url=&#8221;https:\/\/uonetplus.vulcan.net.pl\/powiatgorzowski\/&#8221; image=&#8221;https:\/\/zsswitnica.pl\/zss\/wp-content\/uploads\/2021\/02\/language-school-illustration-25.png&#8221; icon_placement=&#8221;left&#8221; image_max_width=&#8221;100px&#8221; content_max_width=&#8221;1100px&#8221; image_max_width_tablet=&#8221;&#8221; image_max_width_phone=&#8221;50px&#8221; image_max_width_last_edited=&#8221;on|phone&#8221; _builder_version=&#8221;4.9.0&#8243; header_font=&#8221;|600|||||||&#8221; header_font_size=&#8221;18px&#8221; header_line_height=&#8221;1.6em&#8221; body_font=&#8221;||||||||&#8221; body_font_size=&#8221;15px&#8221; body_line_height=&#8221;2em&#8221; custom_padding=&#8221;10px|10px|10px|10px|true|true&#8221; custom_padding_phone=&#8221;|||4px&#8221; custom_padding_last_edited=&#8221;off|phone&#8221; animation_style=&#8221;fold&#8221; animation_direction=&#8221;left&#8221; animation_intensity_fold=&#8221;10%&#8221; animation=&#8221;off&#8221; link_option_url=&#8221;https:\/\/uonetplus.vulcan.net.pl\/powiatgorzowski\/&#8221; header_font_size_tablet=&#8221;&#8221; header_font_size_phone=&#8221;15px&#8221; header_font_size_last_edited=&#8221;on|phone&#8221; body_line_height_tablet=&#8221;&#8221; body_line_height_phone=&#8221;1.6em&#8221; body_line_height_last_edited=&#8221;on|phone&#8221; border_radii=&#8221;on|10px|10px|10px|10px&#8221; border_color_all=&#8221;rgba(0,0,0,0.18)&#8221; border_style_all=&#8221;dotted&#8221; border_width_left=&#8221;2px&#8221; locked=&#8221;off&#8221; background__hover_enabled=&#8221;on|hover&#8221; background_color__hover=&#8221;rgba(12,113,195,0.24)&#8221; background_enable_color__hover=&#8221;on&#8221;]Kliknij, aby sprawdzi\u0107 oceny, plan lekcji i inne istotne informacje.[\/et_pb_blurb][\/et_pb_column][et_pb_column type=&#8221;1_4&#8243; _builder_version=&#8221;4.9.0&#8243; _module_preset=&#8221;default&#8221;][et_pb_blurb title=&#8221;Konsultacje&#8221; url=&#8221;https:\/\/zsswitnica.pl\/zss\/wp-content\/uploads\/2023\/10\/Konsultacje-nauczycieli-SPP.pdf&#8221; url_new_window=&#8221;on&#8221; image=&#8221;https:\/\/zsswitnica.pl\/zss\/wp-content\/uploads\/2022\/10\/Bez-nazwy-1.png&#8221; icon_placement=&#8221;left&#8221; image_max_width=&#8221;100px&#8221; content_max_width=&#8221;1100px&#8221; image_max_width_tablet=&#8221;&#8221; image_max_width_phone=&#8221;50px&#8221; image_max_width_last_edited=&#8221;on|phone&#8221; _builder_version=&#8221;4.9.0&#8243; header_font=&#8221;|600|||||||&#8221; header_font_size=&#8221;18px&#8221; header_line_height=&#8221;1.6em&#8221; body_font=&#8221;||||||||&#8221; body_font_size=&#8221;15px&#8221; body_line_height=&#8221;2em&#8221; custom_padding=&#8221;10px|10px|10px|10px|true|true&#8221; custom_padding_phone=&#8221;|||4px&#8221; custom_padding_last_edited=&#8221;off|phone&#8221; animation_style=&#8221;fold&#8221; animation_direction=&#8221;left&#8221; animation_intensity_fold=&#8221;10%&#8221; animation=&#8221;off&#8221; link_option_url=&#8221;https:\/\/zsswitnica.pl\/zss\/wp-content\/uploads\/2023\/10\/Konsultacje-nauczycieli-SPP.pdf&#8221; link_option_url_new_window=&#8221;on&#8221; header_font_size_tablet=&#8221;&#8221; header_font_size_phone=&#8221;15px&#8221; header_font_size_last_edited=&#8221;on|phone&#8221; body_line_height_tablet=&#8221;&#8221; body_line_height_phone=&#8221;1.6em&#8221; body_line_height_last_edited=&#8221;on|phone&#8221; border_radii=&#8221;on|10px|10px|10px|10px&#8221; border_color_all=&#8221;rgba(0,0,0,0.18)&#8221; border_style_all=&#8221;dotted&#8221; border_width_left=&#8221;2px&#8221; locked=&#8221;off&#8221; background__hover_enabled=&#8221;on|hover&#8221; background_color__hover=&#8221;rgba(12,113,195,0.24)&#8221; background_enable_color__hover=&#8221;on&#8221;]Kliknij, aby sprawdzi\u0107 aktualne godziny konsultacji z nauczycielami[\/et_pb_blurb][\/et_pb_column][et_pb_column type=&#8221;1_4&#8243; _builder_version=&#8221;4.9.0&#8243; _module_preset=&#8221;default&#8221;][et_pb_blurb title=&#8221;Harmonogramy zaj\u0119\u0107 projektowych&#8221; url_new_window=&#8221;on&#8221; image=&#8221;https:\/\/zsswitnica.pl\/zss\/wp-content\/uploads\/2022\/10\/Bez-nazwy-1.png&#8221; icon_placement=&#8221;left&#8221; image_max_width=&#8221;100px&#8221; content_max_width=&#8221;1100px&#8221; image_max_width_tablet=&#8221;&#8221; image_max_width_phone=&#8221;50px&#8221; image_max_width_last_edited=&#8221;on|phone&#8221; _builder_version=&#8221;4.9.0&#8243; header_font=&#8221;|600|||||||&#8221; header_font_size=&#8221;18px&#8221; header_line_height=&#8221;1.6em&#8221; body_font=&#8221;||||||||&#8221; body_font_size=&#8221;15px&#8221; body_line_height=&#8221;2em&#8221; custom_padding=&#8221;10px|10px|10px|10px|true|true&#8221; custom_padding_phone=&#8221;|||4px&#8221; custom_padding_last_edited=&#8221;off|phone&#8221; animation_style=&#8221;fold&#8221; animation_direction=&#8221;left&#8221; animation_intensity_fold=&#8221;10%&#8221; animation=&#8221;off&#8221; link_option_url_new_window=&#8221;on&#8221; hover_enabled=&#8221;0&#8243; header_font_size_tablet=&#8221;&#8221; header_font_size_phone=&#8221;15px&#8221; header_font_size_last_edited=&#8221;on|phone&#8221; body_line_height_tablet=&#8221;&#8221; body_line_height_phone=&#8221;1.6em&#8221; body_line_height_last_edited=&#8221;on|phone&#8221; border_radii=&#8221;on|10px|10px|10px|10px&#8221; border_color_all=&#8221;rgba(0,0,0,0.18)&#8221; border_style_all=&#8221;dotted&#8221; border_width_left=&#8221;2px&#8221; locked=&#8221;off&#8221; background__hover_enabled=&#8221;on|hover&#8221; background_color__hover=&#8221;rgba(12,113,195,0.24)&#8221; background_enable_color__hover=&#8221;on&#8221; url=&#8221;https:\/\/zsswitnica.pl\/zss\/specjalista-na-rynku-pracy\/?et_fb=1&#038;PageSpeed=off&#8221; sticky_enabled=&#8221;0&#8243;]<\/p>\n<p>Kliknij, aby sprawdzi\u0107 aktualne daty i godziny zaj\u0119\u0107 projektu &#8222;Specjalista dla rynku pracy (&#8230;)&#8221;<\/p>\n<p>[\/et_pb_blurb][\/et_pb_column][\/et_pb_row][\/et_pb_section][et_pb_section fb_built=&#8221;1&#8243; _builder_version=&#8221;4.9.0&#8243; _module_preset=&#8221;default&#8221; background_color=&#8221;#000000&#8243; min_height=&#8221;269.6px&#8221; custom_padding=&#8221;0px||0px|||&#8221; top_divider_color=&#8221;#0b1f30&#8243; top_divider_height=&#8221;62px&#8221; top_divider_flip=&#8221;horizontal&#8221; saved_tabs=&#8221;all&#8221;][et_pb_row column_structure=&#8221;1_3,1_3,1_3&#8243; _builder_version=&#8221;4.9.0&#8243; _module_preset=&#8221;default&#8221;][et_pb_column type=&#8221;1_3&#8243; _builder_version=&#8221;4.9.0&#8243; _module_preset=&#8221;default&#8221;][et_pb_image src=&#8221;https:\/\/zsswitnica.pl\/zss\/wp-content\/uploads\/2021\/02\/logo.png&#8221; title_text=&#8221;logo&#8221; show_bottom_space=&#8221;off&#8221; _builder_version=&#8221;4.9.0&#8243; _module_preset=&#8221;default&#8221; width=&#8221;82%&#8221;][\/et_pb_image][et_pb_text _builder_version=&#8221;4.9.0&#8243; _module_preset=&#8221;default&#8221; text_font=&#8221;|300|||||||&#8221; text_text_color=&#8221;#FFFFFF&#8221; text_font_size=&#8221;11px&#8221;]<\/p>\n<p>Powered by:\u00a0<strong>CMS WordPress,\u00a0<\/strong>Copyright 2021 \u00a9: Zesp\u00f3\u0142 Szk\u00f3\u0142 Samorz\u0105dowych w Witnicy, Created by: Piotr Pantkowski<\/p>\n<p>[\/et_pb_text][\/et_pb_column][et_pb_column type=&#8221;1_3&#8243; _builder_version=&#8221;4.9.0&#8243; _module_preset=&#8221;default&#8221;][\/et_pb_column][et_pb_column type=&#8221;1_3&#8243; _builder_version=&#8221;4.9.0&#8243; _module_preset=&#8221;default&#8221;][et_pb_text _builder_version=&#8221;4.9.0&#8243; _module_preset=&#8221;default&#8221; text_text_color=&#8221;#FFFFFF&#8221; custom_margin=&#8221;||9px|||&#8221;]<\/p>\n<p>Sprawd\u017a naszego Facebooka oraz Instagrama i ofert\u0119 rekrutacyjn\u0105<\/p>\n<p>[\/et_pb_text][et_pb_social_media_follow follow_button=&#8221;on&#8221; icon_color=&#8221;#FFFFFF&#8221; admin_label=&#8221;Przyciski spo\u0142eczno\u015bciowe (stopka wersja pc)&#8221; _builder_version=&#8221;4.9.0&#8243; text_orientation=&#8221;left&#8221; background_layout=&#8221;dark&#8221; custom_margin=&#8221;||-3px|||&#8221; custom_padding=&#8221;0px|||||&#8221;][et_pb_social_media_follow_network social_network=&#8221;youtube&#8221; url=&#8221;https:\/\/www.youtube.com\/@ZSSWitnica&#8221; _builder_version=&#8221;4.9.0&#8243; background_color=&#8221;#a82400&#8243; follow_button=&#8221;on&#8221; url_new_window=&#8221;on&#8221;]youtube[\/et_pb_social_media_follow_network][\/et_pb_social_media_follow][et_pb_social_media_follow follow_button=&#8221;on&#8221; icon_color=&#8221;#FFFFFF&#8221; admin_label=&#8221;Przyciski spo\u0142eczno\u015bciowe (stopka wersja pc)&#8221; _builder_version=&#8221;4.9.0&#8243; text_orientation=&#8221;left&#8221; background_layout=&#8221;dark&#8221; custom_padding=&#8221;0px|||||&#8221;][et_pb_social_media_follow_network social_network=&#8221;instagram&#8221; url=&#8221;https:\/\/www.instagram.com\/zsswitnica\/&#8221; _builder_version=&#8221;4.9.0&#8243; background_color=&#8221;#ea2c59&#8243; follow_button=&#8221;on&#8221; url_new_window=&#8221;on&#8221;]instagram[\/et_pb_social_media_follow_network][\/et_pb_social_media_follow][et_pb_social_media_follow follow_button=&#8221;on&#8221; icon_color=&#8221;#FFFFFF&#8221; admin_label=&#8221;Przyciski spo\u0142eczno\u015bciowe (stopka wersja pc)&#8221; _builder_version=&#8221;4.9.0&#8243; text_orientation=&#8221;left&#8221; background_layout=&#8221;dark&#8221; custom_margin=&#8221;-9%||||false|false&#8221; custom_padding=&#8221;||0px|||&#8221;][et_pb_social_media_follow_network social_network=&#8221;facebook&#8221; url=&#8221;https:\/\/www.facebook.com\/Zesp%C3%B3%C5%82-Szk%C3%B3%C5%82-Samorz%C4%85dowych-w-Witnicy-171844216302262\/&#8221; _builder_version=&#8221;3.17.6&#8243; background_color=&#8221;#3b5998&#8243; follow_button=&#8221;on&#8221; url_new_window=&#8221;on&#8221;]facebook[\/et_pb_social_media_follow_network][\/et_pb_social_media_follow][et_pb_image src=&#8221;https:\/\/zsswitnica.pl\/zss\/wp-content\/uploads\/2024\/03\/tik-tok-icon-1024&#215;1024-zwq641op.png&#8221; title_text=&#8221;tik-tok-icon-1024&#215;1024-zwq641op&#8221; url=&#8221;https:\/\/www.tiktok.com\/@zss_witnica&#8221; url_new_window=&#8221;on&#8221; _builder_version=&#8221;4.9.0&#8243; _module_preset=&#8221;default&#8221; transform_translate=&#8221;1px|-26px&#8221; transform_translate_linked=&#8221;off&#8221; width=&#8221;30px&#8221; max_width=&#8221;30px&#8221;][\/et_pb_image][et_pb_text _builder_version=&#8221;4.9.0&#8243; _module_preset=&#8221;default&#8221; transform_translate=&#8221;53px|-86px&#8221; transform_translate_linked=&#8221;off&#8221; link_option_url=&#8221;https:\/\/www.tiktok.com\/@zss_witnica&#8221; link_option_url_new_window=&#8221;on&#8221;]<\/p>\n<p><span style=\"color: #ddd;\">Obserwuj<\/span><\/p>\n<p>[\/et_pb_text][\/et_pb_column][\/et_pb_row][\/et_pb_section]<\/p>\n","protected":false},"excerpt":{"rendered":"<p>[et_pb_section fb_built=&#8221;1&#8243; custom_padding_last_edited=&#8221;on|desktop&#8221; admin_label=&#8221;Header&#8221; _builder_version=&#8221;4.9.0&#8243; background_color=&#8221;rgba(31,31,89,0.5)&#8221; background_image=&#8221;https:\/\/zsswitnica.pl\/zss\/wp-content\/uploads\/2025\/03\/155982406_1155843151517871_7489480284891797607_n-1024&#215;576-3.jpg&#8221; background_blend=&#8221;darken&#8221; custom_padding=&#8221;76px||||false|false&#8221; custom_padding_tablet=&#8221;140px|0px|50px|0px|false|false&#8221; custom_padding_phone=&#8221;120px|||&#8221;][et_pb_row column_structure=&#8221;1_2,1_2&#8243; _builder_version=&#8221;3.25&#8243; max_width=&#8221;1280px&#8221; use_custom_width=&#8221;on&#8221; custom_width_px=&#8221;1280px&#8221;][et_pb_column type=&#8221;1_2&#8243; _builder_version=&#8221;3.25&#8243; custom_padding=&#8221;|||&#8221; custom_padding__hover=&#8221;|||&#8221;][et_pb_text _builder_version=&#8221;4.9.0&#8243; text_font=&#8221;|600|||||||&#8221; text_font_size=&#8221;20px&#8221; text_line_height=&#8221;2em&#8221; header_font=&#8221;EB Garamond||||||||&#8221; header_text_color=&#8221;#FFFFAF&#8221; header_font_size=&#8221;60px&#8221; header_line_height=&#8221;1.3em&#8221; background_layout=&#8221;dark&#8221; max_width=&#8221;600px&#8221; text_font_size_tablet=&#8221;&#8221; text_font_size_phone=&#8221;15px&#8221; text_font_size_last_edited=&#8221;on|phone&#8221; text_line_height_tablet=&#8221;&#8221; text_line_height_phone=&#8221;1.6em&#8221; text_line_height_last_edited=&#8221;on|phone&#8221; header_font_size_tablet=&#8221;50px&#8221; header_font_size_phone=&#8221;32px&#8221; header_font_size_last_edited=&#8221;on|phone&#8221;] Zesp\u00f3\u0142 Szk\u00f3\u0142 Samorz\u0105dowych w Witnicy Technikum, Bran\u017cowa Szko\u0142a I stopnia[\/et_pb_text][\/et_pb_column][et_pb_column type=&#8221;1_2&#8243; _builder_version=&#8221;3.25&#8243; custom_padding=&#8221;|||&#8221; custom_padding__hover=&#8221;|||&#8221;][et_pb_countdown_timer title=&#8221; [&hellip;]<\/p>\n","protected":false},"author":1,"featured_media":0,"parent":0,"menu_order":0,"comment_status":"closed","ping_status":"closed","template":"","meta":{"_et_pb_use_builder":"on","_et_pb_old_content":"<!-- wp:divi\/placeholder \/-->","_et_gb_content_width":""},"_links":{"self":[{"href":"https:\/\/zsswitnica.pl\/zss\/wp-json\/wp\/v2\/pages\/6"}],"collection":[{"href":"https:\/\/zsswitnica.pl\/zss\/wp-json\/wp\/v2\/pages"}],"about":[{"href":"https:\/\/zsswitnica.pl\/zss\/wp-json\/wp\/v2\/types\/page"}],"author":[{"embeddable":true,"href":"https:\/\/zsswitnica.pl\/zss\/wp-json\/wp\/v2\/users\/1"}],"replies":[{"embeddable":true,"href":"https:\/\/zsswitnica.pl\/zss\/wp-json\/wp\/v2\/comments?post=6"}],"version-history":[{"count":108,"href":"https:\/\/zsswitnica.pl\/zss\/wp-json\/wp\/v2\/pages\/6\/revisions"}],"predecessor-version":[{"id":4105,"href":"https:\/\/zsswitnica.pl\/zss\/wp-json\/wp\/v2\/pages\/6\/revisions\/4105"}],"wp:attachment":[{"href":"https:\/\/zsswitnica.pl\/zss\/wp-json\/wp\/v2\/media?parent=6"}],"curies":[{"name":"wp","href":"https:\/\/api.w.org\/{rel}","templated":true}]}}