{"id":3511,"date":"2025-03-04T17:34:44","date_gmt":"2025-03-04T16:34:44","guid":{"rendered":"https:\/\/zsswitnica.pl\/zss\/?page_id=3511"},"modified":"2025-03-04T19:01:59","modified_gmt":"2025-03-04T18:01:59","slug":"kompetencje-przyszlosci","status":"publish","type":"page","link":"https:\/\/zsswitnica.pl\/zss\/kompetencje-przyszlosci\/","title":{"rendered":"Kompetencje przysz\u0142o\u015bci"},"content":{"rendered":"<p>[et_pb_section fb_built=&#8221;1&#8243; custom_padding_last_edited=&#8221;off|desktop&#8221; disabled_on=&#8221;off|off|off&#8221; _builder_version=&#8221;4.9.0&#8243; background_color=&#8221;#FFFFFF&#8221; min_height=&#8221;132px&#8221; custom_margin=&#8221;0px||0px||true|false&#8221; custom_margin_last_edited=&#8221;off|desktop&#8221; custom_padding=&#8221;105px||105px||true|false&#8221; global_module=&#8221;2226&#8243; saved_tabs=&#8221;all&#8221;][et_pb_row _builder_version=&#8221;4.9.0&#8243; _module_preset=&#8221;default&#8221;][et_pb_column type=&#8221;4_4&#8243; _builder_version=&#8221;4.9.0&#8243; _module_preset=&#8221;default&#8221;][et_pb_image src=&#8221;https:\/\/zsswitnica.pl\/zss\/wp-content\/uploads\/2025\/03\/KOMPETENCJE_PRZYSZLOSCI-1.jpg&#8221; title_text=&#8221;KOMPETENCJE_PRZYSZ\u0141O\u015aCI&#8221; _builder_version=&#8221;4.9.0&#8243; _module_preset=&#8221;default&#8221;][\/et_pb_image][\/et_pb_column][\/et_pb_row][et_pb_row _builder_version=&#8221;4.9.0&#8243; _module_preset=&#8221;default&#8221;][et_pb_column type=&#8221;4_4&#8243; _builder_version=&#8221;4.9.0&#8243; _module_preset=&#8221;default&#8221;][et_pb_text _builder_version=&#8221;4.9.0&#8243; _module_preset=&#8221;default&#8221; custom_padding=&#8221;12px|||||&#8221;]<\/p>\n<h1 style=\"text-align: center;\"><strong>Przysz\u0142o\u015b\u0107 rynku pracy 2030: Jakie kompetencje b\u0119d\u0105 najcenniejsze?<\/strong><\/h1>\n<p>&nbsp;<\/p>\n<p>[\/et_pb_text][et_pb_image src=&#8221;https:\/\/zsswitnica.pl\/zss\/wp-content\/uploads\/2025\/03\/Slajd3.jpg&#8221; _builder_version=&#8221;4.9.0&#8243; _module_preset=&#8221;default&#8221; title_text=&#8221;Slajd3&#8243; hover_enabled=&#8221;0&#8243; sticky_enabled=&#8221;0&#8243;][\/et_pb_image][\/et_pb_column][\/et_pb_row][et_pb_row _builder_version=&#8221;4.9.0&#8243; _module_preset=&#8221;default&#8221;][et_pb_column type=&#8221;4_4&#8243; _builder_version=&#8221;4.9.0&#8243; _module_preset=&#8221;default&#8221;][et_pb_text _builder_version=&#8221;4.9.0&#8243; _module_preset=&#8221;default&#8221; width=&#8221;100%&#8221; custom_margin=&#8221;|||6px||&#8221; custom_padding=&#8221;0px|0px|0px|||&#8221;]<\/p>\n<p style=\"text-align: justify;\">Z raport\u00f3w, takich jak \u201eFuture of Jobs Report\u201d opracowywanego przez \u015awiatowe Forum Ekonomiczne (WEF), wynika, \u017ce kompetencje cyfrowe stan\u0105 si\u0119 fundamentem dla wielu os\u00f3b poszukuj\u0105cych pracy. W miar\u0119 jak cyfryzacja b\u0119dzie przenika\u0107 ka\u017cd\u0105 dziedzin\u0119 \u017cycia, zar\u00f3wno w bran\u017cy finansowej, zdrowotnej, edukacyjnej, jak i produkcyjnej, pracownicy\/czki b\u0119d\u0105 musieli\/a\u0142y <strong>sprawnie porusza\u0107 si\u0119 w \u015bro<span style=\"font-size: 14px;\">dowisku cyfrowym.<\/span><\/strong><\/p>\n<p>[\/et_pb_text][\/et_pb_column][\/et_pb_row][et_pb_row _builder_version=&#8221;4.9.0&#8243; _module_preset=&#8221;default&#8221;][et_pb_column type=&#8221;4_4&#8243; _builder_version=&#8221;4.9.0&#8243; _module_preset=&#8221;default&#8221;][et_pb_image src=&#8221;https:\/\/zsswitnica.pl\/zss\/wp-content\/uploads\/2025\/03\/Slajd4.jpg&#8221; title_text=&#8221;Slajd4&#8243; _builder_version=&#8221;4.9.0&#8243; _module_preset=&#8221;default&#8221;][\/et_pb_image][\/et_pb_column][\/et_pb_row][et_pb_row _builder_version=&#8221;4.9.0&#8243; _module_preset=&#8221;default&#8221;][et_pb_column type=&#8221;4_4&#8243; _builder_version=&#8221;4.9.0&#8243; _module_preset=&#8221;default&#8221;][et_pb_text _builder_version=&#8221;4.9.0&#8243; _module_preset=&#8221;default&#8221;]<\/p>\n<p style=\"text-align: justify;\">Wraz z rozwojem technologii cyfrowych ro\u015bnie r\u00f3wnie\u017c liczba zagro\u017ce\u0144 zwi\u0105zanych z cyberbezpiecze\u0144stwem. Wed\u0142ug prognoz firmy Gartner w najbli\u017cszym czasie wi\u0119kszo\u015b\u0107 du\u017cych organizacji wdro\u017cy zaawansowane systemy ochrony danych i b\u0119d\u0105 potrzebowa\u0107 specjalist\u00f3w\/ek zajmuj\u0105cych si\u0119 bezpiecze\u0144stwem informatycznym. Wiedza z zakresu ochrony prywatno\u015bci, znajomo\u015b\u0107 przepis\u00f3w dotycz\u0105cych danych osobowych (np. RODO), a tak\u017ce <strong>umiej\u0119tno\u015bci reagowania na cyberataki<\/strong> b\u0119d\u0105 niezb\u0119dne.<\/p>\n<p>[\/et_pb_text][\/et_pb_column][\/et_pb_row][et_pb_row _builder_version=&#8221;4.9.0&#8243; _module_preset=&#8221;default&#8221;][et_pb_column type=&#8221;4_4&#8243; _builder_version=&#8221;4.9.0&#8243; _module_preset=&#8221;default&#8221;][et_pb_image src=&#8221;https:\/\/zsswitnica.pl\/zss\/wp-content\/uploads\/2025\/03\/Slajd5.jpg&#8221; title_text=&#8221;Slajd5&#8243; _builder_version=&#8221;4.9.0&#8243; _module_preset=&#8221;default&#8221;][\/et_pb_image][et_pb_text _builder_version=&#8221;4.9.0&#8243; _module_preset=&#8221;default&#8221; custom_padding=&#8221;5px||0px|||&#8221; hover_enabled=&#8221;0&#8243; sticky_enabled=&#8221;0&#8243;]<\/p>\n<p style=\"text-align: justify;\"><strong>Znajomo\u015b\u0107 podstaw sztucznej inteligencji<\/strong>, uczenia maszynowego oraz sieci neuronowych <strong>b\u0119dzie coraz bardziej po\u017c\u0105dana<\/strong>. W przysz\u0142o\u015bci praca w wielu bran\u017cach, takich jak medycyna, in\u017cynieria czy logistyka, b\u0119dzie wymaga\u0142a umiej\u0119tno\u015bci wykorzystywania AI do analiz, symulacji oraz automatyzacji proces\u00f3w. Studenci\/tki, kt\u00f3rzy\/e zdecyduj\u0105 si\u0119 na zg\u0142\u0119bianie wiedzy w tej dziedzinie, zyskaj\u0105 znaczn\u0105 przewag\u0119 na rynku pracy.<\/p>\n<p>[\/et_pb_text][\/et_pb_column][\/et_pb_row][et_pb_row _builder_version=&#8221;4.9.0&#8243; _module_preset=&#8221;default&#8221;][et_pb_column type=&#8221;4_4&#8243; _builder_version=&#8221;4.9.0&#8243; _module_preset=&#8221;default&#8221;][et_pb_image src=&#8221;https:\/\/zsswitnica.pl\/zss\/wp-content\/uploads\/2025\/03\/Slajd6.jpg&#8221; title_text=&#8221;Slajd6&#8243; _builder_version=&#8221;4.9.0&#8243; _module_preset=&#8221;default&#8221;][\/et_pb_image][et_pb_text _builder_version=&#8221;4.9.0&#8243; _module_preset=&#8221;default&#8221; hover_enabled=&#8221;0&#8243; sticky_enabled=&#8221;0&#8243;]<\/p>\n<p style=\"text-align: justify;\">Automatyzacja i post\u0119p technologiczny wymuszaj\u0105 na pracownikach\/czkach sta\u0142e dostosowywanie si\u0119 do nowo\u015bci. <strong>Zdolno\u015b\u0107 szybkiego uczenia si\u0119 nowych narz\u0119dzi i technologii oraz elastyczno\u015b\u0107 b\u0119d\u0105 kluczowe dla os\u00f3b, kt\u00f3re chc\u0105 utrzyma\u0107 si\u0119 na konkurencyjnym rynku pracy<\/strong>. Wed\u0142ug bada\u0144 przeprowadzonych przez LinkedIn, pracownicy\/czki otwarci\/te na rozw\u00f3j i gotowi\/e do nabywania nowych umiej\u0119tno\u015bci cyfrowych b\u0119d\u0105 znacznie bardziej po\u017c\u0105dani\/e przez pracodawc\u00f3w.<\/p>\n<p>[\/et_pb_text][\/et_pb_column][\/et_pb_row][et_pb_row _builder_version=&#8221;4.9.0&#8243; _module_preset=&#8221;default&#8221;][et_pb_column type=&#8221;4_4&#8243; _builder_version=&#8221;4.9.0&#8243; _module_preset=&#8221;default&#8221;][et_pb_image src=&#8221;https:\/\/zsswitnica.pl\/zss\/wp-content\/uploads\/2025\/03\/Slajd7.jpg&#8221; title_text=&#8221;Slajd7&#8243; _builder_version=&#8221;4.9.0&#8243; _module_preset=&#8221;default&#8221;][\/et_pb_image][\/et_pb_column][\/et_pb_row][et_pb_row _builder_version=&#8221;4.9.0&#8243; _module_preset=&#8221;default&#8221; min_height=&#8221;101.4px&#8221;][et_pb_column type=&#8221;4_4&#8243; _builder_version=&#8221;4.9.0&#8243; _module_preset=&#8221;default&#8221;][et_pb_text _builder_version=&#8221;4.9.0&#8243; _module_preset=&#8221;default&#8221;]<\/p>\n<p style=\"text-align: justify;\"><strong>Kreatywne podej\u015bcie do problem\u00f3w i zdolno\u015b\u0107 do generowania innowacyjnych rozwi\u0105za\u0144<\/strong> to umiej\u0119tno\u015bci, kt\u00f3rych maszyny jeszcze d\u0142ugo nie b\u0119d\u0105 mog\u0142y w pe\u0142ni na\u015bladowa\u0107. Osoby, kt\u00f3re potrafi\u0105 my\u015ble\u0107 nieszablonowo, b\u0119d\u0105 kluczowe dla firm chc\u0105cych pozosta\u0107 konkurencyjnymi. Wed\u0142ug prognoz \u015awiatowego Forum Ekonomicznego <strong>kreatywno\u015b\u0107 znajdzie si\u0119 w czo\u0142\u00f3wce najbardziej poszukiwanych kompetencji do 2030 roku<\/strong>.<\/p>\n<p>[\/et_pb_text][\/et_pb_column][\/et_pb_row][et_pb_row _builder_version=&#8221;4.9.0&#8243; _module_preset=&#8221;default&#8221;][et_pb_column type=&#8221;4_4&#8243; _builder_version=&#8221;4.9.0&#8243; _module_preset=&#8221;default&#8221;][et_pb_image src=&#8221;https:\/\/zsswitnica.pl\/zss\/wp-content\/uploads\/2025\/03\/Slajd8.jpg&#8221; title_text=&#8221;Slajd8&#8243; _builder_version=&#8221;4.9.0&#8243; _module_preset=&#8221;default&#8221;][\/et_pb_image][\/et_pb_column][\/et_pb_row][et_pb_row _builder_version=&#8221;4.9.0&#8243; _module_preset=&#8221;default&#8221;][et_pb_column type=&#8221;4_4&#8243; _builder_version=&#8221;4.9.0&#8243; _module_preset=&#8221;default&#8221;][et_pb_text _builder_version=&#8221;4.9.0&#8243; _module_preset=&#8221;default&#8221; custom_padding=&#8221;0px|||||&#8221;]<\/p>\n<p style=\"text-align: justify;\">Wraz z automatyzacj\u0105 prostych zada\u0144 coraz wi\u0119ksz\u0105 rol\u0119 b\u0119dzie odgrywa\u0107 praca wymagaj\u0105ca bezpo\u015bredniego kontaktu z klientem oraz empatii.<strong> Inteligencja emocjonalna \u2013 zdolno\u015b\u0107 rozpoznawania i reagowania na emocje innych \u2013 b\u0119dzie nieoceniona<\/strong>, zw\u0142aszcza w zawodach zwi\u0105zanych z obs\u0142ug\u0105 klienta, opiek\u0105 zdrowotn\u0105 czy zarz\u0105dzaniem zespo\u0142em. Umiej\u0119tno\u015bci te pomagaj\u0105 budowa\u0107 relacje oraz motywowa\u0107 i zarz\u0105dza\u0107 lud\u017ami.<\/p>\n<p>[\/et_pb_text][\/et_pb_column][\/et_pb_row][et_pb_row _builder_version=&#8221;4.9.0&#8243; _module_preset=&#8221;default&#8221;][et_pb_column type=&#8221;4_4&#8243; _builder_version=&#8221;4.9.0&#8243; _module_preset=&#8221;default&#8221;][et_pb_image src=&#8221;https:\/\/zsswitnica.pl\/zss\/wp-content\/uploads\/2025\/03\/Slajd9.jpg&#8221; title_text=&#8221;Slajd9&#8243; _builder_version=&#8221;4.9.0&#8243; _module_preset=&#8221;default&#8221;][\/et_pb_image][\/et_pb_column][\/et_pb_row][et_pb_row _builder_version=&#8221;4.9.0&#8243; _module_preset=&#8221;default&#8221;][et_pb_column type=&#8221;4_4&#8243; _builder_version=&#8221;4.9.0&#8243; _module_preset=&#8221;default&#8221;][et_pb_text _builder_version=&#8221;4.9.0&#8243; _module_preset=&#8221;default&#8221; custom_padding=&#8221;||1px|||&#8221;]<\/p>\n<p style=\"text-align: justify;\">Umiej\u0119tno\u015b\u0107 analizowania sytuacji, przewidywania skutk\u00f3w decyzji oraz rozwi\u0105zywania problem\u00f3w b\u0119dzie kluczowa. Krytyczne my\u015blenie, rozumienie konsekwencji swoich dzia\u0142a\u0144 oraz podejmowanie trafnych decyzji to kompetencje, kt\u00f3re trudno zast\u0105pi\u0107 automatyzacj\u0105. W przysz\u0142o\u015bci pracodawcy b\u0119d\u0105 oczekiwa\u0107 od pracownik\u00f3w\/czek <strong>umiej\u0119tno\u015bci samodzielnego podejmowania decyzji<\/strong> oraz<strong> radzenia sobie w sytuacjach kryzysowych<\/strong>.<\/p>\n<p>[\/et_pb_text][\/et_pb_column][\/et_pb_row][et_pb_row _builder_version=&#8221;4.9.0&#8243; _module_preset=&#8221;default&#8221;][et_pb_column type=&#8221;4_4&#8243; _builder_version=&#8221;4.9.0&#8243; _module_preset=&#8221;default&#8221;][et_pb_image src=&#8221;https:\/\/zsswitnica.pl\/zss\/wp-content\/uploads\/2025\/03\/Slajd10.jpg&#8221; title_text=&#8221;Slajd10&#8243; _builder_version=&#8221;4.9.0&#8243; _module_preset=&#8221;default&#8221;][\/et_pb_image][\/et_pb_column][\/et_pb_row][et_pb_row _builder_version=&#8221;4.9.0&#8243; _module_preset=&#8221;default&#8221;][et_pb_column type=&#8221;4_4&#8243; _builder_version=&#8221;4.9.0&#8243; _module_preset=&#8221;default&#8221;][et_pb_text _builder_version=&#8221;4.9.0&#8243; _module_preset=&#8221;default&#8221; min_height=&#8221;67.4px&#8221;]<\/p>\n<p style=\"text-align: justify;\">\u017byjemy w czasach, w kt\u00f3rych zmiany s\u0105 szybsze ni\u017c kiedykolwiek wcze\u015bniej, co oznacza, \u017ce wiedza zdobyta e szkole mo\u017ce szybko przesta\u0107 by\u0107 aktualna. Dlatego eksperci\/tki przewiduj\u0105, \u017ce jedn\u0105 z najwa\u017cniejszych umiej\u0119tno\u015bci przysz\u0142o\u015bci b\u0119dzie <strong>gotowo\u015b\u0107 do ci\u0105g\u0142ego uczenia si\u0119 i doskonalenia<\/strong>. Pracownicy\/czki gotowi\/e do rozwijania swoich kompetencji, nawet w zupe\u0142nie nowych dziedzinach, b\u0119d\u0105 szczeg\u00f3lnie cenieni\/one.<\/p>\n<p>[\/et_pb_text][\/et_pb_column][\/et_pb_row][et_pb_row _builder_version=&#8221;4.9.0&#8243; _module_preset=&#8221;default&#8221;][et_pb_column _builder_version=&#8221;4.9.0&#8243; _module_preset=&#8221;default&#8221; type=&#8221;4_4&#8243;][et_pb_image src=&#8221;https:\/\/zsswitnica.pl\/zss\/wp-content\/uploads\/2025\/03\/NAGLOWKI_DO_WWW.jpg&#8221; _builder_version=&#8221;4.9.0&#8243; _module_preset=&#8221;default&#8221; title_text=&#8221;NAG\u0141\u00d3WKI_DO_WWW&#8221; hover_enabled=&#8221;0&#8243; sticky_enabled=&#8221;0&#8243;][\/et_pb_image][\/et_pb_column][\/et_pb_row][et_pb_row _builder_version=&#8221;4.9.0&#8243; _module_preset=&#8221;default&#8221;][et_pb_column _builder_version=&#8221;4.9.0&#8243; _module_preset=&#8221;default&#8221; type=&#8221;4_4&#8243;][et_pb_image src=&#8221;https:\/\/zsswitnica.pl\/zss\/wp-content\/uploads\/2025\/03\/deficyt.jpg&#8221; _builder_version=&#8221;4.9.0&#8243; _module_preset=&#8221;default&#8221; title_text=&#8221;deficyt&#8221; hover_enabled=&#8221;0&#8243; sticky_enabled=&#8221;0&#8243;][\/et_pb_image][\/et_pb_column][\/et_pb_row][et_pb_row _builder_version=&#8221;4.9.0&#8243; _module_preset=&#8221;default&#8221;][et_pb_column _builder_version=&#8221;4.9.0&#8243; _module_preset=&#8221;default&#8221; type=&#8221;4_4&#8243;][et_pb_image src=&#8221;https:\/\/zsswitnica.pl\/zss\/wp-content\/uploads\/2025\/03\/informatycy.jpg&#8221; _builder_version=&#8221;4.9.0&#8243; _module_preset=&#8221;default&#8221; title_text=&#8221;informatycy&#8221; hover_enabled=&#8221;0&#8243; sticky_enabled=&#8221;0&#8243;][\/et_pb_image][\/et_pb_column][\/et_pb_row][et_pb_row _builder_version=&#8221;4.9.0&#8243; _module_preset=&#8221;default&#8221;][et_pb_column _builder_version=&#8221;4.9.0&#8243; _module_preset=&#8221;default&#8221; type=&#8221;4_4&#8243;][et_pb_image src=&#8221;https:\/\/zsswitnica.pl\/zss\/wp-content\/uploads\/2025\/03\/BS1.jpg&#8221; _builder_version=&#8221;4.9.0&#8243; _module_preset=&#8221;default&#8221; title_text=&#8221;BS1&#8243; hover_enabled=&#8221;0&#8243; sticky_enabled=&#8221;0&#8243;][\/et_pb_image][\/et_pb_column][\/et_pb_row][et_pb_row _builder_version=&#8221;4.9.0&#8243; _module_preset=&#8221;default&#8221;][et_pb_column _builder_version=&#8221;4.9.0&#8243; _module_preset=&#8221;default&#8221; type=&#8221;4_4&#8243;][et_pb_image src=&#8221;https:\/\/zsswitnica.pl\/zss\/wp-content\/uploads\/2025\/03\/BS2.jpg&#8221; _builder_version=&#8221;4.9.0&#8243; _module_preset=&#8221;default&#8221; title_text=&#8221;BS2&#8243; hover_enabled=&#8221;0&#8243; sticky_enabled=&#8221;0&#8243;][\/et_pb_image][\/et_pb_column][\/et_pb_row][\/et_pb_section]<\/p>\n","protected":false},"excerpt":{"rendered":"<p>[et_pb_section fb_built=&#8221;1&#8243; custom_padding_last_edited=&#8221;off|desktop&#8221; disabled_on=&#8221;off|off|off&#8221; _builder_version=&#8221;4.9.0&#8243; background_color=&#8221;#FFFFFF&#8221; min_height=&#8221;132px&#8221; custom_margin=&#8221;0px||0px||true|false&#8221; custom_margin_last_edited=&#8221;off|desktop&#8221; custom_padding=&#8221;105px||105px||true|false&#8221; global_module=&#8221;2226&#8243; saved_tabs=&#8221;all&#8221;][et_pb_row _builder_version=&#8221;4.9.0&#8243; _module_preset=&#8221;default&#8221;][et_pb_column type=&#8221;4_4&#8243; _builder_version=&#8221;4.9.0&#8243; _module_preset=&#8221;default&#8221;][et_pb_image src=&#8221;https:\/\/zsswitnica.pl\/zss\/wp-content\/uploads\/2025\/03\/KOMPETENCJE_PRZYSZLOSCI-1.jpg&#8221; title_text=&#8221;KOMPETENCJE_PRZYSZ\u0141O\u015aCI&#8221; _builder_version=&#8221;4.9.0&#8243; _module_preset=&#8221;default&#8221;][\/et_pb_image][\/et_pb_column][\/et_pb_row][et_pb_row _builder_version=&#8221;4.9.0&#8243; _module_preset=&#8221;default&#8221;][et_pb_column type=&#8221;4_4&#8243; _builder_version=&#8221;4.9.0&#8243; _module_preset=&#8221;default&#8221;][et_pb_text _builder_version=&#8221;4.9.0&#8243; _module_preset=&#8221;default&#8221; custom_padding=&#8221;12px|||||&#8221;] Przysz\u0142o\u015b\u0107 rynku pracy 2030: Jakie kompetencje b\u0119d\u0105 najcenniejsze? &nbsp; [\/et_pb_text][et_pb_image src=&#8221;https:\/\/zsswitnica.pl\/zss\/wp-content\/uploads\/2025\/03\/Slajd3.jpg&#8221; _builder_version=&#8221;4.9.0&#8243; _module_preset=&#8221;default&#8221; title_text=&#8221;Slajd3&#8243; hover_enabled=&#8221;0&#8243; sticky_enabled=&#8221;0&#8243;][\/et_pb_image][\/et_pb_column][\/et_pb_row][et_pb_row _builder_version=&#8221;4.9.0&#8243; _module_preset=&#8221;default&#8221;][et_pb_column type=&#8221;4_4&#8243; _builder_version=&#8221;4.9.0&#8243; _module_preset=&#8221;default&#8221;][et_pb_text _builder_version=&#8221;4.9.0&#8243; _module_preset=&#8221;default&#8221; width=&#8221;100%&#8221; custom_margin=&#8221;|||6px||&#8221; custom_padding=&#8221;0px|0px|0px|||&#8221;] [&hellip;]<\/p>\n","protected":false},"author":5,"featured_media":0,"parent":0,"menu_order":0,"comment_status":"closed","ping_status":"closed","template":"","meta":{"_et_pb_use_builder":"on","_et_pb_old_content":"","_et_gb_content_width":""},"_links":{"self":[{"href":"https:\/\/zsswitnica.pl\/zss\/wp-json\/wp\/v2\/pages\/3511"}],"collection":[{"href":"https:\/\/zsswitnica.pl\/zss\/wp-json\/wp\/v2\/pages"}],"about":[{"href":"https:\/\/zsswitnica.pl\/zss\/wp-json\/wp\/v2\/types\/page"}],"author":[{"embeddable":true,"href":"https:\/\/zsswitnica.pl\/zss\/wp-json\/wp\/v2\/users\/5"}],"replies":[{"embeddable":true,"href":"https:\/\/zsswitnica.pl\/zss\/wp-json\/wp\/v2\/comments?post=3511"}],"version-history":[{"count":30,"href":"https:\/\/zsswitnica.pl\/zss\/wp-json\/wp\/v2\/pages\/3511\/revisions"}],"predecessor-version":[{"id":3751,"href":"https:\/\/zsswitnica.pl\/zss\/wp-json\/wp\/v2\/pages\/3511\/revisions\/3751"}],"wp:attachment":[{"href":"https:\/\/zsswitnica.pl\/zss\/wp-json\/wp\/v2\/media?parent=3511"}],"curies":[{"name":"wp","href":"https:\/\/api.w.org\/{rel}","templated":true}]}}