{"id":3346,"date":"2025-03-02T08:21:26","date_gmt":"2025-03-02T07:21:26","guid":{"rendered":"https:\/\/zsswitnica.pl\/zss\/?page_id=3346"},"modified":"2025-03-30T18:01:15","modified_gmt":"2025-03-30T16:01:15","slug":"technikum-informatyczne","status":"publish","type":"page","link":"https:\/\/zsswitnica.pl\/zss\/technikum-informatyczne\/","title":{"rendered":"Technikum programista"},"content":{"rendered":"<p>[et_pb_section fb_built=&#8221;1&#8243; _builder_version=&#8221;4.9.0&#8243; _module_preset=&#8221;default&#8221; custom_margin=&#8221;-10px||-100px||false|false&#8221;][et_pb_row _builder_version=&#8221;4.9.0&#8243; _module_preset=&#8221;default&#8221; max_width=&#8221;1482px&#8221;][et_pb_column type=&#8221;4_4&#8243; _builder_version=&#8221;4.9.0&#8243; _module_preset=&#8221;default&#8221;][et_pb_text _builder_version=&#8221;4.9.0&#8243; _module_preset=&#8221;default&#8221; custom_padding=&#8221;0px|0px||||&#8221; hover_enabled=&#8221;0&#8243; sticky_enabled=&#8221;0&#8243;]<\/p>\n<h1 style=\"text-align: center;\"><strong>TECHNIKUM<\/strong><\/h1>\n<h1 style=\"text-align: center;\"><strong>kszta\u0142cenie w zawodzie:\u00a0<\/strong><strong style=\"font-size: 30px;\">TECHNIK PROGRAMISTA<\/strong><\/h1>\n<p style=\"text-align: center;\"><span style=\"font-size: x-large;\"><em><span style=\"color: #0c71c3;\"><strong>Specjalizacja: Prototypowanie 3D<\/strong><\/span><\/em><\/span><strong style=\"font-size: 30px;\"><\/strong><\/p>\n<p style=\"text-align: center;\"><span style=\"font-size: x-large; color: #e02b20;\"><em><strong>(nowy kierunek od roku szkolnego 2025\/26)<\/strong><\/em><\/span><\/p>\n<p>&nbsp;<\/p>\n<p>[\/et_pb_text][et_pb_text _builder_version=&#8221;4.9.0&#8243; _module_preset=&#8221;default&#8221; custom_margin=&#8221;-48px|||||&#8221; custom_padding=&#8221;0px|0px||||&#8221;]<\/p>\n<p style=\"text-align: justify;\"><strong>Technik programista<\/strong>\u00a0to \u015bwietny wyb\u00f3r dla tych, kt\u00f3rzy pasjonuj\u0105 si\u0119 nowymi technologiami, komputerami, aplikacjami internetowymi i mobilnymi, czyli ca\u0142\u0105 bran\u017c\u0105 IT. Programowanie to teraz klucz do sukcesu \u2013 to kod sprawia, \u017ce biznesy si\u0119 rozwijaj\u0105, maszyny dzia\u0142aj\u0105, roboty wykonuj\u0105 zadania, procesy s\u0105 automatyzowane, produkcja wchodzi na wy\u017cszy poziom, gry o\u017cywaj\u0105, a inteligentne domy dzia\u0142aj\u0105 jak w sci-fi. Programi\u015bci dos\u0142ownie tworz\u0105 \u015bwiat XXI wieku! Jako technik programista nie tylko \u0142atwo znajdziesz prac\u0119, ale te\u017c masz szans\u0119 na prac\u0119 zdaln\u0105, za\u0142o\u017cenie w\u0142asnej firmy. Do tego zawsze mo\u017cesz p\u00f3j\u015b\u0107 na studia, \u017ceby rozwija\u0107 si\u0119 jeszcze bardziej.<\/p>\n<p style=\"text-align: justify;\"><strong>Technik programista <\/strong>tworzy programy u\u017cytkowe i nadzoruje proces ich wdra\u017cania. J\u0119zyk, kt\u00f3rym pos\u0142uguje si\u0119 programista w procesie wytwarzania oprogramowania to zbi\u00f3r okre\u015blonych regu\u0142, pozwalaj\u0105cych na stworzenie gotowego programu. Obecnie jest to zaw\u00f3d ciesz\u0105cy si\u0119 najwi\u0119kszym zainteresowaniem w bran\u017cy IT z uwagi na dynamik\u0119 zar\u00f3wno ewolucji my\u015bli informatycznej jak i tempa rozwoju gospodarki. Programowanie to ciekawa pasja daj\u0105ca m. in. mo\u017cliwo\u015b\u0107 programowania, pisania gier 3D, aplikacji mobilnych, desktopowych i wykonywania wielu innowacyjnych, kreatywnych przedsi\u0119wzi\u0119\u0107. Absolwent mo\u017ce znale\u017a\u0107 zatrudnienie w przedsi\u0119biorstwach zajmuj\u0105cych si\u0119 hostingiem, projektowaniem UI, tworzeniem aplikacji mobilnych oraz modelowaniem i drukiem 3D.<\/p>\n<p><strong>CZ<span>AS KSZTA\u0141CENIA:<\/span><\/strong> 5 lat<\/p>\n<p><strong>PRZEDMIOTY ROZSZERZONE:<\/strong> informatyka<\/p>\n<p><strong>J\u0118ZYKI OBCE:<\/strong> j. angielski<\/p>\n<p><strong>\u00a0<\/strong><\/p>\n<p><strong>W zale\u017cno\u015bci od specjalizacji, programist\u00f3w mo\u017cna podzieli\u0107 na:<\/strong><\/p>\n<p><strong>PROGRAMIST\u00d3W APLIKACJI,<\/strong> kt\u00f3rzy zajmuj\u0105 si\u0119 tworzeniem aplikacji komputerowych realizuj\u0105cych okre\u015blone zadanie, np. wspomaganie zarz\u0105dzania przedsi\u0119biorstwem,<\/p>\n<p><span><strong>PROGRAMIST\u00d3W SYSTEM\u00d3W<\/strong>, kt\u00f3rzy rozwijaj\u0105 aplikacje oraz systemy nadzoruj\u0105ce prac\u0119 sprz\u0119tu\u00a0<\/span><span>komputerowego, np. systemy operacyjne, sterowniki czy systemy zarz\u0105dzania bazami danych<\/span><\/p>\n<p><span><strong>PROGRAMIST\u00d3W SPECJALIZUJ\u0104CYCH SI\u0118 W TWORZENIU APLIKACJI DZIA\u0141AJ\u0104CYCH W \u015aRODOWISKU WWW<\/strong>\u00a0 np.\u00a0<\/span><span>gry internetowe,<\/span><\/p>\n<p><span><strong>PROGRAMIST\u00d3W APLIKACJI MOBILNYCH<\/strong>, kt\u00f3rzy tworz\u0105 np. oprogramowanie u\u017cywane\u00a0w telefonach\u00a0<\/span><span>kom\u00f3rkowych.<\/span><\/p>\n<p>&nbsp;<\/p>\n<p><strong>W czasie trwania nauki uczniowie naucz\u0105 si\u0119:<\/strong><\/p>\n<ul>\n<li>podstaw informatyki,<\/li>\n<li>projektowania stron internetowych (HTML wraz z CSS),<\/li>\n<li>podstaw projektowania grafiki komputerowej,<\/li>\n<li>projektowania i administrowania bazami danych\u00a0 (j\u0119zyk SQL),<\/li>\n<li>programowania aplikacji internetowych\u00a0 (j\u0119zyk JavaScript i PHP),<\/li>\n<li>projektowania oprogramowania,<\/li>\n<li>programowania obiektowego,<\/li>\n<li>tworzenia aplikacji mobilnych i desktopowych,<\/li>\n<li data-original-font=\"15\"><span style=\"text-decoration: underline;\"><strong>prototypowania 3D (grafIka 3D), obs\u0142uga drukarki 3D &#8211; dodatkowo w ramach prowadzonej specjalizacji!.<\/strong><\/span><\/li>\n<\/ul>\n<p><strong>Liczba tygodni przeznaczonych na realizacj\u0119 praktyk zawodowych: 8 (280 godzin)<\/strong><\/p>\n<p><strong>Absolwent kszta\u0142c\u0105cy si\u0119 w zawodzie technik programista mo\u017ce znale\u017a\u0107 zatrudnienie m.in. w:<\/strong><\/p>\n<ul>\n<li>przedsi\u0119biorstwach zajmuj\u0105cych si\u0119 tworzeniem aplikacji mobilnych,<\/li>\n<li>przedsi\u0119biorstwach zajmuj\u0105cych si\u0119 projektowaniem UI,<\/li>\n<li>przedsi\u0119biorstwach zajmuj\u0105cych si\u0119 modelowaniem, projektowaniem i drukiem 3D,<\/li>\n<li>innych podmiotach stanowi\u0105cych potencjalne miejsce zatrudnienia absolwent\u00f3w szk\u00f3\u0142 prowadz\u0105cych kszta\u0142cenie w zawodzie.<\/li>\n<\/ul>\n<p><strong>Jakich przedmiot\u00f3w b\u0119dziesz si\u0119 uczy\u0107 w zawodzie technika programisty?<\/strong><\/p>\n<ul>\n<li>Bezpiecze\u0144stwo i higiena pracy<\/li>\n<li>Podstawy informatyki<\/li>\n<li>Projektowanie stron internetowych<\/li>\n<li>Projektowanie i administrowanie bazami danych<\/li>\n<li>Programowanie aplikacji internetowych<\/li>\n<li>J\u0119zyk obcy zawodowy<\/li>\n<li>Projektowanie, programowanie i testowanie aplikacji<\/li>\n<li>Projektowanie oprogramowania<\/li>\n<li>Programowanie obiektowe<\/li>\n<li>Programowanie aplikacji desktopowych<\/li>\n<li>Programowanie aplikacji mobilnych<\/li>\n<li>Programowanie aplikacji zaawansowanych webowych<\/li>\n<li>Testowanie i dokumentowanie aplikacji<\/li>\n<\/ul>\n<p><span><strong>Jakie zdobywasz kwalifikacje ?<\/strong><\/span><\/p>\n<p>W trakcie nauki ucze\u0144 zdobywa 2 kwalifikacje sk\u0142adaj\u0105ce si\u0119 na ten zaw\u00f3d:.<\/p>\n<p><strong>INF.03<\/strong>.Tworzenie i administrowanie stronami i aplikacjami internetowymi oraz bazami danych<\/p>\n<p><strong>INF.04.<\/strong>Projektowanie,programowanie i testowanie aplikacji<\/p>\n<p>Kszta\u0142cenie w ramach tych kwalifikacji zako\u0144czone jest egzaminem zawodowym. Pozytywna ocena z obu cz\u0119\u015bci egzaminu (pisemnej i praktycznej) umo\u017cliwia otrzymanie \u015bwiadectwa potwierdzaj\u0105cego ww. kwalifikacje. Po uko\u0144czeniu szko\u0142y i uzyskaniu wykszta\u0142cenia \u015bredniego\u00a0 otrzymasz te\u017c dyplom potwierdzaj\u0105cy kwalifikacje zawodowe i tytu\u0142 technika programisty.<\/p>\n<p>&nbsp;<\/p>\n<p><span><strong>Mo\u017cliwo\u015bci podnoszenia kwalifikacji w zawodzie.<\/strong><\/span><\/p>\n<p>Absolwent szko\u0142y prowadz\u0105cej kszta\u0142cenie w zawodzie technik programista po potwierdzeniu kwalifikacji\u00a0<strong>INF.03<\/strong>.Tworzenie i administrowanie stronami i aplikacjami internetowymi oraz bazami danych, mo\u017ce uzyska\u0107 dyplom zawodowy w zawodzie\u00a0<strong>technik informatyk<\/strong>\u00a0po potwierdzeniu kwalifikacji\u00a0<strong>INF.02<\/strong>. Administracja i eksploatacja system\u00f3w komputerowych, urz\u0105dze\u0144 peryferyjnych i lokalnych sieci komputerowych.<\/p>\n<p><strong>W ramach Lokalnej Akademii CISCO nasi uczniowie b\u0119d\u0105 mogli zdobywa\u0107 dodatkowe certyfikowane i uznawane na ca\u0142ym \u015bwiecieumiej\u0119tno\u015bci zawodowe.\u00a0<\/strong><\/p>\n<p><strong>W naszej szkole dzia\u0142a tak\u017ce Pracownia egzaminacyjna ECDL\/ICDL EDU a nasi uczniowie maj\u0105 mo\u017cliwo\u015b\u0107 zdobywania certyfikat\u00f3w honorowanych w 146 krajach na \u015bwiecie.<\/strong><\/p>\n<p>&nbsp;<\/p>\n<p><span><strong>Jakie umiej\u0119tno\u015bci, cechy psychologiczne lub uzdolnienia s\u0105 przydatne w zawodzie technika programisty?<\/strong><\/span><\/p>\n<ul>\n<li>zainteresowania elektronik\u0105 i technik\u0105 komputerow\u0105,<\/li>\n<li>dobra sprawno\u015b\u0107 manualna,<\/li>\n<li>spostrzegawczo\u015b\u0107,<\/li>\n<li>zdolno\u015b\u0107 przewidywania skutk\u00f3w decyzji,<\/li>\n<li>dok\u0142adno\u015b\u0107 i systematyczno\u015b\u0107,<\/li>\n<li>jasne i precyzyjne formu\u0142owanie my\u015bli,<\/li>\n<li>dobra koncentracja uwagi,<\/li>\n<li>ch\u0119\u0107 ci\u0105g\u0142ego rozwoju i samokszta\u0142cenia,<\/li>\n<li>podatno\u015b\u0107 na innowacje.<\/li>\n<\/ul>\n<p><span><strong>Jakie s\u0105 perspektywy pracy w zawodzie technika programisty?<\/strong><\/span><\/p>\n<p>Po uko\u0144czeniu edukacji technik programista mo\u017ce znale\u017a\u0107 prac\u0119 w: dzia\u0142ach informatycznych wielu firm, agencjach reklamowych, firmach z sektora IT, start-upach, firmach tworz\u0105cych oprogramowanie komputerowe, sklepach komputerowych, serwisach komputerowych, wydawnictwach, drukarniach, studiach graficznych i d\u017awi\u0119kowych, studiach telewizyjnych i filmowych. Mog\u0105 tak\u017ce prowadzi\u0107 w\u0142asn\u0105 dzia\u0142alno\u015b\u0107 i \u015bwiadczy\u0107 us\u0142ugi doradcze. Mo\u017cliwo\u015bci s\u0105 du\u017ce i na pewno wi\u0119ksze ni\u017c w innych zawodach.<\/p>\n<p>Absolwent szko\u0142y b\u0119dzie przygotowany do pracy w firmach zajmuj\u0105cych si\u0119 monta\u017cem, serwisem lub sprzeda\u017c\u0105 komputer\u00f3w, urz\u0105dze\u0144 peryferyjnych, sieci komputerowych, instalowaniem, uruchamianiem serwisowaniem oprogramowania u\u017cytkowego i system\u00f3w operacyjnych, administrowaniem lokalnej sieci komputerowej, programowaniem, biurach projektowych CAD\/3D, agencjach reklamowych.<\/p>\n<blockquote>\n<h1 class=\"new-blog-title\">Il<a href=\"https:\/\/edge1s.com\/pl\/blog\/ile-zarabia-programista\/\">e zarabia programista? Zarobki programist\u00f3w w 2024<\/a><\/h1>\n<\/blockquote>\n<p><strong>Serdecznie zapraszamy!<\/strong><\/p>\n<p>[\/et_pb_text][\/et_pb_column][\/et_pb_row][et_pb_row _builder_version=&#8221;4.9.0&#8243; _module_preset=&#8221;default&#8221; max_width=&#8221;1482px&#8221; module_alignment=&#8221;center&#8221;][et_pb_column type=&#8221;4_4&#8243; _builder_version=&#8221;4.9.0&#8243; _module_preset=&#8221;default&#8221;][et_pb_video src=&#8221;https:\/\/www.youtube.com\/watch?v=f8B6G1Pqydg&#038;t=54s&#8221; _builder_version=&#8221;4.9.0&#8243; _module_preset=&#8221;default&#8221; module_alignment=&#8221;center&#8221; custom_margin=&#8221;|0px|||false|false&#8221;][\/et_pb_video][\/et_pb_column][\/et_pb_row][et_pb_row _builder_version=&#8221;4.9.0&#8243; _module_preset=&#8221;default&#8221; max_width=&#8221;1482px&#8221;][et_pb_column type=&#8221;4_4&#8243; _builder_version=&#8221;4.9.0&#8243; _module_preset=&#8221;default&#8221;][et_pb_video src=&#8221;https:\/\/www.youtube.com\/watch?v=hBVTJX93r5M&#8221; _builder_version=&#8221;4.9.0&#8243; _module_preset=&#8221;default&#8221;][\/et_pb_video][\/et_pb_column][\/et_pb_row][\/et_pb_section]<\/p>\n","protected":false},"excerpt":{"rendered":"<p>[et_pb_section fb_built=&#8221;1&#8243; _builder_version=&#8221;4.9.0&#8243; _module_preset=&#8221;default&#8221; custom_margin=&#8221;-10px||-100px||false|false&#8221;][et_pb_row _builder_version=&#8221;4.9.0&#8243; _module_preset=&#8221;default&#8221; max_width=&#8221;1482px&#8221;][et_pb_column type=&#8221;4_4&#8243; _builder_version=&#8221;4.9.0&#8243; _module_preset=&#8221;default&#8221;][et_pb_text _builder_version=&#8221;4.9.0&#8243; _module_preset=&#8221;default&#8221; custom_padding=&#8221;0px|0px||||&#8221; hover_enabled=&#8221;0&#8243; sticky_enabled=&#8221;0&#8243;] TECHNIKUM kszta\u0142cenie w zawodzie:\u00a0TECHNIK PROGRAMISTA Specjalizacja: Prototypowanie 3D (nowy kierunek od roku szkolnego 2025\/26) &nbsp; [\/et_pb_text][et_pb_text _builder_version=&#8221;4.9.0&#8243; _module_preset=&#8221;default&#8221; custom_margin=&#8221;-48px|||||&#8221; custom_padding=&#8221;0px|0px||||&#8221;] Technik programista\u00a0to \u015bwietny wyb\u00f3r dla tych, kt\u00f3rzy pasjonuj\u0105 si\u0119 nowymi technologiami, komputerami, aplikacjami internetowymi i mobilnymi, czyli ca\u0142\u0105 bran\u017c\u0105 [&hellip;]<\/p>\n","protected":false},"author":5,"featured_media":0,"parent":0,"menu_order":0,"comment_status":"closed","ping_status":"closed","template":"","meta":{"_et_pb_use_builder":"on","_et_pb_old_content":"","_et_gb_content_width":""},"_links":{"self":[{"href":"https:\/\/zsswitnica.pl\/zss\/wp-json\/wp\/v2\/pages\/3346"}],"collection":[{"href":"https:\/\/zsswitnica.pl\/zss\/wp-json\/wp\/v2\/pages"}],"about":[{"href":"https:\/\/zsswitnica.pl\/zss\/wp-json\/wp\/v2\/types\/page"}],"author":[{"embeddable":true,"href":"https:\/\/zsswitnica.pl\/zss\/wp-json\/wp\/v2\/users\/5"}],"replies":[{"embeddable":true,"href":"https:\/\/zsswitnica.pl\/zss\/wp-json\/wp\/v2\/comments?post=3346"}],"version-history":[{"count":54,"href":"https:\/\/zsswitnica.pl\/zss\/wp-json\/wp\/v2\/pages\/3346\/revisions"}],"predecessor-version":[{"id":4086,"href":"https:\/\/zsswitnica.pl\/zss\/wp-json\/wp\/v2\/pages\/3346\/revisions\/4086"}],"wp:attachment":[{"href":"https:\/\/zsswitnica.pl\/zss\/wp-json\/wp\/v2\/media?parent=3346"}],"curies":[{"name":"wp","href":"https:\/\/api.w.org\/{rel}","templated":true}]}}