{"id":3064,"date":"2024-10-16T17:00:11","date_gmt":"2024-10-16T15:00:11","guid":{"rendered":"https:\/\/zsswitnica.pl\/zss\/?page_id=3064"},"modified":"2026-02-03T15:50:55","modified_gmt":"2026-02-03T14:50:55","slug":"kurs-elektryka","status":"publish","type":"page","link":"https:\/\/zsswitnica.pl\/zss\/kurs-elektryka\/","title":{"rendered":"Kurs elektryka"},"content":{"rendered":"<p>[et_pb_section fb_built=&#8221;1&#8243; _builder_version=&#8221;4.9.0&#8243; _module_preset=&#8221;default&#8221;][et_pb_row _builder_version=&#8221;4.9.0&#8243; _module_preset=&#8221;default&#8221;][et_pb_column type=&#8221;4_4&#8243; _builder_version=&#8221;4.9.0&#8243; _module_preset=&#8221;default&#8221;][et_pb_image src=&#8221;https:\/\/zsswitnica.pl\/zss\/wp-content\/uploads\/2024\/10\/pasek.jpg&#8221; title_text=&#8221;pasek&#8221; _builder_version=&#8221;4.9.0&#8243; _module_preset=&#8221;default&#8221;][\/et_pb_image][\/et_pb_column][\/et_pb_row][et_pb_row _builder_version=&#8221;4.9.0&#8243; _module_preset=&#8221;default&#8221;][et_pb_column type=&#8221;4_4&#8243; _builder_version=&#8221;4.9.0&#8243; _module_preset=&#8221;default&#8221;][et_pb_text _builder_version=&#8221;4.9.0&#8243; _module_preset=&#8221;default&#8221; hover_enabled=&#8221;0&#8243; sticky_enabled=&#8221;0&#8243;]<\/p>\n<ul>\n<li style=\"list-style-type: none;\">\n<ul>\n<li>Kurs przeznaczony jest dla pe\u0142noletnich uczni\u00f3w zajmuj\u0105cych si\u0119 obs\u0142ug\u0105, serwisem, monta\u017cem oraz czynno\u015bciami pomiarowo-kontrolnymi instalacji, sieci i urz\u0105dze\u0144 elektrycznych (m.in.: elektryk, technik informatyk; zawody z bran\u017cy budowlanej).<\/li>\n<li>Ilo\u015b\u0107 os\u00f3b: 13 (2 grupy);<\/li>\n<li>Czas trwania kursu: max. 5 dni, 20 godzin.<\/li>\n<\/ul>\n<ul>\n<li>Celem kursu jest przygotowanie do egzaminu kwalifikacyjnego w zakresie eksploatacji urz\u0105dze\u0144, instalacji i sieci elektroenergetycznych wytwarzaj\u0105cych, przetwarzaj\u0105cych, przesy\u0142aj\u0105cych i\u00a0zu\u017cywaj\u0105cych energi\u0119 elektryczn\u0105 do 1 kV.<\/li>\n<li>Program kursu b\u0119dzie zgodny z Rozporz\u0105dzeniem Ministra Klimatu i \u015arodowiska, Dz. U. poz. 1392 z 01.07.2022 ze zm.);<\/li>\n<li>Organizacja kursu b\u0119dzie zlecona podmiotowi zewn\u0119trznemu i b\u0119dzie si\u0119 odbywa\u0107 w siedzibie organizatora kursu;<\/li>\n<li>Po zako\u0144czeniu kursu uczestnicy przyst\u0105pi\u0105 do egzaminu zewn\u0119trznego realizowanego przez certyfikowan\u0105 instytucj\u0119, po zdaniu kt\u00f3rego uzyskaj\u0105 \u015bwiadectwo kwalifikacyjne SEP.<\/li>\n<li>Aby przyst\u0105pi\u0107 do egzaminu uczestnik kursu ma obowi\u0105zek przed\u0142o\u017cy\u0107 za\u015bwiadczenie o przebiegu nauczania wydane przez Szko\u0142\u0119, potwierdzaj\u0105ce kszta\u0142cenie w zawodzie, kt\u00f3re obejmuje tre\u015bci nauczania zwi\u0105zane z eksploatacj\u0105 urz\u0105dze\u0144, instalacji i sieci.<\/li>\n<\/ul>\n<\/li>\n<\/ul>\n<p>[\/et_pb_text][\/et_pb_column][\/et_pb_row][\/et_pb_section]<\/p>\n","protected":false},"excerpt":{"rendered":"<p>[et_pb_section fb_built=&#8221;1&#8243; _builder_version=&#8221;4.9.0&#8243; _module_preset=&#8221;default&#8221;][et_pb_row _builder_version=&#8221;4.9.0&#8243; _module_preset=&#8221;default&#8221;][et_pb_column type=&#8221;4_4&#8243; _builder_version=&#8221;4.9.0&#8243; _module_preset=&#8221;default&#8221;][et_pb_image src=&#8221;https:\/\/zsswitnica.pl\/zss\/wp-content\/uploads\/2024\/10\/pasek.jpg&#8221; title_text=&#8221;pasek&#8221; _builder_version=&#8221;4.9.0&#8243; _module_preset=&#8221;default&#8221;][\/et_pb_image][\/et_pb_column][\/et_pb_row][et_pb_row _builder_version=&#8221;4.9.0&#8243; _module_preset=&#8221;default&#8221;][et_pb_column type=&#8221;4_4&#8243; _builder_version=&#8221;4.9.0&#8243; _module_preset=&#8221;default&#8221;][et_pb_text _builder_version=&#8221;4.9.0&#8243; _module_preset=&#8221;default&#8221; hover_enabled=&#8221;0&#8243; sticky_enabled=&#8221;0&#8243;] Kurs przeznaczony jest dla pe\u0142noletnich uczni\u00f3w zajmuj\u0105cych si\u0119 obs\u0142ug\u0105, serwisem, monta\u017cem oraz czynno\u015bciami pomiarowo-kontrolnymi instalacji, sieci i urz\u0105dze\u0144 elektrycznych (m.in.: elektryk, technik informatyk; zawody z bran\u017cy budowlanej). Ilo\u015b\u0107 os\u00f3b: 13 (2 grupy); Czas [&hellip;]<\/p>\n","protected":false},"author":5,"featured_media":0,"parent":0,"menu_order":0,"comment_status":"closed","ping_status":"closed","template":"","meta":{"_et_pb_use_builder":"on","_et_pb_old_content":"<!-- wp:divi\/layout -->\n<div class=\\\\\\\\\\\\\\\"wp-block-divi-layout\\\\\\\\\\\\\\\">[et_pb_section fb_built=\\\\\\\\\\\\\\\"1\\\\\\\\\\\\\\\" _builder_version=\\\\\\\\\\\\\\\"4.9.0\\\\\\\\\\\\\\\" _module_preset=\\\\\\\\\\\\\\\"default\\\\\\\\\\\\\\\"][et_pb_row _builder_version=\\\\\\\\\\\\\\\"4.9.0\\\\\\\\\\\\\\\" _module_preset=\\\\\\\\\\\\\\\"default\\\\\\\\\\\\\\\"][et_pb_column _builder_version=\\\\\\\\\\\\\\\"4.9.0\\\\\\\\\\\\\\\" _module_preset=\\\\\\\\\\\\\\\"default\\\\\\\\\\\\\\\" type=\\\\\\\\\\\\\\\"4_4\\\\\\\\\\\\\\\"][et_pb_text _builder_version=\\\\\\\\\\\\\\\"4.9.0\\\\\\\\\\\\\\\" _module_preset=\\\\\\\\\\\\\\\"default\\\\\\\\\\\\\\\" hover_enabled=\\\\\\\\\\\\\\\"0\\\\\\\\\\\\\\\" sticky_enabled=\\\\\\\\\\\\\\\"0\\\\\\\\\\\\\\\" custom_padding=\\\\\\\\\\\\\\\"||0px|||\\\\\\\\\\\\\\\"]<p>Kurs przeznaczony jest dla uczni\u00f3w kszta\u0142c\u0105cych si\u0119 w zawodzie technik informatyk.<br \/>Ilo\u015b\u0107 os\u00f3b: 4<br \/>Czas trwania kursu: min. 16 h lekcyjnych<br \/>Forma: zdalna<br \/>Terminy: I-III.2025<br \/>Celem kursu jest zapoznanie uczni\u00f3w z r\u00f3\u017cnorodnymi algorytmami sztucznej inteligencji i ich<br \/>zastosowaniem w biznesie. Uczniowie dowiedz\u0105 si\u0119 jakie korzy\u015bci mo\u017ce przynie\u015b\u0107 wykorzystanie AI<br \/>w r\u00f3\u017cnych obszarach dzia\u0142alno\u015bci firmowej, od automatyzacji proces\u00f3w po analiz\u0119 danych i<br \/>personalizacj\u0119 do\u015bwiadcze\u0144 klient\u00f3w. Uczniowie b\u0119d\u0105 eksperymentowa\u0107 z konkretnymi<br \/>przyk\u0142adami implementacji algorytm\u00f3w AI, co pozwoli im zrozumie\u0107, jak efektywnie wykorzysta\u0107 t\u0119<br \/>technologi\u0119 w swojej firmie.<br \/>Program kursu obejmuje m.in. takie zagadnienia jak:<br \/>1. Wst\u0119p do sztucznej inteligencji;<br \/>2. Generowanie tre\u015bci przy u\u017cyciu AI;<br \/>3. Generowanie grafik za pomoc\u0105 narz\u0119dzi AI;<br \/>4. Zastosowanie sztucznej inteligencji w biznesie;<br \/>5. Etyka i sztuczna inteligencja;<br \/>6. Analiza danych z wykorzystaniem AI;<br \/>7. Wnioski i praktyczne wskaz\u00f3wki dotycz\u0105ce AI;<br \/>8. Automatyzacja proces\u00f3w biznesowych.<br \/>Uprawnienia\/certyfikaty: certyfikat w j\u0119zyku polskim<\/p>[\/et_pb_text][\/et_pb_column][\/et_pb_row][\/et_pb_section]<\/div>\n<!-- \/wp:divi\/layout -->","_et_gb_content_width":""},"_links":{"self":[{"href":"https:\/\/zsswitnica.pl\/zss\/wp-json\/wp\/v2\/pages\/3064"}],"collection":[{"href":"https:\/\/zsswitnica.pl\/zss\/wp-json\/wp\/v2\/pages"}],"about":[{"href":"https:\/\/zsswitnica.pl\/zss\/wp-json\/wp\/v2\/types\/page"}],"author":[{"embeddable":true,"href":"https:\/\/zsswitnica.pl\/zss\/wp-json\/wp\/v2\/users\/5"}],"replies":[{"embeddable":true,"href":"https:\/\/zsswitnica.pl\/zss\/wp-json\/wp\/v2\/comments?post=3064"}],"version-history":[{"count":3,"href":"https:\/\/zsswitnica.pl\/zss\/wp-json\/wp\/v2\/pages\/3064\/revisions"}],"predecessor-version":[{"id":4162,"href":"https:\/\/zsswitnica.pl\/zss\/wp-json\/wp\/v2\/pages\/3064\/revisions\/4162"}],"wp:attachment":[{"href":"https:\/\/zsswitnica.pl\/zss\/wp-json\/wp\/v2\/media?parent=3064"}],"curies":[{"name":"wp","href":"https:\/\/api.w.org\/{rel}","templated":true}]}}