{"id":3061,"date":"2024-10-16T16:58:35","date_gmt":"2024-10-16T14:58:35","guid":{"rendered":"https:\/\/zsswitnica.pl\/zss\/?page_id=3061"},"modified":"2024-10-16T16:59:47","modified_gmt":"2024-10-16T14:59:47","slug":"kurs-obslugi-kasy-fiskalnej","status":"publish","type":"page","link":"https:\/\/zsswitnica.pl\/zss\/kurs-obslugi-kasy-fiskalnej\/","title":{"rendered":"Kurs obs\u0142ugi kasy fiskalnej"},"content":{"rendered":"<p>[et_pb_section fb_built=&#8221;1&#8243; _builder_version=&#8221;4.9.0&#8243; _module_preset=&#8221;default&#8221;][et_pb_row _builder_version=&#8221;4.9.0&#8243; _module_preset=&#8221;default&#8221;][et_pb_column type=&#8221;4_4&#8243; _builder_version=&#8221;4.9.0&#8243; _module_preset=&#8221;default&#8221;][et_pb_image src=&#8221;https:\/\/zsswitnica.pl\/zss\/wp-content\/uploads\/2024\/10\/pasek.jpg&#8221; title_text=&#8221;pasek&#8221; _builder_version=&#8221;4.9.0&#8243; _module_preset=&#8221;default&#8221;][\/et_pb_image][et_pb_text _builder_version=&#8221;4.9.0&#8243; _module_preset=&#8221;default&#8221; custom_padding=&#8221;||0px|||&#8221; hover_enabled=&#8221;0&#8243; sticky_enabled=&#8221;0&#8243;]<\/p>\n<ul>\n<li>Kurs przeznaczony jest przede wszystkim dla uczni\u00f3w kszta\u0142c\u0105cych si\u0119 w obszarze administracyjno-us\u0142ugowym (m.in.: sprzedawca). W kursie udzia\u0142 mog\u0105 bra\u0107 tak\u017ce uczniowie kszta\u0142c\u0105cy si\u0119 w innych bran\u017cach.<\/li>\n<li>Ilo\u015b\u0107 os\u00f3b: 8 (2 grupy x 4 os.)<\/li>\n<li>Czas trwania kursu: max. 3 dni, 16 godzin.<\/li>\n<li>Terminy:<\/li>\n<\/ul>\n<p>Grupa 1: 4 os. (termin: IV-V.2026);<\/p>\n<p>Grupa 2: 4 os. (termin: IV-V.2027);<\/p>\n<ul>\n<li>Celem kursu jest nabycie wiedzy i umiej\u0119tno\u015bci z zakresu obs\u0142ugi kas fiskalnych.<\/li>\n<li>Program kursu obejmuje m.in. takie zagadnienia jak: 1. Przepisy Ministra Finans\u00f3w reguluj\u0105ce stosowanie kas rejestruj\u0105cych. 2. Rodzaje, budowa i zastosowanie kas fiskalnych. 3. Operacje kasjera i kierownika. 4. Paragon fiskalny. 5. Rodzaje raport\u00f3w kasowych. 6. Programowanie kasy fiskalnej. 7. Praktyczne \u0107wiczenia sprzeda\u017cy z zastosowaniem kasy fiskalnej.<\/li>\n<li>Organizacja kursu b\u0119dzie zlecona podmiotowi zewn\u0119trznemu i b\u0119dzie si\u0119 odbywa\u0107 w siedzibie organizatora kursu;<\/li>\n<li>Kurs zako\u0144czony walidacja potwierdzaj\u0105ca zdobycie umiej\u0119tno\u015bci zawodowych\/kompetencji i\u00a0wydanie za\u015bwiadczenia o uko\u0144czeniu kursu.<\/li>\n<\/ul>\n<p>&nbsp;<\/p>\n<p>[\/et_pb_text][\/et_pb_column][\/et_pb_row][\/et_pb_section]<\/p>\n","protected":false},"excerpt":{"rendered":"<p>[et_pb_section fb_built=&#8221;1&#8243; _builder_version=&#8221;4.9.0&#8243; _module_preset=&#8221;default&#8221;][et_pb_row _builder_version=&#8221;4.9.0&#8243; _module_preset=&#8221;default&#8221;][et_pb_column type=&#8221;4_4&#8243; _builder_version=&#8221;4.9.0&#8243; _module_preset=&#8221;default&#8221;][et_pb_image src=&#8221;https:\/\/zsswitnica.pl\/zss\/wp-content\/uploads\/2024\/10\/pasek.jpg&#8221; title_text=&#8221;pasek&#8221; _builder_version=&#8221;4.9.0&#8243; _module_preset=&#8221;default&#8221;][\/et_pb_image][et_pb_text _builder_version=&#8221;4.9.0&#8243; _module_preset=&#8221;default&#8221; custom_padding=&#8221;||0px|||&#8221; hover_enabled=&#8221;0&#8243; sticky_enabled=&#8221;0&#8243;] Kurs przeznaczony jest przede wszystkim dla uczni\u00f3w kszta\u0142c\u0105cych si\u0119 w obszarze administracyjno-us\u0142ugowym (m.in.: sprzedawca). W kursie udzia\u0142 mog\u0105 bra\u0107 tak\u017ce uczniowie kszta\u0142c\u0105cy si\u0119 w innych bran\u017cach. Ilo\u015b\u0107 os\u00f3b: 8 (2 grupy x 4 os.) Czas trwania kursu: [&hellip;]<\/p>\n","protected":false},"author":5,"featured_media":0,"parent":0,"menu_order":0,"comment_status":"closed","ping_status":"closed","template":"","meta":{"_et_pb_use_builder":"on","_et_pb_old_content":"<!-- wp:divi\/layout -->\n<div class=\\\"wp-block-divi-layout\\\">[et_pb_section fb_built=\\\"1\\\" _builder_version=\\\"4.9.0\\\" _module_preset=\\\"default\\\"][et_pb_row _builder_version=\\\"4.9.0\\\" _module_preset=\\\"default\\\"][et_pb_column _builder_version=\\\"4.9.0\\\" _module_preset=\\\"default\\\" type=\\\"4_4\\\"][et_pb_text _builder_version=\\\"4.9.0\\\" _module_preset=\\\"default\\\" hover_enabled=\\\"0\\\" sticky_enabled=\\\"0\\\" custom_padding=\\\"||0px|||\\\"]<p>Kurs przeznaczony jest dla uczni\u00f3w kszta\u0142c\u0105cych si\u0119 w zawodzie technik informatyk.<br \/>Ilo\u015b\u0107 os\u00f3b: 4<br \/>Czas trwania kursu: min. 16 h lekcyjnych<br \/>Forma: zdalna<br \/>Terminy: I-III.2025<br \/>Celem kursu jest zapoznanie uczni\u00f3w z r\u00f3\u017cnorodnymi algorytmami sztucznej inteligencji i ich<br \/>zastosowaniem w biznesie. Uczniowie dowiedz\u0105 si\u0119 jakie korzy\u015bci mo\u017ce przynie\u015b\u0107 wykorzystanie AI<br \/>w r\u00f3\u017cnych obszarach dzia\u0142alno\u015bci firmowej, od automatyzacji proces\u00f3w po analiz\u0119 danych i<br \/>personalizacj\u0119 do\u015bwiadcze\u0144 klient\u00f3w. Uczniowie b\u0119d\u0105 eksperymentowa\u0107 z konkretnymi<br \/>przyk\u0142adami implementacji algorytm\u00f3w AI, co pozwoli im zrozumie\u0107, jak efektywnie wykorzysta\u0107 t\u0119<br \/>technologi\u0119 w swojej firmie.<br \/>Program kursu obejmuje m.in. takie zagadnienia jak:<br \/>1. Wst\u0119p do sztucznej inteligencji;<br \/>2. Generowanie tre\u015bci przy u\u017cyciu AI;<br \/>3. Generowanie grafik za pomoc\u0105 narz\u0119dzi AI;<br \/>4. Zastosowanie sztucznej inteligencji w biznesie;<br \/>5. Etyka i sztuczna inteligencja;<br \/>6. Analiza danych z wykorzystaniem AI;<br \/>7. Wnioski i praktyczne wskaz\u00f3wki dotycz\u0105ce AI;<br \/>8. Automatyzacja proces\u00f3w biznesowych.<br \/>Uprawnienia\/certyfikaty: certyfikat w j\u0119zyku polskim<\/p>[\/et_pb_text][\/et_pb_column][\/et_pb_row][\/et_pb_section]<\/div>\n<!-- \/wp:divi\/layout -->","_et_gb_content_width":""},"_links":{"self":[{"href":"https:\/\/zsswitnica.pl\/zss\/wp-json\/wp\/v2\/pages\/3061"}],"collection":[{"href":"https:\/\/zsswitnica.pl\/zss\/wp-json\/wp\/v2\/pages"}],"about":[{"href":"https:\/\/zsswitnica.pl\/zss\/wp-json\/wp\/v2\/types\/page"}],"author":[{"embeddable":true,"href":"https:\/\/zsswitnica.pl\/zss\/wp-json\/wp\/v2\/users\/5"}],"replies":[{"embeddable":true,"href":"https:\/\/zsswitnica.pl\/zss\/wp-json\/wp\/v2\/comments?post=3061"}],"version-history":[{"count":2,"href":"https:\/\/zsswitnica.pl\/zss\/wp-json\/wp\/v2\/pages\/3061\/revisions"}],"predecessor-version":[{"id":3063,"href":"https:\/\/zsswitnica.pl\/zss\/wp-json\/wp\/v2\/pages\/3061\/revisions\/3063"}],"wp:attachment":[{"href":"https:\/\/zsswitnica.pl\/zss\/wp-json\/wp\/v2\/media?parent=3061"}],"curies":[{"name":"wp","href":"https:\/\/api.w.org\/{rel}","templated":true}]}}