{"id":3049,"date":"2024-10-16T16:48:17","date_gmt":"2024-10-16T14:48:17","guid":{"rendered":"https:\/\/zsswitnica.pl\/zss\/?page_id=3049"},"modified":"2026-02-03T15:51:12","modified_gmt":"2026-02-03T14:51:12","slug":"kurs-prawo-jazdy-kat-b","status":"publish","type":"page","link":"https:\/\/zsswitnica.pl\/zss\/kurs-prawo-jazdy-kat-b\/","title":{"rendered":"Kurs prawo jazdy kat. B"},"content":{"rendered":"<p>[et_pb_section fb_built=&#8221;1&#8243; _builder_version=&#8221;4.9.0&#8243; _module_preset=&#8221;default&#8221;][et_pb_row _builder_version=&#8221;4.9.0&#8243; _module_preset=&#8221;default&#8221;][et_pb_column type=&#8221;4_4&#8243; _builder_version=&#8221;4.9.0&#8243; _module_preset=&#8221;default&#8221;][et_pb_image src=&#8221;https:\/\/zsswitnica.pl\/zss\/wp-content\/uploads\/2024\/10\/pasek.jpg&#8221; title_text=&#8221;pasek&#8221; _builder_version=&#8221;4.9.0&#8243; _module_preset=&#8221;default&#8221;][\/et_pb_image][\/et_pb_column][\/et_pb_row][et_pb_row _builder_version=&#8221;4.9.0&#8243; _module_preset=&#8221;default&#8221;][et_pb_column type=&#8221;4_4&#8243; _builder_version=&#8221;4.9.0&#8243; _module_preset=&#8221;default&#8221;][et_pb_text _builder_version=&#8221;4.9.0&#8243; _module_preset=&#8221;default&#8221; hover_enabled=&#8221;0&#8243; sticky_enabled=&#8221;0&#8243;]<\/p>\n<ul>\n<li>Kurs przeznaczony jest dla pe\u0142noletnich uczni\u00f3w TE i BS, ale w szczeg\u00f3lno\u015bci uczni\u00f3w wyr\u00f3\u017cniaj\u0105cych si\u0119 aktywno\u015bci\u0105, frekwencj\u0105 lub osi\u0105gni\u0119ciami szkolnymi lub pochodz\u0105cy z\u00a0rodzin ze szczeg\u00f3lnie trudn\u0105 sytuacj\u0105 finansow\u0105 w rodzinie.<\/li>\n<li>Ilo\u015b\u0107 os\u00f3b: 36 (3 grupy x 12 os\u00f3b);<\/li>\n<li>Czas trwania kursu: 60 h (30 h teorii i 30 h praktyki);<\/li>\n<li>Celem kursu jest teoretyczne i praktyczne przygotowanie do uzyskania uprawnie\u0144 do kierowania: pojazdem samochodowym o dopuszczalnej masie ca\u0142kowitej nieprzekraczaj\u0105cej 3,5 t.<\/li>\n<li>Program \u00a0jest zgodny z Rozporz\u0105dzeniem\u00a0Ministra Infrastruktury z dn. 27 pa\u017adziernika 2005 roku.<\/li>\n<li>Organizacja kursu b\u0119dzie zlecona podmiotowi zewn\u0119trznemu i b\u0119dzie si\u0119 odbywa\u0107 w siedzibie organizatora kursu;<\/li>\n<li>Po zako\u0144czeniu kursu uczestnicy przyst\u0105pi\u0105 do egzaminu zewn\u0119trznego realizowanego przez certyfikowan\u0105 instytucj\u0119, po zdaniu kt\u00f3rego uzyskaj\u0105 prawo jazdy kat. B.<\/li>\n<\/ul>\n<p>[\/et_pb_text][\/et_pb_column][\/et_pb_row][\/et_pb_section]<\/p>\n","protected":false},"excerpt":{"rendered":"<p>[et_pb_section fb_built=&#8221;1&#8243; _builder_version=&#8221;4.9.0&#8243; _module_preset=&#8221;default&#8221;][et_pb_row _builder_version=&#8221;4.9.0&#8243; _module_preset=&#8221;default&#8221;][et_pb_column type=&#8221;4_4&#8243; _builder_version=&#8221;4.9.0&#8243; _module_preset=&#8221;default&#8221;][et_pb_image src=&#8221;https:\/\/zsswitnica.pl\/zss\/wp-content\/uploads\/2024\/10\/pasek.jpg&#8221; title_text=&#8221;pasek&#8221; _builder_version=&#8221;4.9.0&#8243; _module_preset=&#8221;default&#8221;][\/et_pb_image][\/et_pb_column][\/et_pb_row][et_pb_row _builder_version=&#8221;4.9.0&#8243; _module_preset=&#8221;default&#8221;][et_pb_column type=&#8221;4_4&#8243; _builder_version=&#8221;4.9.0&#8243; _module_preset=&#8221;default&#8221;][et_pb_text _builder_version=&#8221;4.9.0&#8243; _module_preset=&#8221;default&#8221; hover_enabled=&#8221;0&#8243; sticky_enabled=&#8221;0&#8243;] Kurs przeznaczony jest dla pe\u0142noletnich uczni\u00f3w TE i BS, ale w szczeg\u00f3lno\u015bci uczni\u00f3w wyr\u00f3\u017cniaj\u0105cych si\u0119 aktywno\u015bci\u0105, frekwencj\u0105 lub osi\u0105gni\u0119ciami szkolnymi lub pochodz\u0105cy z\u00a0rodzin ze szczeg\u00f3lnie trudn\u0105 sytuacj\u0105 finansow\u0105 w rodzinie. Ilo\u015b\u0107 os\u00f3b: 36 [&hellip;]<\/p>\n","protected":false},"author":5,"featured_media":0,"parent":0,"menu_order":0,"comment_status":"closed","ping_status":"closed","template":"","meta":{"_et_pb_use_builder":"on","_et_pb_old_content":"<!-- wp:divi\/layout -->\n<div class=\\\\\\\"wp-block-divi-layout\\\\\\\">[et_pb_section fb_built=\\\\\\\"1\\\\\\\" _builder_version=\\\\\\\"4.9.0\\\\\\\" _module_preset=\\\\\\\"default\\\\\\\"][et_pb_row _builder_version=\\\\\\\"4.9.0\\\\\\\" _module_preset=\\\\\\\"default\\\\\\\"][et_pb_column _builder_version=\\\\\\\"4.9.0\\\\\\\" _module_preset=\\\\\\\"default\\\\\\\" type=\\\\\\\"4_4\\\\\\\"][et_pb_text _builder_version=\\\\\\\"4.9.0\\\\\\\" _module_preset=\\\\\\\"default\\\\\\\" hover_enabled=\\\\\\\"0\\\\\\\" sticky_enabled=\\\\\\\"0\\\\\\\" custom_padding=\\\\\\\"||0px|||\\\\\\\"]<p>Kurs przeznaczony jest dla uczni\u00f3w kszta\u0142c\u0105cych si\u0119 w zawodzie technik informatyk.<br \/>Ilo\u015b\u0107 os\u00f3b: 4<br \/>Czas trwania kursu: min. 16 h lekcyjnych<br \/>Forma: zdalna<br \/>Terminy: I-III.2025<br \/>Celem kursu jest zapoznanie uczni\u00f3w z r\u00f3\u017cnorodnymi algorytmami sztucznej inteligencji i ich<br \/>zastosowaniem w biznesie. Uczniowie dowiedz\u0105 si\u0119 jakie korzy\u015bci mo\u017ce przynie\u015b\u0107 wykorzystanie AI<br \/>w r\u00f3\u017cnych obszarach dzia\u0142alno\u015bci firmowej, od automatyzacji proces\u00f3w po analiz\u0119 danych i<br \/>personalizacj\u0119 do\u015bwiadcze\u0144 klient\u00f3w. Uczniowie b\u0119d\u0105 eksperymentowa\u0107 z konkretnymi<br \/>przyk\u0142adami implementacji algorytm\u00f3w AI, co pozwoli im zrozumie\u0107, jak efektywnie wykorzysta\u0107 t\u0119<br \/>technologi\u0119 w swojej firmie.<br \/>Program kursu obejmuje m.in. takie zagadnienia jak:<br \/>1. Wst\u0119p do sztucznej inteligencji;<br \/>2. Generowanie tre\u015bci przy u\u017cyciu AI;<br \/>3. Generowanie grafik za pomoc\u0105 narz\u0119dzi AI;<br \/>4. Zastosowanie sztucznej inteligencji w biznesie;<br \/>5. Etyka i sztuczna inteligencja;<br \/>6. Analiza danych z wykorzystaniem AI;<br \/>7. Wnioski i praktyczne wskaz\u00f3wki dotycz\u0105ce AI;<br \/>8. Automatyzacja proces\u00f3w biznesowych.<br \/>Uprawnienia\/certyfikaty: certyfikat w j\u0119zyku polskim<\/p>[\/et_pb_text][\/et_pb_column][\/et_pb_row][\/et_pb_section]<\/div>\n<!-- \/wp:divi\/layout -->","_et_gb_content_width":""},"_links":{"self":[{"href":"https:\/\/zsswitnica.pl\/zss\/wp-json\/wp\/v2\/pages\/3049"}],"collection":[{"href":"https:\/\/zsswitnica.pl\/zss\/wp-json\/wp\/v2\/pages"}],"about":[{"href":"https:\/\/zsswitnica.pl\/zss\/wp-json\/wp\/v2\/types\/page"}],"author":[{"embeddable":true,"href":"https:\/\/zsswitnica.pl\/zss\/wp-json\/wp\/v2\/users\/5"}],"replies":[{"embeddable":true,"href":"https:\/\/zsswitnica.pl\/zss\/wp-json\/wp\/v2\/comments?post=3049"}],"version-history":[{"count":4,"href":"https:\/\/zsswitnica.pl\/zss\/wp-json\/wp\/v2\/pages\/3049\/revisions"}],"predecessor-version":[{"id":4163,"href":"https:\/\/zsswitnica.pl\/zss\/wp-json\/wp\/v2\/pages\/3049\/revisions\/4163"}],"wp:attachment":[{"href":"https:\/\/zsswitnica.pl\/zss\/wp-json\/wp\/v2\/media?parent=3049"}],"curies":[{"name":"wp","href":"https:\/\/api.w.org\/{rel}","templated":true}]}}