{"id":2987,"date":"2024-10-12T06:58:09","date_gmt":"2024-10-12T04:58:09","guid":{"rendered":"https:\/\/zsswitnica.pl\/zss\/?page_id=2987"},"modified":"2026-02-03T15:52:07","modified_gmt":"2026-02-03T14:52:07","slug":"kurs-programowanie-inteligentnych-aplikacji","status":"publish","type":"page","link":"https:\/\/zsswitnica.pl\/zss\/kurs-programowanie-inteligentnych-aplikacji\/","title":{"rendered":"Kurs Programowanie inteligentnych aplikacji"},"content":{"rendered":"<p>[et_pb_section fb_built=&#8221;1&#8243; _builder_version=&#8221;4.9.0&#8243; _module_preset=&#8221;default&#8221;][et_pb_row _builder_version=&#8221;4.9.0&#8243; _module_preset=&#8221;default&#8221;][et_pb_column type=&#8221;4_4&#8243; _builder_version=&#8221;4.9.0&#8243; _module_preset=&#8221;default&#8221;][et_pb_image src=&#8221;https:\/\/zsswitnica.pl\/zss\/wp-content\/uploads\/2024\/10\/pasek.jpg&#8221; title_text=&#8221;pasek&#8221; _builder_version=&#8221;4.9.0&#8243; _module_preset=&#8221;default&#8221;][\/et_pb_image][et_pb_text _builder_version=&#8221;4.9.0&#8243; _module_preset=&#8221;default&#8221;]<\/p>\n<p style=\"text-align: center;\"><em><strong>Musisz wiedzie\u0107, \u017ce:<\/strong><\/em><\/p>\n<p style=\"text-align: center;\"><em><strong>wg Raportu z badania spo\u0142eczno\u015bci IT 2023 [https:\/\/bulldogjob.pl] wynika, \u017ce obecnie najbardziej potrzebni na rynku pracy s\u0105 programi\u015bci zwi\u0105zani z obszarem AI, tym bardziej, \u017ce temat sztucznej inteligencji w ostatnim czasie cieszy si\u0119 bardzo du\u017c\u0105 popularno\u015bci\u0105 (i to nie tylko w bran\u017cy technologicznej). Tak\u017ce z bada\u0144 GUS wynika, \u017ce 47%. firm IT uwa\u017ca, \u017ce algorytmy sztucznej inteligencji zwi\u0119ksz\u0105 popyt na programist\u00f3w. W tym obszarze najbardziej po\u017c\u0105dane kompetencje to machine learning, Python oraz Data Scienie i AI. Obecno\u015b\u0107 narz\u0119dzi takich jak Chat GPT sprawi\u0142a, \u017ce sztuczna inteligencja po raz pierwszy zaistnia\u0142a w szerokiej \u015bwiadomo\u015bci, a coraz\u00a0<\/strong><\/em><em><strong>wi\u0119cej firm dostrzega jej potencja\u0142 w zwi\u0119kszaniu produktywno\u015bci, rozwi\u0105zywaniu problem\u00f3w i poprawy do\u015bwiadcze\u0144 klient\u00f3w. Konieczno\u015b\u0107 dostosowania si\u0119 do cyfrowej rzeczywisto\u015bci warunkuje zapotrzebowanie na przechowywanie, analiz\u0119 i przetwarzanie danych.<\/strong><\/em><\/p>\n<p>[\/et_pb_text][\/et_pb_column][\/et_pb_row][et_pb_row _builder_version=&#8221;4.9.0&#8243; _module_preset=&#8221;default&#8221;][et_pb_column _builder_version=&#8221;4.9.0&#8243; _module_preset=&#8221;default&#8221; type=&#8221;4_4&#8243;][et_pb_text _builder_version=&#8221;4.9.0&#8243; _module_preset=&#8221;default&#8221; hover_enabled=&#8221;0&#8243; sticky_enabled=&#8221;0&#8243; custom_padding=&#8221;||2px|||&#8221;]<\/p>\n<p>Kurs przeznaczony jest dla uczni\u00f3w kszta\u0142c\u0105cych si\u0119 w zawodzie technik informatyk.<br \/>\nIlo\u015b\u0107 os\u00f3b: min. 30 (3 grupy x min. 10 os\u00f3b)<br \/>\nCzas trwania kursu: 40 lekcyjnych<\/p>\n<p>Celem kursu jest nauka programowania w j\u0119zyku Python i tworzenie rozwi\u0105za\u0144 opartych o sztuczn\u0105\u00a0inteligencj\u0119.<br \/>\nUczestnicy kursu b\u0119d\u0105 programowa\u0107, tworzy\u0107 logik\u0119 program\u00f3w, jak r\u00f3wnie\u017c analizowa\u0107 du\u017ce ilo\u015bci\u00a0danych oraz programowa\u0107 sztuczn\u0105 inteligencj\u0119. W zwi\u0105zku z tym kurs zosta\u0142 rozszerzony o specjalistyczny modu\u0142 AI, kt\u00f3ry pozwoli uczestnikom zrozumie\u0107, jak dzia\u0142a AI, by jeszcze lepiej tworzy\u0107 r\u00f3\u017cnego rodzaju rozwi\u0105zania oparte o elementy sztucznej inteligencji.<br \/>\nProgram kursu obejmuje m.in. takie zagadnienia jak:<\/p>\n<p>Modu\u0142 1- Wprowadzenie do Pythona:<br \/>\n1. Instalacja i konfiguracja \u015brodowiska.<br \/>\n2. Podstawowa sk\u0142adnia i struktury danych.<br \/>\n3. Operatory i wyra\u017cenia.<br \/>\n4. P\u0119tle i warunki.<br \/>\n5. Funkcje i modu\u0142y.<br \/>\n6. Definiowanie funkcji.<br \/>\n7. Argumenty i warto\u015bci zwracane.<br \/>\n8. Modu\u0142y standardowe i tworzenie w\u0142asnych modu\u0142\u00f3w.<br \/>\n9. Obs\u0142uga wyj\u0105tk\u00f3w.<\/p>\n<p>Modu\u0142 2 &#8211; Zaawansowane zagadnienia Pythona:<br \/>\n1. Klasy i obiekty.<br \/>\n2. Dziedziczenie i polimorfizm.<br \/>\n3. Magiczne metody.<br \/>\n4. Praca z plikami i bazami danych.<br \/>\n5. Odczyt i zapis plik\u00f3w.<br \/>\n6. Podstawy SQL i u\u017cycie SQLite 7. ORM (Object-Relational Mapping) z SQLAlchemy.<\/p>\n<p>Modu\u0142 3 &#8211; Wprowadzenie do inteligentnych aplikacji.<br \/>\n1. Wprowadzenie do sztucznej inteligencji.<br \/>\n2. R\u00f3\u017cnica mi\u0119dzy uczeniem nadzorowanym i nienadzorowanym.<br \/>\n3. Popularne biblioteki: NumPy, pandas, scikit-learn.<br \/>\n4. Przetwarzanie danych.<br \/>\n5. Czyszczenie i przygotowanie danych.<br \/>\n6. Wprowadzenie do eksploracyjnej analizy danych (EDA).<br \/>\n7. Wizualizacja danych z u\u017cyciem matplotlib i seaborn.<\/p>\n<p>Modu\u0142 4 &#8211; Tworzenie inteligentnych aplikacji.<br \/>\n1. Uczenie maszynowe w praktyce.<br \/>\n2. Regresja liniowa i logistyczna.<br \/>\n3. Drzewa decyzyjne i lasy losowe.<br \/>\n4. Klasteryzacja (np. K-means).<br \/>\n5. G\u0142\u0119bokie uczenie.<br \/>\n6. Wprowadzenie do sieci neuronowych.<br \/>\n7. Podstawy TensorFlow i Keras<br \/>\n8. Tworzenie i trenowanie prostych modeli sieci neuronowych.<\/p>\n<p>Modu\u0142 5: Projekty ko\u0144cowe i praktyka<br \/>\n1. Projekt indywidualny\/grupowy.<br \/>\n2. Definiowanie projektu.<br \/>\n3. Implementacja i testowanie.<br \/>\n4. Prezentacja wynik\u00f3w.<br \/>\n5. Podsumowanie i dalsze kroki<br \/>\n6. Przegl\u0105d materia\u0142\u00f3w.<br \/>\n7. Dalsze zasoby do nauki.<br \/>\n8. Pytania i odpowiedzi<\/p>\n<p>Uprawnienia\/certyfikaty: ucze\u0144 otrzymuje za\u015bwiadczenie o uko\u0144czeniu szkolenia. Uczniom\u00a0bior\u0105cym udzia\u0142 w szkoleniu nale\u017cy zapewni\u0107: koszt przeprowadzenia kursu, materia\u0142y dla\u00a0uczestnik\u00f3w oraz koszty wydania za\u015bwiadczenia o uko\u0144czeniu szkolenia.<\/p>\n<p>[\/et_pb_text][\/et_pb_column][\/et_pb_row][\/et_pb_section]<\/p>\n","protected":false},"excerpt":{"rendered":"<p>[et_pb_section fb_built=&#8221;1&#8243; _builder_version=&#8221;4.9.0&#8243; _module_preset=&#8221;default&#8221;][et_pb_row _builder_version=&#8221;4.9.0&#8243; _module_preset=&#8221;default&#8221;][et_pb_column type=&#8221;4_4&#8243; _builder_version=&#8221;4.9.0&#8243; _module_preset=&#8221;default&#8221;][et_pb_image src=&#8221;https:\/\/zsswitnica.pl\/zss\/wp-content\/uploads\/2024\/10\/pasek.jpg&#8221; title_text=&#8221;pasek&#8221; _builder_version=&#8221;4.9.0&#8243; _module_preset=&#8221;default&#8221;][\/et_pb_image][et_pb_text _builder_version=&#8221;4.9.0&#8243; _module_preset=&#8221;default&#8221;] Musisz wiedzie\u0107, \u017ce: wg Raportu z badania spo\u0142eczno\u015bci IT 2023 [https:\/\/bulldogjob.pl] wynika, \u017ce obecnie najbardziej potrzebni na rynku pracy s\u0105 programi\u015bci zwi\u0105zani z obszarem AI, tym bardziej, \u017ce temat sztucznej inteligencji w ostatnim czasie cieszy si\u0119 bardzo du\u017c\u0105 popularno\u015bci\u0105 (i [&hellip;]<\/p>\n","protected":false},"author":5,"featured_media":0,"parent":0,"menu_order":0,"comment_status":"closed","ping_status":"closed","template":"","meta":{"_et_pb_use_builder":"on","_et_pb_old_content":"<!-- wp:divi\/layout -->\n<div class=\\\"wp-block-divi-layout\\\">[et_pb_section fb_built=\\\"1\\\" _builder_version=\\\"4.9.0\\\" _module_preset=\\\"default\\\"][et_pb_row _builder_version=\\\"4.9.0\\\" _module_preset=\\\"default\\\"][et_pb_column _builder_version=\\\"4.9.0\\\" _module_preset=\\\"default\\\" type=\\\"4_4\\\"][et_pb_text _builder_version=\\\"4.9.0\\\" _module_preset=\\\"default\\\" hover_enabled=\\\"0\\\" sticky_enabled=\\\"0\\\" custom_padding=\\\"||0px|||\\\"]<p>Kurs przeznaczony jest dla uczni\u00f3w kszta\u0142c\u0105cych si\u0119 w zawodzie technik informatyk.<br \/>Ilo\u015b\u0107 os\u00f3b: 4<br \/>Czas trwania kursu: min. 16 h lekcyjnych<br \/>Forma: zdalna<br \/>Terminy: I-III.2025<br \/>Celem kursu jest zapoznanie uczni\u00f3w z r\u00f3\u017cnorodnymi algorytmami sztucznej inteligencji i ich<br \/>zastosowaniem w biznesie. Uczniowie dowiedz\u0105 si\u0119 jakie korzy\u015bci mo\u017ce przynie\u015b\u0107 wykorzystanie AI<br \/>w r\u00f3\u017cnych obszarach dzia\u0142alno\u015bci firmowej, od automatyzacji proces\u00f3w po analiz\u0119 danych i<br \/>personalizacj\u0119 do\u015bwiadcze\u0144 klient\u00f3w. Uczniowie b\u0119d\u0105 eksperymentowa\u0107 z konkretnymi<br \/>przyk\u0142adami implementacji algorytm\u00f3w AI, co pozwoli im zrozumie\u0107, jak efektywnie wykorzysta\u0107 t\u0119<br \/>technologi\u0119 w swojej firmie.<br \/>Program kursu obejmuje m.in. takie zagadnienia jak:<br \/>1. Wst\u0119p do sztucznej inteligencji;<br \/>2. Generowanie tre\u015bci przy u\u017cyciu AI;<br \/>3. Generowanie grafik za pomoc\u0105 narz\u0119dzi AI;<br \/>4. Zastosowanie sztucznej inteligencji w biznesie;<br \/>5. Etyka i sztuczna inteligencja;<br \/>6. Analiza danych z wykorzystaniem AI;<br \/>7. Wnioski i praktyczne wskaz\u00f3wki dotycz\u0105ce AI;<br \/>8. Automatyzacja proces\u00f3w biznesowych.<br \/>Uprawnienia\/certyfikaty: certyfikat w j\u0119zyku polskim<\/p>[\/et_pb_text][\/et_pb_column][\/et_pb_row][\/et_pb_section]<\/div>\n<!-- \/wp:divi\/layout -->","_et_gb_content_width":""},"_links":{"self":[{"href":"https:\/\/zsswitnica.pl\/zss\/wp-json\/wp\/v2\/pages\/2987"}],"collection":[{"href":"https:\/\/zsswitnica.pl\/zss\/wp-json\/wp\/v2\/pages"}],"about":[{"href":"https:\/\/zsswitnica.pl\/zss\/wp-json\/wp\/v2\/types\/page"}],"author":[{"embeddable":true,"href":"https:\/\/zsswitnica.pl\/zss\/wp-json\/wp\/v2\/users\/5"}],"replies":[{"embeddable":true,"href":"https:\/\/zsswitnica.pl\/zss\/wp-json\/wp\/v2\/comments?post=2987"}],"version-history":[{"count":3,"href":"https:\/\/zsswitnica.pl\/zss\/wp-json\/wp\/v2\/pages\/2987\/revisions"}],"predecessor-version":[{"id":4165,"href":"https:\/\/zsswitnica.pl\/zss\/wp-json\/wp\/v2\/pages\/2987\/revisions\/4165"}],"wp:attachment":[{"href":"https:\/\/zsswitnica.pl\/zss\/wp-json\/wp\/v2\/media?parent=2987"}],"curies":[{"name":"wp","href":"https:\/\/api.w.org\/{rel}","templated":true}]}}