{"id":2962,"date":"2024-10-11T20:07:20","date_gmt":"2024-10-11T18:07:20","guid":{"rendered":"https:\/\/zsswitnica.pl\/zss\/?page_id=2962"},"modified":"2026-02-03T15:36:02","modified_gmt":"2026-02-03T14:36:02","slug":"kurs-ai-sztuczna-inteligencja-w-biznesie","status":"publish","type":"page","link":"https:\/\/zsswitnica.pl\/zss\/kurs-ai-sztuczna-inteligencja-w-biznesie\/","title":{"rendered":"Kurs Sztuczna inteligencja &#8211; praktyczna wiedza na temat algorytm\u00f3w AI"},"content":{"rendered":"<p>[et_pb_section fb_built=&#8221;1&#8243; _builder_version=&#8221;4.9.0&#8243; _module_preset=&#8221;default&#8221;][et_pb_row _builder_version=&#8221;4.9.0&#8243; _module_preset=&#8221;default&#8221;][et_pb_column type=&#8221;4_4&#8243; _builder_version=&#8221;4.9.0&#8243; _module_preset=&#8221;default&#8221;][et_pb_image src=&#8221;https:\/\/zsswitnica.pl\/zss\/wp-content\/uploads\/2024\/10\/pasek.jpg&#8221; title_text=&#8221;pasek&#8221; _builder_version=&#8221;4.9.0&#8243; _module_preset=&#8221;default&#8221;][\/et_pb_image][et_pb_text _builder_version=&#8221;4.9.0&#8243; _module_preset=&#8221;default&#8221;]<\/p>\n<p style=\"text-align: center;\"><em><strong>Musisz wiedzie\u0107, \u017ce:<\/strong><\/em><\/p>\n<p style=\"text-align: center;\"><em><strong>wg Raportu z badania spo\u0142eczno\u015bci IT 2023 [https:\/\/bulldogjob.pl] wynika, \u017ce obecnie najbardziej potrzebni na rynku pracy s\u0105 programi\u015bci zwi\u0105zani z obszarem AI, tym bardziej, \u017ce temat sztucznej inteligencji w ostatnim czasie cieszy si\u0119 bardzo du\u017c\u0105 popularno\u015bci\u0105 (i to nie tylko w bran\u017cy technologicznej). Tak\u017ce z bada\u0144 GUS wynika, \u017ce 47%. firm IT uwa\u017ca, \u017ce algorytmy sztucznej inteligencji zwi\u0119ksz\u0105 popyt na programist\u00f3w. W tym obszarze najbardziej po\u017c\u0105dane kompetencje to machine learning, Python oraz Data Scienie i AI. Obecno\u015b\u0107 narz\u0119dzi takich jak Chat GPT sprawi\u0142a, \u017ce sztuczna inteligencja po raz pierwszy zaistnia\u0142a w szerokiej \u015bwiadomo\u015bci, a coraz&nbsp;<\/strong><\/em><em><strong>wi\u0119cej firm dostrzega jej potencja\u0142 w zwi\u0119kszaniu produktywno\u015bci, rozwi\u0105zywaniu problem\u00f3w i poprawy do\u015bwiadcze\u0144 klient\u00f3w. Konieczno\u015b\u0107 dostosowania si\u0119 do cyfrowej rzeczywisto\u015bci warunkuje zapotrzebowanie na przechowywanie, analiz\u0119 i przetwarzanie danych.<\/strong><\/em><\/p>\n<p>[\/et_pb_text][et_pb_text _builder_version=&#8221;4.9.0&#8243; _module_preset=&#8221;default&#8221; custom_padding=&#8221;||0px|||&#8221;]<\/p>\n<p>Program kursu obejmuje m.in. takie zagadnienia jak:<br \/>\nMODU\u0141 1.<br \/>\n1. Wprowadzenie do sztucznej inteligencji.<br \/>\n2. Definicje, historia i zastosowania AI<br \/>\n3. Kluczowe poj\u0119cia: uczenie maszynowe, g\u0142\u0119bokie uczenie, sieci neuronowe.<br \/>\n4. Jak rozumie\u0107 AI w codziennej pracy.<br \/>\nMODU\u0141 2.<br \/>\n5. Efektywne wykorzystanie mo\u017cliwo\u015bci ChatGPT.<br \/>\n6. Ustawienie narz\u0119dzia<br \/>\n7. Jak pozyskiwa\u0107 i automatycznie analizowa\u0107 dane<br \/>\n8. Weryfikowa\u0107 poprawno\u015b\u0107 informacji<br \/>\n9. Budowa plan\u00f3w dzia\u0142a\u0144<br \/>\n10. Generowanie tre\u015bci<br \/>\n11. Pisanie artyku\u0142\u00f3w<br \/>\n12. Odpowiadanie na trudne wiadomo\u015bci<br \/>\n13. Personalizacja<br \/>\n14. Inne narz\u0119dzia i alternatywy do pracy z ChatGPT<br \/>\nMODU\u0141 3. Komunikacja z ChatemGPT<br \/>\n15. Nauka pisania polece\u0144.<br \/>\n16. Interakcja z ChatGPT \u2013 podstawowe komendy i zapytania.<br \/>\n17. Przyk\u0142adowe zastosowania w codziennej pracy.<br \/>\n18. Personalizacja i optymalizacja odpowiedzi.<br \/>\n19. Zastosowanie w generowaniu tre\u015bci i automatyzacji zada\u0144.<br \/>\n20. Tworzenie w\u0142asnych asystent\u00f3w do automatyzacji konkretnych zada\u0144.<br \/>\n21. Analityka przy wsparciu Chatu.<br \/>\n22. Praca z analiz\u0105 danych i plik\u00f3w.<br \/>\n23. Praca z excelem.<br \/>\n24. Analiza i tworzenie wykres\u00f3w.<br \/>\n8<br \/>\n25. Przyk\u0142ady wykorzystania ChatGPT w r\u00f3\u017cnych obszarach: marketing, sprzeda\u017c,<br \/>\nIT, rozw\u00f3j biznesu, obs\u0142uga klienta.<br \/>\nMODU\u0141 4. Przegl\u0105d warto\u015bciowych narz\u0119dzi do wykorzystania w codziennej pracy.<br \/>\n26. Generowanie obraz\u00f3w<br \/>\n27. Generowanie d\u017awi\u0119k\u00f3w<br \/>\n28. Praca z danymi<br \/>\n29. Wideo i audio<br \/>\n30. Gdzie jeszcze mo\u017cna zastosowa\u0107 AI?<\/p>\n<p>[\/et_pb_text][\/et_pb_column][\/et_pb_row][\/et_pb_section]<\/p>\n","protected":false},"excerpt":{"rendered":"<p>[et_pb_section fb_built=&#8221;1&#8243; _builder_version=&#8221;4.9.0&#8243; _module_preset=&#8221;default&#8221;][et_pb_row _builder_version=&#8221;4.9.0&#8243; _module_preset=&#8221;default&#8221;][et_pb_column type=&#8221;4_4&#8243; _builder_version=&#8221;4.9.0&#8243; _module_preset=&#8221;default&#8221;][et_pb_image src=&#8221;https:\/\/zsswitnica.pl\/zss\/wp-content\/uploads\/2024\/10\/pasek.jpg&#8221; title_text=&#8221;pasek&#8221; _builder_version=&#8221;4.9.0&#8243; _module_preset=&#8221;default&#8221;][\/et_pb_image][et_pb_text _builder_version=&#8221;4.9.0&#8243; _module_preset=&#8221;default&#8221;] Musisz wiedzie\u0107, \u017ce: wg Raportu z badania spo\u0142eczno\u015bci IT 2023 [https:\/\/bulldogjob.pl] wynika, \u017ce obecnie najbardziej potrzebni na rynku pracy s\u0105 programi\u015bci zwi\u0105zani z obszarem AI, tym bardziej, \u017ce temat sztucznej inteligencji w ostatnim czasie cieszy si\u0119 bardzo du\u017c\u0105 popularno\u015bci\u0105 (i [&hellip;]<\/p>\n","protected":false},"author":5,"featured_media":0,"parent":0,"menu_order":0,"comment_status":"closed","ping_status":"closed","template":"","meta":{"_et_pb_use_builder":"on","_et_pb_old_content":"<!-- wp:divi\/layout -->\n<div class=\"wp-block-divi-layout\">[et_pb_section fb_built=\"1\" _builder_version=\"4.9.0\" _module_preset=\"default\"][et_pb_row _builder_version=\"4.9.0\" _module_preset=\"default\"][et_pb_column _builder_version=\"4.9.0\" _module_preset=\"default\" type=\"4_4\"][et_pb_text _builder_version=\"4.9.0\" _module_preset=\"default\" hover_enabled=\"0\" sticky_enabled=\"0\" custom_padding=\"||0px|||\"]<p>Kurs przeznaczony jest dla uczni\u00f3w kszta\u0142c\u0105cych si\u0119 w zawodzie technik informatyk.<br \/>Ilo\u015b\u0107 os\u00f3b: 4<br \/>Czas trwania kursu: min. 16 h lekcyjnych<br \/>Forma: zdalna<br \/>Terminy: I-III.2025<br \/>Celem kursu jest zapoznanie uczni\u00f3w z r\u00f3\u017cnorodnymi algorytmami sztucznej inteligencji i ich<br \/>zastosowaniem w biznesie. Uczniowie dowiedz\u0105 si\u0119 jakie korzy\u015bci mo\u017ce przynie\u015b\u0107 wykorzystanie AI<br \/>w r\u00f3\u017cnych obszarach dzia\u0142alno\u015bci firmowej, od automatyzacji proces\u00f3w po analiz\u0119 danych i<br \/>personalizacj\u0119 do\u015bwiadcze\u0144 klient\u00f3w. Uczniowie b\u0119d\u0105 eksperymentowa\u0107 z konkretnymi<br \/>przyk\u0142adami implementacji algorytm\u00f3w AI, co pozwoli im zrozumie\u0107, jak efektywnie wykorzysta\u0107 t\u0119<br \/>technologi\u0119 w swojej firmie.<br \/>Program kursu obejmuje m.in. takie zagadnienia jak:<br \/>1. Wst\u0119p do sztucznej inteligencji;<br \/>2. Generowanie tre\u015bci przy u\u017cyciu AI;<br \/>3. Generowanie grafik za pomoc\u0105 narz\u0119dzi AI;<br \/>4. Zastosowanie sztucznej inteligencji w biznesie;<br \/>5. Etyka i sztuczna inteligencja;<br \/>6. Analiza danych z wykorzystaniem AI;<br \/>7. Wnioski i praktyczne wskaz\u00f3wki dotycz\u0105ce AI;<br \/>8. Automatyzacja proces\u00f3w biznesowych.<br \/>Uprawnienia\/certyfikaty: certyfikat w j\u0119zyku polskim<\/p>[\/et_pb_text][\/et_pb_column][\/et_pb_row][\/et_pb_section]<\/div>\n<!-- \/wp:divi\/layout -->","_et_gb_content_width":""},"_links":{"self":[{"href":"https:\/\/zsswitnica.pl\/zss\/wp-json\/wp\/v2\/pages\/2962"}],"collection":[{"href":"https:\/\/zsswitnica.pl\/zss\/wp-json\/wp\/v2\/pages"}],"about":[{"href":"https:\/\/zsswitnica.pl\/zss\/wp-json\/wp\/v2\/types\/page"}],"author":[{"embeddable":true,"href":"https:\/\/zsswitnica.pl\/zss\/wp-json\/wp\/v2\/users\/5"}],"replies":[{"embeddable":true,"href":"https:\/\/zsswitnica.pl\/zss\/wp-json\/wp\/v2\/comments?post=2962"}],"version-history":[{"count":11,"href":"https:\/\/zsswitnica.pl\/zss\/wp-json\/wp\/v2\/pages\/2962\/revisions"}],"predecessor-version":[{"id":4157,"href":"https:\/\/zsswitnica.pl\/zss\/wp-json\/wp\/v2\/pages\/2962\/revisions\/4157"}],"wp:attachment":[{"href":"https:\/\/zsswitnica.pl\/zss\/wp-json\/wp\/v2\/media?parent=2962"}],"curies":[{"name":"wp","href":"https:\/\/api.w.org\/{rel}","templated":true}]}}