{"id":2908,"date":"2024-10-11T12:28:29","date_gmt":"2024-10-11T10:28:29","guid":{"rendered":"https:\/\/zsswitnica.pl\/zss\/?page_id=2908"},"modified":"2024-10-16T19:41:23","modified_gmt":"2024-10-16T17:41:23","slug":"formy-wsparcia","status":"publish","type":"page","link":"https:\/\/zsswitnica.pl\/zss\/formy-wsparcia\/","title":{"rendered":"Formy wsparcia"},"content":{"rendered":"<p>[et_pb_section fb_built=&#8221;1&#8243; admin_label=&#8221;section&#8221; _builder_version=&#8221;3.22&#8243;][et_pb_row _builder_version=&#8221;4.9.0&#8243; _module_preset=&#8221;default&#8221; custom_margin=&#8221;|auto|-78px|auto||&#8221;][et_pb_column type=&#8221;4_4&#8243; _builder_version=&#8221;4.9.0&#8243; _module_preset=&#8221;default&#8221;][et_pb_image src=&#8221;https:\/\/zsswitnica.pl\/zss\/wp-content\/uploads\/2024\/10\/pasek.jpg&#8221; title_text=&#8221;pasek&#8221; _builder_version=&#8221;4.9.0&#8243; _module_preset=&#8221;default&#8221;][\/et_pb_image][\/et_pb_column][\/et_pb_row][\/et_pb_section][et_pb_section fb_built=&#8221;1&#8243; admin_label=&#8221;section&#8221; _builder_version=&#8221;3.22&#8243; min_height=&#8221;1888.3px&#8221; custom_padding=&#8221;46px|||||&#8221;][et_pb_row _builder_version=&#8221;4.9.0&#8243; _module_preset=&#8221;default&#8221; background_color=&#8221;#0C71C3&#8243;][et_pb_column type=&#8221;4_4&#8243; _builder_version=&#8221;4.9.0&#8243; _module_preset=&#8221;default&#8221;][et_pb_text _builder_version=&#8221;4.9.0&#8243; _module_preset=&#8221;default&#8221; custom_padding=&#8221;0px|||||&#8221;]<\/p>\n<p style=\"text-align: center;\"><span style=\"color: #ffffff;\"><strong>KURSY SPECJALISTYCZNE<\/strong><\/span><\/p>\n<p style=\"text-align: center;\"><span style=\"color: #ffffff;\"><strong>Zdob\u0105d\u017a nowe kwalifikacje!<\/strong><\/span><\/p>\n<p>[\/et_pb_text][\/et_pb_column][\/et_pb_row][et_pb_row column_structure=&#8221;1_3,1_3,1_3&#8243; _builder_version=&#8221;4.9.0&#8243; _module_preset=&#8221;default&#8221;][et_pb_column type=&#8221;1_3&#8243; _builder_version=&#8221;4.9.0&#8243; _module_preset=&#8221;default&#8221;][et_pb_image src=&#8221;https:\/\/zsswitnica.pl\/zss\/wp-content\/uploads\/2024\/10\/WOZKI_WIDLOWE.jpg&#8221; title_text=&#8221;WOZKI_WIDLOWE&#8221; url=&#8221;https:\/\/zsswitnica.pl\/zss\/kurs-obslugi-wozka-widlowego\/&#8221; _builder_version=&#8221;4.9.0&#8243; _module_preset=&#8221;default&#8221;][\/et_pb_image][\/et_pb_column][et_pb_column type=&#8221;1_3&#8243; _builder_version=&#8221;4.9.0&#8243; _module_preset=&#8221;default&#8221;][et_pb_image src=&#8221;https:\/\/zsswitnica.pl\/zss\/wp-content\/uploads\/2024\/10\/PRAWO-_JAZDY.jpg&#8221; title_text=&#8221;PRAWO _JAZDY&#8221; url=&#8221;https:\/\/zsswitnica.pl\/zss\/kurs-prawo-jazdy-kat-b\/&#8221; _builder_version=&#8221;4.9.0&#8243; _module_preset=&#8221;default&#8221;][\/et_pb_image][\/et_pb_column][et_pb_column type=&#8221;1_3&#8243; _builder_version=&#8221;4.9.0&#8243; _module_preset=&#8221;default&#8221;][et_pb_image src=&#8221;https:\/\/zsswitnica.pl\/zss\/wp-content\/uploads\/2024\/10\/SPAWANIE_MAG.jpg&#8221; title_text=&#8221;SPAWANIE_MAG&#8221; url=&#8221;https:\/\/zsswitnica.pl\/zss\/kurs-spawanie-metoda-mag\/&#8221; _builder_version=&#8221;4.9.0&#8243; _module_preset=&#8221;default&#8221;][\/et_pb_image][\/et_pb_column][\/et_pb_row][et_pb_row column_structure=&#8221;1_3,1_3,1_3&#8243; _builder_version=&#8221;4.9.0&#8243; _module_preset=&#8221;default&#8221;][et_pb_column type=&#8221;1_3&#8243; _builder_version=&#8221;4.9.0&#8243; _module_preset=&#8221;default&#8221;][et_pb_image src=&#8221;https:\/\/zsswitnica.pl\/zss\/wp-content\/uploads\/2024\/10\/AI.jpg&#8221; title_text=&#8221;AI&#8221; url=&#8221;https:\/\/zsswitnica.pl\/zss\/kurs-ai-sztuczna-inteligencja-w-biznesie\/&#8221; _builder_version=&#8221;4.9.0&#8243; _module_preset=&#8221;default&#8221;][\/et_pb_image][\/et_pb_column][et_pb_column type=&#8221;1_3&#8243; _builder_version=&#8221;4.9.0&#8243; _module_preset=&#8221;default&#8221;][et_pb_image src=&#8221;https:\/\/zsswitnica.pl\/zss\/wp-content\/uploads\/2024\/10\/BEZPIECZENSTWO_SYSTEMOW.jpg&#8221; title_text=&#8221;BEZPIECZE\u0143STWO_SYSTEM\u00d3W&#8221; url=&#8221;https:\/\/zsswitnica.pl\/zss\/kurs-bezpieczenstwo-systemow\/&#8221; _builder_version=&#8221;4.9.0&#8243; _module_preset=&#8221;default&#8221;][\/et_pb_image][\/et_pb_column][et_pb_column type=&#8221;1_3&#8243; _builder_version=&#8221;4.9.0&#8243; _module_preset=&#8221;default&#8221;][et_pb_image src=&#8221;https:\/\/zsswitnica.pl\/zss\/wp-content\/uploads\/2024\/10\/CCNA.jpg&#8221; title_text=&#8221;CCNA&#8221; url=&#8221;https:\/\/zsswitnica.pl\/zss\/kurs-cisco-ccna\/&#8221; _builder_version=&#8221;4.9.0&#8243; _module_preset=&#8221;default&#8221;][\/et_pb_image][\/et_pb_column][\/et_pb_row][et_pb_row column_structure=&#8221;1_3,1_3,1_3&#8243; _builder_version=&#8221;4.9.0&#8243; _module_preset=&#8221;default&#8221;][et_pb_column type=&#8221;1_3&#8243; _builder_version=&#8221;4.9.0&#8243; _module_preset=&#8221;default&#8221;][et_pb_image src=&#8221;https:\/\/zsswitnica.pl\/zss\/wp-content\/uploads\/2024\/10\/ECDL.jpg&#8221; title_text=&#8221;ECDL&#8221; url=&#8221;https:\/\/zsswitnica.pl\/zss\/kurs-icdl-ecdl-profile-digcomp-arkusze-kalkulacyjne-b4\/&#8221; _builder_version=&#8221;4.9.0&#8243; _module_preset=&#8221;default&#8221;][\/et_pb_image][\/et_pb_column][et_pb_column type=&#8221;1_3&#8243; _builder_version=&#8221;4.9.0&#8243; _module_preset=&#8221;default&#8221;][et_pb_image src=&#8221;https:\/\/zsswitnica.pl\/zss\/wp-content\/uploads\/2024\/10\/KASA_FISKLANA.jpg&#8221; title_text=&#8221;KASA_FISKLANA&#8221; url=&#8221;https:\/\/zsswitnica.pl\/zss\/kurs-obslugi-kasy-fiskalnej\/&#8221; _builder_version=&#8221;4.9.0&#8243; _module_preset=&#8221;default&#8221;][\/et_pb_image][\/et_pb_column][et_pb_column type=&#8221;1_3&#8243; _builder_version=&#8221;4.9.0&#8243; _module_preset=&#8221;default&#8221;][et_pb_image src=&#8221;https:\/\/zsswitnica.pl\/zss\/wp-content\/uploads\/2024\/10\/ELEKTRYK.jpg&#8221; title_text=&#8221;ELEKTRYK&#8221; url=&#8221;https:\/\/zsswitnica.pl\/zss\/kurs-elektryka\/&#8221; _builder_version=&#8221;4.9.0&#8243; _module_preset=&#8221;default&#8221;][\/et_pb_image][\/et_pb_column][\/et_pb_row][et_pb_row column_structure=&#8221;1_3,1_3,1_3&#8243; _builder_version=&#8221;4.9.0&#8243; _module_preset=&#8221;default&#8221;][et_pb_column type=&#8221;1_3&#8243; _builder_version=&#8221;4.9.0&#8243; _module_preset=&#8221;default&#8221;][et_pb_image src=&#8221;https:\/\/zsswitnica.pl\/zss\/wp-content\/uploads\/2024\/10\/PROGRAMOWANIE_APLIKACJI.jpg&#8221; title_text=&#8221;PROGRAMOWANIE_APLIKACJI&#8221; url=&#8221;https:\/\/zsswitnica.pl\/zss\/kurs-programowanie-inteligentnych-aplikacji\/&#8221; _builder_version=&#8221;4.9.0&#8243; _module_preset=&#8221;default&#8221;][\/et_pb_image][\/et_pb_column][et_pb_column type=&#8221;1_3&#8243; _builder_version=&#8221;4.9.0&#8243; _module_preset=&#8221;default&#8221;][\/et_pb_column][et_pb_column type=&#8221;1_3&#8243; _builder_version=&#8221;4.9.0&#8243; _module_preset=&#8221;default&#8221;][\/et_pb_column][\/et_pb_row][et_pb_row _builder_version=&#8221;4.9.0&#8243; _module_preset=&#8221;default&#8221; background_color=&#8221;#0C71C3&#8243;][et_pb_column type=&#8221;4_4&#8243; _builder_version=&#8221;4.9.0&#8243; _module_preset=&#8221;default&#8221;][et_pb_text _builder_version=&#8221;4.9.0&#8243; _module_preset=&#8221;default&#8221;]<\/p>\n<p style=\"text-align: center;\"><span style=\"color: #ffffff;\"><strong>WIZYTY STUDYJNE<\/strong><\/span><\/p>\n<p>[\/et_pb_text][\/et_pb_column][\/et_pb_row][et_pb_row _builder_version=&#8221;4.9.0&#8243; _module_preset=&#8221;default&#8221;][et_pb_column type=&#8221;4_4&#8243; _builder_version=&#8221;4.9.0&#8243; _module_preset=&#8221;default&#8221;][et_pb_text _builder_version=&#8221;4.9.0&#8243; _module_preset=&#8221;default&#8221;]<\/p>\n<p style=\"text-align: center;\"><strong>Wizyta studyjna ma na celu praktyczn\u0105 prezentacj\u0119 zakresu dzia\u0142alno\u015bci danej firmy, jej struktury organizacyjnej oraz proces\u00f3w technologicznych w niej zachodz\u0105cych.<\/strong><\/p>\n<p style=\"text-align: center;\"><strong>Celem wizyty b\u0119dzie zwi\u0119kszenie Twoich kompetencji zawodowych.<\/strong><\/p>\n<p style=\"text-align: center;\"><strong>Podczas wizyty studyjnej uczniowie TL b\u0119d\u0105 mieli mo\u017cliwo\u015b\u0107 w spos\u00f3b praktyczny usystematyzowa\u0107 wiedz\u0119 z zakresu kwalifikacji\u00a0\u00a0<\/strong><strong style=\"font-size: 14px;\">SPL.04 &#8211; Obs\u0142uga transportu oraz kwalifikacji\u00a0<\/strong><strong style=\"font-size: 14px;\">lub SPL.01 &#8211; Obs\u0142uga magazynu.<\/strong><\/p>\n<p>&nbsp;<\/p>\n<p>Przed wyjazdem na wizyty studyjne Organizator wizyt studyjnych przeprowadzi z uczniami 2-h<\/p>\n<p>zaj\u0119cia wprowadzaj\u0105ce ucznia w tematyk\u0119 danej wizyty studyjnej.<\/p>\n<p>Wykorzysta do tego zasoby dost\u0119pne na Zintegrowanej Platformie Edukacyjnej.<\/p>\n<p><strong>\u00a0<\/strong><\/p>\n<p style=\"text-align: center;\"><strong>WIEDZA I PRZYGODA\u00a0<\/strong><strong style=\"font-size: 14px;\">CZEKAJ\u0104 NA CIEBIE!<\/strong><\/p>\n<p>[\/et_pb_text][\/et_pb_column][\/et_pb_row][et_pb_row column_structure=&#8221;1_2,1_2&#8243; _builder_version=&#8221;4.9.0&#8243; _module_preset=&#8221;default&#8221;][et_pb_column type=&#8221;1_2&#8243; _builder_version=&#8221;4.9.0&#8243; _module_preset=&#8221;default&#8221;][et_pb_image src=&#8221;https:\/\/zsswitnica.pl\/zss\/wp-content\/uploads\/2024\/10\/1-1-scaled.jpg&#8221; title_text=&#8221;1&#8243; _builder_version=&#8221;4.9.0&#8243; _module_preset=&#8221;default&#8221;][\/et_pb_image][\/et_pb_column][et_pb_column type=&#8221;1_2&#8243; _builder_version=&#8221;4.9.0&#8243; _module_preset=&#8221;default&#8221;][et_pb_image src=&#8221;https:\/\/zsswitnica.pl\/zss\/wp-content\/uploads\/2024\/10\/2-scaled.jpg&#8221; title_text=&#8221;2&#8243; _builder_version=&#8221;4.9.0&#8243; _module_preset=&#8221;default&#8221;][\/et_pb_image][\/et_pb_column][\/et_pb_row][et_pb_row column_structure=&#8221;1_2,1_2&#8243; _builder_version=&#8221;4.9.0&#8243; _module_preset=&#8221;default&#8221;][et_pb_column type=&#8221;1_2&#8243; _builder_version=&#8221;4.9.0&#8243; _module_preset=&#8221;default&#8221;][et_pb_image src=&#8221;https:\/\/zsswitnica.pl\/zss\/wp-content\/uploads\/2024\/10\/4-scaled.jpg&#8221; title_text=&#8221;4&#8243; _builder_version=&#8221;4.9.0&#8243; _module_preset=&#8221;default&#8221;][\/et_pb_image][et_pb_image src=&#8221;https:\/\/zsswitnica.pl\/zss\/wp-content\/uploads\/2024\/10\/7.jpg&#8221; title_text=&#8221;7&#8243; _builder_version=&#8221;4.9.0&#8243; _module_preset=&#8221;default&#8221;][\/et_pb_image][\/et_pb_column][et_pb_column type=&#8221;1_2&#8243; _builder_version=&#8221;4.9.0&#8243; _module_preset=&#8221;default&#8221;][et_pb_image src=&#8221;https:\/\/zsswitnica.pl\/zss\/wp-content\/uploads\/2024\/10\/3-scaled.jpg&#8221; title_text=&#8221;3&#8243; _builder_version=&#8221;4.9.0&#8243; _module_preset=&#8221;default&#8221;][\/et_pb_image][et_pb_image src=&#8221;https:\/\/zsswitnica.pl\/zss\/wp-content\/uploads\/2024\/10\/6.jpg&#8221; title_text=&#8221;6&#8243; _builder_version=&#8221;4.9.0&#8243; _module_preset=&#8221;default&#8221;][\/et_pb_image][\/et_pb_column][\/et_pb_row][et_pb_row column_structure=&#8221;1_2,1_2&#8243; _builder_version=&#8221;4.9.0&#8243; _module_preset=&#8221;default&#8221;][et_pb_column type=&#8221;1_2&#8243; _builder_version=&#8221;4.9.0&#8243; _module_preset=&#8221;default&#8221;][et_pb_image src=&#8221;https:\/\/zsswitnica.pl\/zss\/wp-content\/uploads\/2024\/10\/5.jpg&#8221; title_text=&#8221;5&#8243; _builder_version=&#8221;4.9.0&#8243; _module_preset=&#8221;default&#8221;][\/et_pb_image][\/et_pb_column][et_pb_column type=&#8221;1_2&#8243; _builder_version=&#8221;4.9.0&#8243; _module_preset=&#8221;default&#8221;][\/et_pb_column][\/et_pb_row][et_pb_row _builder_version=&#8221;4.9.0&#8243; _module_preset=&#8221;default&#8221; background_color=&#8221;#0C71C3&#8243;][et_pb_column type=&#8221;4_4&#8243; _builder_version=&#8221;4.9.0&#8243; _module_preset=&#8221;default&#8221;][et_pb_text _builder_version=&#8221;4.9.0&#8243; _module_preset=&#8221;default&#8221;]<\/p>\n<p style=\"text-align: center;\"><span style=\"color: #ffffff;\"><strong>STA\u017bE UCZNIOWSKIE<\/strong><\/span><\/p>\n<p>[\/et_pb_text][\/et_pb_column][\/et_pb_row][et_pb_row _builder_version=&#8221;4.9.0&#8243; _module_preset=&#8221;default&#8221;][et_pb_column type=&#8221;4_4&#8243; _builder_version=&#8221;4.9.0&#8243; _module_preset=&#8221;default&#8221;][et_pb_text _builder_version=&#8221;4.9.0&#8243; _module_preset=&#8221;default&#8221;]<\/p>\n<p style=\"text-align: center;\"><strong><span style=\"color: #ffffff;\">WIZYTY STUDYJNE<\/span><\/strong><\/p>\n<p>[\/et_pb_text][et_pb_text _builder_version=&#8221;4.9.0&#8243; _module_preset=&#8221;default&#8221; hover_enabled=&#8221;0&#8243; sticky_enabled=&#8221;0&#8243;]<\/p>\n<ul>\n<li style=\"text-align: justify;\">Sta\u017c uczniowski przeznaczony jest dla uczni\u00f3w kszta\u0142c\u0105cych si\u0119 w Technikum w Szkole. Z rekrutacji na sta\u017ce wy\u0142\u0105czeni s\u0105 uczniowie ostatnich klas. Na sta\u017c pierwsze\u0144stwo b\u0119d\u0105 mieli uczniowie klas, dla kt\u00f3rych zaplanowano ostatni\u0105 w cyklu kszta\u0142cenia obowi\u0105zkow\u0105 praktyk\u0119 zawodow\u0105.<\/li>\n<li style=\"text-align: justify;\">Sta\u017c uczniowski \u2013 w rozumieniu ustawy z dnia 14 grudnia 2016 r. \u2013 Prawo o\u015bwiatowe b\u0119dzie realizowany z zachowaniem najwy\u017cszych standard\u00f3w jako\u015bci, na zasadach okre\u015blonych w tej ustawie, tak aby u\u0142atwia\u0142 uzyskanie do\u015bwiadczenia i nabywania umiej\u0119tno\u015bci praktycznych niezb\u0119dnych do wykonywania pracy w zawodzie, w kt\u00f3rym kszta\u0142c\u0105 si\u0119, uczniowie technikum i\u00a0uczniowie bran\u017cowej szko\u0142y I stopnia nieb\u0119d\u0105cy m\u0142odocianymi pracownikami poprzez odbycie sta\u017cu w rzeczywistych warunkach pracy, bez nawi\u0105zywania stosunku pracy.<\/li>\n<li>Celem sta\u017cy jest przygotowanie przysz\u0142ych pracownik\u00f3w pod wzgl\u0119dem praktycznym do wykonywania pracy w okre\u015blonym zawodzie, wynikaj\u0105cym z konkretnego zapotrzebowania pracodawc\u00f3w.<\/li>\n<li>Ilo\u015b\u0107 os\u00f3b: 157<\/li>\n<li>Czas trwania sta\u017cu uczniowskiego:<\/li>\n<li>w roku szkolnym 2024\/25: 140 godzin (37 os\u00f3b),<\/li>\n<li>w roku szkolnym 2025\/26: 140 godzin, (56 os\u00f3b),<\/li>\n<li>w roku szkolnym 2026\/27: 120 godzin (64 osoby).<\/li>\n<li>Terminy:<\/li>\n<\/ul>\n<p>XI.2024, VII-VIII.2024\u00a0<\/p>\n<p>XI.2025, VII-VIII.2025,<\/p>\n<p>XI.2026, VII-VIII.2026.<\/p>\n<ul>\n<li>Sta\u017c uczniowski jest obowi\u0105zkowo rozliczany z wykorzystaniem stawki jednostkowej opisanej w\u00a0\u201eWytycznych dotycz\u0105cych realizacji projekt\u00f3w z udzia\u0142em \u015brodk\u00f3w Europejskiego Funduszu Spo\u0142ecznego Plus w regionalnych programach na lata 2021-2027\u201d, monitorowany za pomoc\u0105 wska\u017anika dotycz\u0105cego sta\u017cy uczniowskich zdefiniowanego na Li\u015bcie Wska\u017anik\u00f3w Kluczowych na lata 2021-2027 dla EFS+, kt\u00f3rego warto\u015b\u0107 docelowa jest okre\u015blana we wniosku o dofinansowanie i\u00a0dla projektu wynosi 157 sta\u017cy uczniowskich. (20.700 h stawek jednostkowych).<\/li>\n<li>Stawka jednostkowa obejmuje wszystkie niezb\u0119dne koszty zwi\u0105zane z organizacj\u0105 i\u00a0prowadzeniem sta\u017cu uczniowskiego, tj. koszty: \u015bwiadczenia pieni\u0119\u017cnego (wraz z nale\u017cnymi pochodnymi &#8211; o ile s\u0105 wymagane zgodnie z przepisami krajowymi) dla ucznia odbywaj\u0105cego sta\u017c uczniowski (stypendium) w wysoko\u015bci 80% minimalnej stawki godzinowej za prac\u0119; zakup niezb\u0119dnych materia\u0142\u00f3w i narz\u0119dzi zu\u017cywalnych niezb\u0119dnych uczniowi do odbycia sta\u017cu uczniowskiego; szkolenia BHP przed rozpocz\u0119ciem sta\u017cu uczniowskiego; bada\u0144 lekarskich przed rozpocz\u0119ciem sta\u017cu uczniowskiego (o ile s\u0105 wymagane); e) wynagrodzenia opiekuna sta\u017cysty podczas odbywania sta\u017cu uczniowskiego; wy\u017cywienia podczas sta\u017cu uczniowskiego (o ile zasadne); nocleg\u00f3w i opieki nad sta\u017cystami w bursie itp. (o ile zasadne); dojazd\u00f3w do\/z miejsca odbywania sta\u017cu uczniowskiego; zakupu dzienniczk\u00f3w i innych materia\u0142\u00f3w niezb\u0119dnych do przeprowadzenia sta\u017cu uczniowskiego; ubezpieczenia od nast\u0119pstw nieszcz\u0119\u015bliwych wypadk\u00f3w uczestnik\u00f3w sta\u017cu.<\/li>\n<li>Po zrealizowanym sta\u017cu ucze\u0144 otrzyma za\u015bwiadczenie (na podst. Art. 121a ust. 4 ustawy z dnia 14 grudnia 2016 r. &#8211; Prawo o\u015bwiatowe).<\/li>\n<li>Sta\u017ce uczniowskie b\u0119d\u0105 realizowane na podstawie tr\u00f3jstronnej umowy o realizacj\u0119 sta\u017cu (zgodnie z art. 121a Ustawy Prawo o\u015bwiatowe, zawartej pomi\u0119dzy Podmiotem przyjmuj\u0105cym na sta\u017c, sta\u017cyst\u0105 i podmiotem realizuj\u0105cym Projekt (Gmin\u0105 Witnica).<\/li>\n<li>Zasady organizacji, finasowania oraz przebiegu sta\u017cy uczniowskich definiuje \u201eRegulamin organizacji sta\u017cy uczniowskich realizowanych w ramach projektu Specjalista dla rynku pracy \u2013 efektywny system formalnego kszta\u0142cenia zawodowego\u201d.<\/li>\n<\/ul>\n<p>[\/et_pb_text][et_pb_text _builder_version=&#8221;4.9.0&#8243; _module_preset=&#8221;default&#8221;]<\/p>\n<p style=\"text-align: center;\"><strong><span style=\"color: #ffffff;\">WIZYTY STUDYJNE<\/span><\/strong><\/p>\n<p>[\/et_pb_text][\/et_pb_column][\/et_pb_row][\/et_pb_section]<\/p>\n","protected":false},"excerpt":{"rendered":"<p>[et_pb_section fb_built=&#8221;1&#8243; admin_label=&#8221;section&#8221; _builder_version=&#8221;3.22&#8243;][et_pb_row _builder_version=&#8221;4.9.0&#8243; _module_preset=&#8221;default&#8221; custom_margin=&#8221;|auto|-78px|auto||&#8221;][et_pb_column type=&#8221;4_4&#8243; _builder_version=&#8221;4.9.0&#8243; _module_preset=&#8221;default&#8221;][et_pb_image src=&#8221;https:\/\/zsswitnica.pl\/zss\/wp-content\/uploads\/2024\/10\/pasek.jpg&#8221; title_text=&#8221;pasek&#8221; _builder_version=&#8221;4.9.0&#8243; _module_preset=&#8221;default&#8221;][\/et_pb_image][\/et_pb_column][\/et_pb_row][\/et_pb_section][et_pb_section fb_built=&#8221;1&#8243; admin_label=&#8221;section&#8221; _builder_version=&#8221;3.22&#8243; min_height=&#8221;1888.3px&#8221; custom_padding=&#8221;46px|||||&#8221;][et_pb_row _builder_version=&#8221;4.9.0&#8243; _module_preset=&#8221;default&#8221; background_color=&#8221;#0C71C3&#8243;][et_pb_column type=&#8221;4_4&#8243; _builder_version=&#8221;4.9.0&#8243; _module_preset=&#8221;default&#8221;][et_pb_text _builder_version=&#8221;4.9.0&#8243; _module_preset=&#8221;default&#8221; custom_padding=&#8221;0px|||||&#8221;] KURSY SPECJALISTYCZNE Zdob\u0105d\u017a nowe kwalifikacje! [\/et_pb_text][\/et_pb_column][\/et_pb_row][et_pb_row column_structure=&#8221;1_3,1_3,1_3&#8243; _builder_version=&#8221;4.9.0&#8243; _module_preset=&#8221;default&#8221;][et_pb_column type=&#8221;1_3&#8243; _builder_version=&#8221;4.9.0&#8243; _module_preset=&#8221;default&#8221;][et_pb_image src=&#8221;https:\/\/zsswitnica.pl\/zss\/wp-content\/uploads\/2024\/10\/WOZKI_WIDLOWE.jpg&#8221; title_text=&#8221;WOZKI_WIDLOWE&#8221; url=&#8221;https:\/\/zsswitnica.pl\/zss\/kurs-obslugi-wozka-widlowego\/&#8221; _builder_version=&#8221;4.9.0&#8243; _module_preset=&#8221;default&#8221;][\/et_pb_image][\/et_pb_column][et_pb_column type=&#8221;1_3&#8243; _builder_version=&#8221;4.9.0&#8243; _module_preset=&#8221;default&#8221;][et_pb_image src=&#8221;https:\/\/zsswitnica.pl\/zss\/wp-content\/uploads\/2024\/10\/PRAWO-_JAZDY.jpg&#8221; title_text=&#8221;PRAWO _JAZDY&#8221; url=&#8221;https:\/\/zsswitnica.pl\/zss\/kurs-prawo-jazdy-kat-b\/&#8221; _builder_version=&#8221;4.9.0&#8243; _module_preset=&#8221;default&#8221;][\/et_pb_image][\/et_pb_column][et_pb_column type=&#8221;1_3&#8243; [&hellip;]<\/p>\n","protected":false},"author":5,"featured_media":0,"parent":0,"menu_order":0,"comment_status":"closed","ping_status":"closed","template":"","meta":{"_et_pb_use_builder":"on","_et_pb_old_content":"<!-- wp:divi\/layout -->\n<div class=\"wp-block-divi-layout\">[et_pb_section fb_built=\"1\" admin_label=\"section\" _builder_version=\"3.22\"][et_pb_row admin_label=\"row\" _builder_version=\"3.25\" background_size=\"initial\" background_position=\"top_left\" background_repeat=\"repeat\"][et_pb_column _builder_version=\"4.9.0\" _module_preset=\"default\" type=\"4_4\"][et_pb_text _builder_version=\"4.9.0\" _module_preset=\"default\" hover_enabled=\"0\" sticky_enabled=\"0\"]<p style=\"text-align: center;\"><strong>KURSY SPECJALISTYCZNE<\/strong><\/p>\n<p style=\"text-align: center;\"><strong>Zdob\u0105d\u017a dodatkowe kwalifikacje!<\/strong><\/p>[\/et_pb_text][\/et_pb_column][\/et_pb_row][\/et_pb_section][et_pb_section fb_built=\"1\" admin_label=\"section\" _builder_version=\"3.22\"][et_pb_row _builder_version=\"4.9.0\" _module_preset=\"default\" column_structure=\"1_2,1_2\"][et_pb_column _builder_version=\"4.9.0\" _module_preset=\"default\" type=\"1_2\"][et_pb_image src=\"data:image\/svg+xml;base64,PHN2ZyB3aWR0aD0iMTA4MCIgaGVpZ2h0PSI1NDAiIHZpZXdCb3g9IjAgMCAxMDgwIDU0MCIgeG1sbnM9Imh0dHA6Ly93d3cudzMub3JnLzIwMDAvc3ZnIj4KICAgIDxnIGZpbGw9Im5vbmUiIGZpbGwtcnVsZT0iZXZlbm9kZCI+CiAgICAgICAgPHBhdGggZmlsbD0iI0VCRUJFQiIgZD0iTTAgMGgxMDgwdjU0MEgweiIvPgogICAgICAgIDxwYXRoIGQ9Ik00NDUuNjQ5IDU0MGgtOTguOTk1TDE0NC42NDkgMzM3Ljk5NSAwIDQ4Mi42NDR2LTk4Ljk5NWwxMTYuMzY1LTExNi4zNjVjMTUuNjItMTUuNjIgNDAuOTQ3LTE1LjYyIDU2LjU2OCAwTDQ0NS42NSA1NDB6IiBmaWxsLW9wYWNpdHk9Ii4xIiBmaWxsPSIjMDAwIiBmaWxsLXJ1bGU9Im5vbnplcm8iLz4KICAgICAgICA8Y2lyY2xlIGZpbGwtb3BhY2l0eT0iLjA1IiBmaWxsPSIjMDAwIiBjeD0iMzMxIiBjeT0iMTQ4IiByPSI3MCIvPgogICAgICAgIDxwYXRoIGQ9Ik0xMDgwIDM3OXYxMTMuMTM3TDcyOC4xNjIgMTQwLjMgMzI4LjQ2MiA1NDBIMjE1LjMyNEw2OTkuODc4IDU1LjQ0NmMxNS42Mi0xNS42MiA0MC45NDgtMTUuNjIgNTYuNTY4IDBMMTA4MCAzNzl6IiBmaWxsLW9wYWNpdHk9Ii4yIiBmaWxsPSIjMDAwIiBmaWxsLXJ1bGU9Im5vbnplcm8iLz4KICAgIDwvZz4KPC9zdmc+Cg==\" _builder_version=\"4.9.0\" _module_preset=\"default\" hover_enabled=\"0\" sticky_enabled=\"0\"][\/et_pb_image][\/et_pb_column][et_pb_column _builder_version=\"4.9.0\" _module_preset=\"default\" type=\"1_2\"][\/et_pb_column][\/et_pb_row][\/et_pb_section][et_pb_section fb_built=\"1\" admin_label=\"section\" _builder_version=\"3.22\"][\/et_pb_section][et_pb_section fb_built=\"1\" admin_label=\"section\" _builder_version=\"3.22\"][\/et_pb_section]<\/div>\n<!-- \/wp:divi\/layout -->\n\n\n\n<!-- wp:image {\"id\":2921,\"sizeSlug\":\"full\",\"linkDestination\":\"none\"} -->\n<figure class=\"wp-block-image size-full\"><img src=\"https:\/\/zsswitnica.pl\/zss\/wp-content\/uploads\/2024\/10\/WOZKI_WIDLOWE.jpg\" alt=\"\" class=\"wp-image-2921\"\/><\/figure>\n<!-- \/wp:image -->","_et_gb_content_width":""},"_links":{"self":[{"href":"https:\/\/zsswitnica.pl\/zss\/wp-json\/wp\/v2\/pages\/2908"}],"collection":[{"href":"https:\/\/zsswitnica.pl\/zss\/wp-json\/wp\/v2\/pages"}],"about":[{"href":"https:\/\/zsswitnica.pl\/zss\/wp-json\/wp\/v2\/types\/page"}],"author":[{"embeddable":true,"href":"https:\/\/zsswitnica.pl\/zss\/wp-json\/wp\/v2\/users\/5"}],"replies":[{"embeddable":true,"href":"https:\/\/zsswitnica.pl\/zss\/wp-json\/wp\/v2\/comments?post=2908"}],"version-history":[{"count":41,"href":"https:\/\/zsswitnica.pl\/zss\/wp-json\/wp\/v2\/pages\/2908\/revisions"}],"predecessor-version":[{"id":3129,"href":"https:\/\/zsswitnica.pl\/zss\/wp-json\/wp\/v2\/pages\/2908\/revisions\/3129"}],"wp:attachment":[{"href":"https:\/\/zsswitnica.pl\/zss\/wp-json\/wp\/v2\/media?parent=2908"}],"curies":[{"name":"wp","href":"https:\/\/api.w.org\/{rel}","templated":true}]}}