{"id":2853,"date":"2024-10-11T07:13:44","date_gmt":"2024-10-11T05:13:44","guid":{"rendered":"https:\/\/zsswitnica.pl\/zss\/?page_id=2853"},"modified":"2026-03-10T07:45:38","modified_gmt":"2026-03-10T06:45:38","slug":"specjalista-na-rynku-pracy","status":"publish","type":"page","link":"https:\/\/zsswitnica.pl\/zss\/specjalista-na-rynku-pracy\/","title":{"rendered":"Projekty unijne"},"content":{"rendered":"<p>[et_pb_section fb_built=&#8221;1&#8243; disabled_on=&#8221;off|off|off&#8221; admin_label=&#8221;section&#8221; _builder_version=&#8221;4.9.0&#8243; custom_margin=&#8221;||-127px|||&#8221; custom_padding=&#8221;|0px||||&#8221;][et_pb_row _builder_version=&#8221;4.9.0&#8243; _module_preset=&#8221;default&#8221;][et_pb_column type=&#8221;4_4&#8243; _builder_version=&#8221;4.9.0&#8243; _module_preset=&#8221;default&#8221;][et_pb_image src=&#8221;https:\/\/zsswitnica.pl\/zss\/wp-content\/uploads\/2024\/10\/pasek.jpg&#8221; title_text=&#8221;pasek&#8221; _builder_version=&#8221;4.9.0&#8243; _module_preset=&#8221;default&#8221;][\/et_pb_image][\/et_pb_column][\/et_pb_row][\/et_pb_section][et_pb_section fb_built=&#8221;1&#8243; disabled_on=&#8221;off|off|off&#8221; admin_label=&#8221;section&#8221; _builder_version=&#8221;4.9.0&#8243; custom_margin=&#8221;93px||-127px|||&#8221; custom_padding=&#8221;|0px||||&#8221;][et_pb_row _builder_version=&#8221;4.9.0&#8243; _module_preset=&#8221;default&#8221;][et_pb_column type=&#8221;4_4&#8243; _builder_version=&#8221;4.9.0&#8243; _module_preset=&#8221;default&#8221;][et_pb_text _builder_version=&#8221;4.9.0&#8243; _module_preset=&#8221;default&#8221;]<\/p>\n<p style=\"text-align: center;\"><strong>Projekt pn. &#8222;Specjalista dla rynku pracy \u2013 efektywny system formalnego kszta\u0142cenia zawodowego&#8221; <\/strong><\/p>\n<p style=\"text-align: center;\"><strong>wsp\u00f3\u0142finansowany\u00a0<\/strong><strong>z Europejskiego Funduszu Spo\u0142ecznego Plus <\/strong><strong>w ramach programu <\/strong><strong>Fundusze Europejskie dla Lubuskiego 2021-2027,\u00a0<\/strong><\/p>\n<p style=\"text-align: center;\"><strong>Priorytet 6: Fundusze Europejskie na wsparcie obywateli,\u00a0\u00a0<\/strong><strong>Dzia\u0142anie 6.7: Edukacja \u2013 ZIT.<\/strong><\/p>\n<p>[\/et_pb_text][\/et_pb_column][\/et_pb_row][et_pb_row _builder_version=&#8221;4.9.0&#8243; _module_preset=&#8221;default&#8221; hover_enabled=&#8221;0&#8243; sticky_enabled=&#8221;0&#8243;][et_pb_column type=&#8221;4_4&#8243; _builder_version=&#8221;4.9.0&#8243; _module_preset=&#8221;default&#8221;][et_pb_text _builder_version=&#8221;4.9.0&#8243; _module_preset=&#8221;default&#8221; custom_margin=&#8221;-8px|||||&#8221; link_option_url=&#8221;https:\/\/zsswitnica.pl\/zss\/rekrutacja-do-projektu\/&#8221;]<\/p>\n<p><strong>AKTUALNO\u015aCI<\/strong><\/p>\n<p>[\/et_pb_text][et_pb_text _builder_version=&#8221;4.9.0&#8243; _module_preset=&#8221;default&#8221; custom_padding=&#8221;||0px|||&#8221; link_option_url=&#8221;https:\/\/zsswitnica.pl\/zss\/specjalista-dla-rynku-pracy\/&#8221;]<\/p>\n<p><strong>O PROJEKCIE<\/strong><\/p>\n<p>[\/et_pb_text][et_pb_text _builder_version=&#8221;4.9.0&#8243; _module_preset=&#8221;default&#8221;]<\/p>\n<p><a href=\"https:\/\/zsswitnica.pl\/zss\/formy-wsparcia\/\"><strong>FORMY WSPARCIA<\/strong><\/a><\/p>\n<p>[\/et_pb_text][et_pb_text _builder_version=&#8221;4.9.0&#8243; _module_preset=&#8221;default&#8221;]<\/p>\n<p><strong>HARMONOGRAMY &#8211; KURSY<\/strong><\/p>\n<p>[\/et_pb_text][et_pb_text _builder_version=&#8221;4.9.0&#8243; _module_preset=&#8221;default&#8221; custom_padding=&#8221;0px||1px|||&#8221;]<\/p>\n<p><strong>ROK SZKOLNY 2025\/26<\/strong><\/p>\n<p><strong><a href=\"https:\/\/zsswitnica.pl\/zss\/wp-content\/uploads\/2026\/03\/Programowanie.pdf\">HARMONOGRAM &#8211; PROGRAMOWANIE INTELIGENTNYCH APLIKACJI &#8211; 14.03.2026 &#8211; 13.06.2026<\/a><\/strong><\/p>\n<p><strong><a href=\"https:\/\/zsswitnica.pl\/zss\/wp-content\/uploads\/2026\/03\/Kurs-MAG.pdf\">HARMONOGRAM &#8211; KURS SPAWANIA METOD\u0104 MAG &#8211; 10.03.2026-20.03.2026 (cz\u0119\u015b\u0107 teoretyczna)<\/a><\/strong><\/p>\n<p><a href=\"https:\/\/zsswitnica.pl\/zss\/wp-content\/uploads\/2026\/03\/EXCEL.pdf\"><strong>HARMONOGRAM &#8211; ARKUSZE KALKULACYJNE ICDL DIGCOMP B4 &#8211; 14.03.2026 &#8211; 25.04.2026<\/strong><\/a><\/p>\n<p><strong><a href=\"https:\/\/zsswitnica.pl\/zss\/wp-content\/uploads\/2026\/03\/Prawo-jazdy-kat.-B.pdf\">HARMONOGRAM &#8211; KURS NA PRAWO JAZDY KAT. B &#8211; 09.03.2026 &#8211; 07.08.2026<\/a><\/strong><\/p>\n<p><a href=\"https:\/\/zsswitnica.pl\/zss\/wp-content\/uploads\/2025\/10\/HARMONOGRAM-STAZY_2025.pdf\"><strong>HARMONOGRAMY &#8211; STA\u017bE 03.11.2025-01.12.2025<\/strong><\/a><\/p>\n<p><strong>ROK SZKOLNY 2024\/25<\/strong><\/p>\n<p><a href=\"https:\/\/zsswitnica.pl\/zss\/wp-content\/uploads\/2024\/11\/HARMONOGRAM.pdf\"><strong>HARMONOGRAMY &#8211; STA\u017bE 2024<\/strong><\/a><\/p>\n<p><a href=\"https:\/\/zsswitnica.pl\/zss\/wp-content\/uploads\/2025\/04\/wozki_widlowe_kl_4_i_3_TL.pdf\"><strong>HARMONOGRAM &#8211; OPERATOR W\u00d3ZKA WID\u0141OWEGO CZ\u0118\u015a\u0106 TEORETYCZNA- KLASA 4TL i 3TL<\/strong><\/a><\/p>\n<p><a href=\"https:\/\/zsswitnica.pl\/zss\/wp-content\/uploads\/2025\/04\/wozki_widlowe_kl_5TL.pdf\"><strong>HARMONOGRAM &#8211; OPERATOR W\u00d3ZKA WID\u0141OWEGO CZ\u0118\u015a\u0106 TEORETYCZNA &#8211; KLASA 5TL\u00a0<\/strong><\/a><\/p>\n<p><a href=\"https:\/\/zsswitnica.pl\/zss\/wp-content\/uploads\/2025\/04\/harmonogram_wozki_praktyka_ver_1.pdf\"><strong>HARMONOGRAM &#8211; OPERATOR W\u00d3ZKA WID\u0141OWEGO &#8211; CZ\u0118\u015a\u0106 PRAKTYCZNA (WSZYSTKIE GRUPY)<\/strong><\/a><\/p>\n<p><strong><a href=\"https:\/\/zsswitnica.pl\/zss\/wp-content\/uploads\/2025\/04\/prawo-jazdy-harmonogram.pdf\">HARMONOGRAM &#8211; PRAWO JAZDY KAT. B<\/a><\/strong><\/p>\n<p>[\/et_pb_text][et_pb_text _builder_version=&#8221;4.9.0&#8243; _module_preset=&#8221;default&#8221;]<\/p>\n<p><strong>REKRUTACJA &#8211; DOKUMENTY:<\/strong><\/p>\n<ul>\n<li><a href=\"https:\/\/zsswitnica.pl\/zss\/wp-content\/uploads\/2024\/10\/Regulamin-rekrutacji-i-uczestnictwa-w-projekcie.pdf\"><strong>Regulamin rekrutacji i uczestnictwa w projekcie<\/strong><\/a><\/li>\n<li><a href=\"https:\/\/zsswitnica.pl\/zss\/wp-content\/uploads\/2024\/10\/Formularz-zgloszeniowy_mono.pdf\"><strong>Formularz zg\u0142oszeniowy<\/strong><\/a><\/li>\n<li><a href=\"https:\/\/zsswitnica.pl\/zss\/wp-content\/uploads\/2024\/10\/Deklaracja_udzialu_w_projekcie_mono.pdf\"><strong>Deklaracja uczestnictwa<\/strong><\/a><\/li>\n<li><a href=\"https:\/\/zsswitnica.pl\/zss\/wp-content\/uploads\/2024\/10\/Oswiadczenia-uczestnika-o-zapoznaniu-sie-z-trescia-informacji-dotyczaca-przetwarzania-danych.pdf\"><strong>O\u015bwiadczenie uczestnika projektu<\/strong><\/a><\/li>\n<\/ul>\n<p>[\/et_pb_text][et_pb_text _builder_version=&#8221;4.9.0&#8243; _module_preset=&#8221;default&#8221;]<\/p>\n<p><strong>STA\u017bE UCZNIOW<span style=\"text-decoration: underline;\">SKIE &#8211; DOKUMENTY:<\/span><\/strong><\/p>\n<ul>\n<li><a href=\"https:\/\/zsswitnica.pl\/zss\/wp-content\/uploads\/2024\/10\/Regulamin-organizacji-stazy-uczniowskich.pdf\"><span style=\"text-decoration: underline;\"><strong>Regulamin organizacji sta\u017cy uczniowskich<\/strong><\/span><\/a><\/li>\n<li><span style=\"text-decoration: underline;\"><a href=\"https:\/\/zsswitnica.pl\/zss\/wp-content\/uploads\/2024\/10\/Umowa-o-staz-uczniowski_wzor.pdf\"><strong>Umowa o sta\u017c uczniowski<\/strong><\/a><\/span><\/li>\n<li><a href=\"https:\/\/zsswitnica.pl\/zss\/wp-content\/uploads\/2024\/10\/Zalaczniki-do-umowy_mono_CZ1.zip\"><strong><span style=\"text-decoration: underline;\">Za\u0142\u0105czniki do umowy o<\/span> sta\u017c uczniowski &#8211; CZ\u0118\u015a\u0106 1<\/strong><\/a><\/li>\n<li><a href=\"https:\/\/zsswitnica.pl\/zss\/wp-content\/uploads\/2024\/10\/Zalaczniki-do-umowy_monoCZ2-1.zip\"><strong>Za\u0142\u0105czniki do umowy o sta\u017c uczniowski &#8211; CZ\u0118\u015a\u0106 2<\/strong><\/a><\/li>\n<\/ul>\n<p>[\/et_pb_text][et_pb_text _builder_version=&#8221;4.9.0&#8243; _module_preset=&#8221;default&#8221;]<\/p>\n<p><strong>REALIZACJA<\/strong><\/p>\n<p>[\/et_pb_text][\/et_pb_column][\/et_pb_row][\/et_pb_section]<\/p>\n","protected":false},"excerpt":{"rendered":"<p>[et_pb_section fb_built=&#8221;1&#8243; disabled_on=&#8221;off|off|off&#8221; admin_label=&#8221;section&#8221; _builder_version=&#8221;4.9.0&#8243; custom_margin=&#8221;||-127px|||&#8221; custom_padding=&#8221;|0px||||&#8221;][et_pb_row _builder_version=&#8221;4.9.0&#8243; _module_preset=&#8221;default&#8221;][et_pb_column type=&#8221;4_4&#8243; _builder_version=&#8221;4.9.0&#8243; _module_preset=&#8221;default&#8221;][et_pb_image src=&#8221;https:\/\/zsswitnica.pl\/zss\/wp-content\/uploads\/2024\/10\/pasek.jpg&#8221; title_text=&#8221;pasek&#8221; _builder_version=&#8221;4.9.0&#8243; _module_preset=&#8221;default&#8221;][\/et_pb_image][\/et_pb_column][\/et_pb_row][\/et_pb_section][et_pb_section fb_built=&#8221;1&#8243; disabled_on=&#8221;off|off|off&#8221; admin_label=&#8221;section&#8221; _builder_version=&#8221;4.9.0&#8243; custom_margin=&#8221;93px||-127px|||&#8221; custom_padding=&#8221;|0px||||&#8221;][et_pb_row _builder_version=&#8221;4.9.0&#8243; _module_preset=&#8221;default&#8221;][et_pb_column type=&#8221;4_4&#8243; _builder_version=&#8221;4.9.0&#8243; _module_preset=&#8221;default&#8221;][et_pb_text _builder_version=&#8221;4.9.0&#8243; _module_preset=&#8221;default&#8221;] Projekt pn. &#8222;Specjalista dla rynku pracy \u2013 efektywny system formalnego kszta\u0142cenia zawodowego&#8221; wsp\u00f3\u0142finansowany\u00a0z Europejskiego Funduszu Spo\u0142ecznego Plus w ramach programu Fundusze Europejskie dla Lubuskiego 2021-2027,\u00a0 Priorytet [&hellip;]<\/p>\n","protected":false},"author":5,"featured_media":0,"parent":0,"menu_order":0,"comment_status":"closed","ping_status":"closed","template":"","meta":{"_et_pb_use_builder":"on","_et_pb_old_content":"<!-- wp:columns -->\n<div class=\"wp-block-columns\"><!-- wp:column {\"width\":\"100%\"} -->\n<div class=\"wp-block-column\" style=\"flex-basis:100%\"><!-- wp:divi\/layout -->\n<div class=\"wp-block-divi-layout\">[et_pb_section fb_built=\"1\" disabled_on=\"on|off|on\" admin_label=\"section\" _builder_version=\"4.9.0\" custom_margin=\"||-127px|||\" custom_padding=\"|0px||||\"][et_pb_row _builder_version=\"4.9.0\" _module_preset=\"default\"][et_pb_column type=\"4_4\" _builder_version=\"4.9.0\" _module_preset=\"default\"][et_pb_image src=\"https:\/\/zsswitnica.pl\/zss\/wp-content\/uploads\/2024\/10\/pasek.jpg\" title_text=\"pasek\" _builder_version=\"4.9.0\" _module_preset=\"default\"][\/et_pb_image][\/et_pb_column][\/et_pb_row][\/et_pb_section][et_pb_section fb_built=\"1\" disabled_on=\"on|off|on\" admin_label=\"section\" _builder_version=\"4.9.0\" custom_margin=\"||-127px|||\" custom_padding=\"|0px||||\"][et_pb_row _builder_version=\"4.9.0\" _module_preset=\"default\"][et_pb_column type=\"4_4\" _builder_version=\"4.9.0\" _module_preset=\"default\"][et_pb_text _builder_version=\"4.9.0\" _module_preset=\"default\"]<p style=\"text-align: center\"><strong>Specjalista dla rynku pracy \u2013 efektywny system formalnego kszta\u0142cenia zawodowego wsp\u00f3\u0142finansowany&nbsp;<\/strong><strong>z Europejskiego Funduszu Spo\u0142ecznego Plus <\/strong><strong>w ramach programu <\/strong><strong>Fundusze Europejskie dla Lubuskiego 2021-2027,<\/strong><strong>Priorytet 6: Fundusze Europejskie na wsparcie obywateli, <\/strong><strong>Dzia\u0142anie 6.7: Edukacja \u2013 ZIT.<\/strong><\/p>[\/et_pb_text][\/et_pb_column][\/et_pb_row][et_pb_row _builder_version=\"4.9.0\" _module_preset=\"default\"][et_pb_column _builder_version=\"4.9.0\" _module_preset=\"default\" type=\"4_4\"][et_pb_text _builder_version=\"4.9.0\" _module_preset=\"default\" link_option_url=\"specjalista-dla-rynku-pracy\" hover_enabled=\"0\" sticky_enabled=\"0\"]<p><strong>O PROJEKCIE<\/strong><\/p>[\/et_pb_text][et_pb_text _builder_version=\"4.9.0\" _module_preset=\"default\" hover_enabled=\"0\" sticky_enabled=\"0\"]<p><strong>REKRUTACJA - DOKUMENTY<\/strong><\/p>[\/et_pb_text][et_pb_text _builder_version=\"4.9.0\" _module_preset=\"default\" hover_enabled=\"0\" sticky_enabled=\"0\"]<p><strong>STA\u017bE UCZNIOWSKIE - DOKUMENTY<\/strong><\/p>[\/et_pb_text][et_pb_text _builder_version=\"4.9.0\" _module_preset=\"default\" hover_enabled=\"0\" sticky_enabled=\"0\"]<p><strong>HARMONOGRAMY - KURSY<\/strong><\/p>[\/et_pb_text][et_pb_text _builder_version=\"4.9.0\" _module_preset=\"default\" hover_enabled=\"0\" sticky_enabled=\"0\"]<p><strong>HARMONOGRAMY - STA\u017bE<\/strong><\/p>[\/et_pb_text][et_pb_text _builder_version=\"4.9.0\" _module_preset=\"default\" hover_enabled=\"0\" sticky_enabled=\"0\"]<p><strong>REALIZACJA<\/strong><\/p>[\/et_pb_text][\/et_pb_column][\/et_pb_row][\/et_pb_section]<\/div>\n<!-- \/wp:divi\/layout --><\/div>\n<!-- \/wp:column --><\/div>\n<!-- \/wp:columns -->","_et_gb_content_width":""},"_links":{"self":[{"href":"https:\/\/zsswitnica.pl\/zss\/wp-json\/wp\/v2\/pages\/2853"}],"collection":[{"href":"https:\/\/zsswitnica.pl\/zss\/wp-json\/wp\/v2\/pages"}],"about":[{"href":"https:\/\/zsswitnica.pl\/zss\/wp-json\/wp\/v2\/types\/page"}],"author":[{"embeddable":true,"href":"https:\/\/zsswitnica.pl\/zss\/wp-json\/wp\/v2\/users\/5"}],"replies":[{"embeddable":true,"href":"https:\/\/zsswitnica.pl\/zss\/wp-json\/wp\/v2\/comments?post=2853"}],"version-history":[{"count":49,"href":"https:\/\/zsswitnica.pl\/zss\/wp-json\/wp\/v2\/pages\/2853\/revisions"}],"predecessor-version":[{"id":4187,"href":"https:\/\/zsswitnica.pl\/zss\/wp-json\/wp\/v2\/pages\/2853\/revisions\/4187"}],"wp:attachment":[{"href":"https:\/\/zsswitnica.pl\/zss\/wp-json\/wp\/v2\/media?parent=2853"}],"curies":[{"name":"wp","href":"https:\/\/api.w.org\/{rel}","templated":true}]}}