{"id":22,"date":"2021-02-21T11:04:25","date_gmt":"2021-02-21T10:04:25","guid":{"rendered":"https:\/\/zsswitnica.pl\/zss\/?page_id=22"},"modified":"2022-10-19T21:34:48","modified_gmt":"2022-10-19T19:34:48","slug":"kontakt","status":"publish","type":"page","link":"https:\/\/zsswitnica.pl\/zss\/kontakt\/","title":{"rendered":"Kontakt"},"content":{"rendered":"<p>[et_pb_section fb_built=&#8221;1&#8243; _builder_version=&#8221;4.9.0&#8243; _module_preset=&#8221;default&#8221;][et_pb_row _builder_version=&#8221;4.9.0&#8243; _module_preset=&#8221;default&#8221;][et_pb_column type=&#8221;4_4&#8243; _builder_version=&#8221;4.9.0&#8243; _module_preset=&#8221;default&#8221;][et_pb_map address=&#8221;Witnica, Polska&#8221; zoom_level=&#8221;9&#8243; address_lat=&#8221;52.6730629&#8243; address_lng=&#8221;14.8976504&#8243; mouse_wheel=&#8221;off&#8221; _builder_version=&#8221;4.9.0&#8243; _module_preset=&#8221;default&#8221;][et_pb_map_pin title=&#8221;Zesp\u00f3\u0142 Szk\u00f3\u0142 Samorz\u0105dowych w Witnicy&#8221; pin_address=&#8221;Witnica, Polska&#8221; zoom_level=&#8221;6&#8243; pin_address_lat=&#8221;52.6730629&#8243; pin_address_lng=&#8221;14.8976504&#8243; _builder_version=&#8221;4.9.0&#8243; _module_preset=&#8221;default&#8221;][\/et_pb_map_pin][\/et_pb_map][\/et_pb_column][\/et_pb_row][et_pb_row column_structure=&#8221;1_4,1_4,1_4,1_4&#8243; _builder_version=&#8221;4.9.0&#8243; _module_preset=&#8221;default&#8221; hover_enabled=&#8221;0&#8243; sticky_enabled=&#8221;0&#8243;][et_pb_column type=&#8221;1_4&#8243; _builder_version=&#8221;4.9.0&#8243; _module_preset=&#8221;default&#8221;][et_pb_blurb title=&#8221;Adres&#8221; use_icon=&#8221;on&#8221; font_icon=&#8221;%%249%%&#8221; icon_color=&#8221;#075293&#8243; icon_placement=&#8221;left&#8221; use_icon_font_size=&#8221;on&#8221; icon_font_size=&#8221;39px&#8221; _builder_version=&#8221;4.9.0&#8243; _module_preset=&#8221;default&#8221; header_font=&#8221;|600|||||||&#8221; header_font_size=&#8221;23px&#8221; body_font_size=&#8221;16px&#8221; body_line_height__hover_enabled=&#8221;off|desktop&#8221;]<\/p>\n<p>66-460 Witnica <br \/>ul. Traugutta 1<\/p>\n<p>[\/et_pb_blurb][\/et_pb_column][et_pb_column type=&#8221;1_4&#8243; _builder_version=&#8221;4.9.0&#8243; _module_preset=&#8221;default&#8221;][et_pb_blurb title=&#8221;Kontakt&#8221; use_icon=&#8221;on&#8221; font_icon=&#8221;%%255%%&#8221; icon_color=&#8221;#075293&#8243; icon_placement=&#8221;left&#8221; use_icon_font_size=&#8221;on&#8221; icon_font_size=&#8221;39px&#8221; _builder_version=&#8221;4.9.0&#8243; _module_preset=&#8221;default&#8221; header_font=&#8221;|600|||||||&#8221; header_font_size=&#8221;23px&#8221; body_font_size=&#8221;16px&#8221; body_line_height__hover_enabled=&#8221;off|desktop&#8221;]<\/p>\n<p>95 751 51 80<br \/> zsswitnica@gmail.com<\/p>\n<p>[\/et_pb_blurb][\/et_pb_column][et_pb_column type=&#8221;1_4&#8243; _builder_version=&#8221;4.9.0&#8243; _module_preset=&#8221;default&#8221;][et_pb_blurb title=&#8221;Sekretariat&#8221; use_icon=&#8221;on&#8221; font_icon=&#8221;%%268%%&#8221; icon_color=&#8221;#075293&#8243; icon_placement=&#8221;left&#8221; use_icon_font_size=&#8221;on&#8221; icon_font_size=&#8221;39px&#8221; _builder_version=&#8221;4.9.0&#8243; _module_preset=&#8221;default&#8221; header_font=&#8221;|600|||||||&#8221; header_font_size=&#8221;23px&#8221; body_font_size=&#8221;16px&#8221; body_line_height__hover_enabled=&#8221;off|desktop&#8221;]<\/p>\n<p>Godziny otwarcia:<br \/>8:00 &#8211; 15:00<\/p>\n<p>[\/et_pb_blurb][\/et_pb_column][et_pb_column type=&#8221;1_4&#8243; _builder_version=&#8221;4.9.0&#8243; _module_preset=&#8221;default&#8221;][et_pb_blurb title=&#8221;Media&#8221; use_icon=&#8221;on&#8221; font_icon=&#8221;%%337%%&#8221; icon_color=&#8221;#075293&#8243; icon_placement=&#8221;left&#8221; use_icon_font_size=&#8221;on&#8221; icon_font_size=&#8221;39px&#8221; _builder_version=&#8221;4.9.0&#8243; _module_preset=&#8221;default&#8221; header_font=&#8221;|600|||||||&#8221; header_font_size=&#8221;23px&#8221; body_font_size=&#8221;16px&#8221; body_line_height__hover_enabled=&#8221;off|desktop&#8221;]<\/p>\n<p>zsswitnica.pl<br \/> facebook.com\/zsswitnica<\/p>\n<p>[\/et_pb_blurb][\/et_pb_column][\/et_pb_row][\/et_pb_section][et_pb_section fb_built=&#8221;1&#8243; custom_padding_last_edited=&#8221;off|desktop&#8221; disabled_on=&#8221;off|off|off&#8221; _builder_version=&#8221;4.9.0&#8243; background_color=&#8221;#002142&#8243; custom_margin=&#8221;0px||0px||true|false&#8221; custom_margin_last_edited=&#8221;off|desktop&#8221; custom_padding=&#8221;0px||0px||true|false&#8221; global_module=&#8221;2226&#8243; saved_tabs=&#8221;all&#8221;][et_pb_row column_structure=&#8221;1_4,1_4,1_4,1_4&#8243; use_custom_gutter=&#8221;on&#8221; gutter_width=&#8221;1&#8243; make_equal=&#8221;on&#8221; module_class=&#8221; et_pb_row_fullwidth&#8221; _builder_version=&#8221;4.9.0&#8243; width=&#8221;83%&#8221; width_tablet=&#8221;100%&#8221; width_last_edited=&#8221;off|desktop&#8221; max_width=&#8221;1302px&#8221; max_width_tablet=&#8221;100%&#8221; max_width_last_edited=&#8221;off|desktop&#8221; module_alignment=&#8221;center&#8221; custom_margin_phone=&#8221;||&#8221; custom_margin_last_edited=&#8221;off|desktop&#8221; custom_padding=&#8221;22px||22px||true|false&#8221; make_fullwidth=&#8221;on&#8221;][et_pb_column type=&#8221;1_4&#8243; module_class=&#8221;btn-inline&#8221; _builder_version=&#8221;3.25&#8243; custom_padding=&#8221;|||&#8221; custom_padding__hover=&#8221;|||&#8221;][et_pb_image src=&#8221;https:\/\/zsswitnica.pl\/zss\/wp-content\/uploads\/2018\/12\/plan-lekcji-test.jpg&#8221; url=&#8221;https:\/\/zsswitnica.pl\/zss\/plan\/html\/&#8221; align=&#8221;center&#8221; align_tablet=&#8221;center&#8221; align_last_edited=&#8221;off|desktop&#8221; admin_label=&#8221;menu-mobilne1&#8243; _builder_version=&#8221;4.9.0&#8243; width=&#8221;30%&#8221; max_width__hover_enabled=&#8221;off|desktop&#8221;][\/et_pb_image][\/et_pb_column][et_pb_column type=&#8221;1_4&#8243; module_class=&#8221;btn-inline&#8221; _builder_version=&#8221;3.25&#8243; custom_padding=&#8221;|||&#8221; custom_padding__hover=&#8221;|||&#8221;][et_pb_image src=&#8221;https:\/\/zsswitnica.pl\/zss\/wp-content\/uploads\/2018\/12\/galeria-fiolet.jpg&#8221; url=&#8221;http:\/\/zsswitnica.pl\/photos\/&#8221; align=&#8221;center&#8221; admin_label=&#8221;menu-mobilne2&#8243; _builder_version=&#8221;4.9.0&#8243; width=&#8221;30%&#8221;][\/et_pb_image][\/et_pb_column][et_pb_column type=&#8221;1_4&#8243; module_class=&#8221;btn-inline&#8221; _builder_version=&#8221;3.25&#8243; custom_padding=&#8221;|||&#8221; custom_padding__hover=&#8221;|||&#8221;][et_pb_image src=&#8221;https:\/\/zsswitnica.pl\/zss\/wp-content\/uploads\/2018\/12\/fanpage-fiolet.jpg&#8221; url=&#8221;https:\/\/www.facebook.com\/Zesp%C3%B3%C5%82-Szk%C3%B3%C5%82-Samorz%C4%85dowych-w-Witnicy-171844216302262\/&#8221; align=&#8221;center&#8221; admin_label=&#8221;menu-mobilne3&#8243; _builder_version=&#8221;3.23&#8243; width=&#8221;30%&#8221;][\/et_pb_image][\/et_pb_column][et_pb_column type=&#8221;1_4&#8243; module_class=&#8221;btn-inline&#8221; _builder_version=&#8221;3.25&#8243; custom_padding=&#8221;|||&#8221; custom_padding__hover=&#8221;|||&#8221;][et_pb_image src=&#8221;https:\/\/zsswitnica.pl\/zss\/wp-content\/uploads\/2018\/12\/dziennik-fiolet.jpg&#8221; url=&#8221;https:\/\/uonetplus.vulcan.net.pl\/powiatgorzowski\/&#8221; align=&#8221;center&#8221; admin_label=&#8221;menu-mobilne4&#8243; _builder_version=&#8221;3.23&#8243; width=&#8221;30%&#8221;][\/et_pb_image][\/et_pb_column][\/et_pb_row][\/et_pb_section][et_pb_section fb_built=&#8221;1&#8243; _builder_version=&#8221;4.9.0&#8243; _module_preset=&#8221;default&#8221; background_color=&#8221;#000000&#8243; top_divider_color=&#8221;#0b1f30&#8243; top_divider_height=&#8221;62px&#8221; top_divider_flip=&#8221;horizontal&#8221; global_module=&#8221;2227&#8243;][et_pb_row column_structure=&#8221;1_3,1_3,1_3&#8243; _builder_version=&#8221;4.9.0&#8243; _module_preset=&#8221;default&#8221;][et_pb_column type=&#8221;1_3&#8243; _builder_version=&#8221;4.9.0&#8243; _module_preset=&#8221;default&#8221;][et_pb_image src=&#8221;https:\/\/zsswitnica.pl\/zss\/wp-content\/uploads\/2021\/02\/logo.png&#8221; title_text=&#8221;logo&#8221; show_bottom_space=&#8221;off&#8221; _builder_version=&#8221;4.9.0&#8243; _module_preset=&#8221;default&#8221; width=&#8221;82%&#8221;][\/et_pb_image][et_pb_text _builder_version=&#8221;4.9.0&#8243; _module_preset=&#8221;default&#8221; text_font=&#8221;|300|||||||&#8221; text_text_color=&#8221;#FFFFFF&#8221; text_font_size=&#8221;11px&#8221;]<\/p>\n<p>Powered by:\u00a0<strong>CMS WordPress,\u00a0<\/strong>Copyright 2021 \u00a9: Zesp\u00f3\u0142 Szk\u00f3\u0142 Samorz\u0105dowych w Witnicy, Created by: Piotr Pantkowski<\/p>\n<p>[\/et_pb_text][\/et_pb_column][et_pb_column type=&#8221;1_3&#8243; _builder_version=&#8221;4.9.0&#8243; _module_preset=&#8221;default&#8221;][et_pb_text _builder_version=&#8221;4.9.0&#8243; _module_preset=&#8221;default&#8221; text_text_color=&#8221;#FFFFFF&#8221;]<\/p>\n<p>Witnickie Liceum Og\u00f3lnokszta\u0142c\u0105ce powsta\u0142o w roku 1964, a budynek, w kt\u00f3rym si\u0119 mie\u015bci, oddano do u\u017cytku w 1969 roku. 15 pa\u017adziernika 1970 r. nadano szkole imi\u0119 Miko\u0142aja Kopernika.<\/p>\n<p>[\/et_pb_text][\/et_pb_column][et_pb_column type=&#8221;1_3&#8243; _builder_version=&#8221;4.9.0&#8243; _module_preset=&#8221;default&#8221;][et_pb_text _builder_version=&#8221;4.9.0&#8243; _module_preset=&#8221;default&#8221; text_text_color=&#8221;#FFFFFF&#8221; custom_margin=&#8221;||9px|||&#8221;]<\/p>\n<p>Sprawd\u017a naszego Facebooka i ofert\u0119 rekrutacyjn\u0105<\/p>\n<p>[\/et_pb_text][et_pb_social_media_follow follow_button=&#8221;on&#8221; icon_color=&#8221;#FFFFFF&#8221; admin_label=&#8221;Przyciski spo\u0142eczno\u015bciowe (stopka wersja pc)&#8221; _builder_version=&#8221;4.9.0&#8243; text_orientation=&#8221;left&#8221; background_layout=&#8221;dark&#8221;][et_pb_social_media_follow_network social_network=&#8221;facebook&#8221; url=&#8221;https:\/\/www.facebook.com\/Zesp%C3%B3%C5%82-Szk%C3%B3%C5%82-Samorz%C4%85dowych-w-Witnicy-171844216302262\/&#8221; _builder_version=&#8221;3.17.6&#8243; background_color=&#8221;#3b5998&#8243; follow_button=&#8221;on&#8221; url_new_window=&#8221;on&#8221;]facebook[\/et_pb_social_media_follow_network][\/et_pb_social_media_follow][\/et_pb_column][\/et_pb_row][\/et_pb_section]<\/p>\n","protected":false},"excerpt":{"rendered":"<p>[et_pb_section fb_built=&#8221;1&#8243; _builder_version=&#8221;4.9.0&#8243; _module_preset=&#8221;default&#8221;][et_pb_row _builder_version=&#8221;4.9.0&#8243; _module_preset=&#8221;default&#8221;][et_pb_column type=&#8221;4_4&#8243; _builder_version=&#8221;4.9.0&#8243; _module_preset=&#8221;default&#8221;][et_pb_map address=&#8221;Witnica, Polska&#8221; zoom_level=&#8221;9&#8243; address_lat=&#8221;52.6730629&#8243; address_lng=&#8221;14.8976504&#8243; mouse_wheel=&#8221;off&#8221; _builder_version=&#8221;4.9.0&#8243; _module_preset=&#8221;default&#8221;][et_pb_map_pin title=&#8221;Zesp\u00f3\u0142 Szk\u00f3\u0142 Samorz\u0105dowych w Witnicy&#8221; pin_address=&#8221;Witnica, Polska&#8221; zoom_level=&#8221;6&#8243; pin_address_lat=&#8221;52.6730629&#8243; pin_address_lng=&#8221;14.8976504&#8243; _builder_version=&#8221;4.9.0&#8243; _module_preset=&#8221;default&#8221;][\/et_pb_map_pin][\/et_pb_map][\/et_pb_column][\/et_pb_row][et_pb_row column_structure=&#8221;1_4,1_4,1_4,1_4&#8243; _builder_version=&#8221;4.9.0&#8243; _module_preset=&#8221;default&#8221; hover_enabled=&#8221;0&#8243; sticky_enabled=&#8221;0&#8243;][et_pb_column type=&#8221;1_4&#8243; _builder_version=&#8221;4.9.0&#8243; _module_preset=&#8221;default&#8221;][et_pb_blurb title=&#8221;Adres&#8221; use_icon=&#8221;on&#8221; font_icon=&#8221;%%249%%&#8221; icon_color=&#8221;#075293&#8243; icon_placement=&#8221;left&#8221; use_icon_font_size=&#8221;on&#8221; icon_font_size=&#8221;39px&#8221; _builder_version=&#8221;4.9.0&#8243; _module_preset=&#8221;default&#8221; header_font=&#8221;|600|||||||&#8221; header_font_size=&#8221;23px&#8221; body_font_size=&#8221;16px&#8221; body_line_height__hover_enabled=&#8221;off|desktop&#8221;] 66-460 Witnica ul. Traugutta 1 [&hellip;]<\/p>\n","protected":false},"author":1,"featured_media":0,"parent":0,"menu_order":0,"comment_status":"closed","ping_status":"closed","template":"","meta":{"_et_pb_use_builder":"on","_et_pb_old_content":"<!-- wp:divi\/placeholder \/-->","_et_gb_content_width":""},"_links":{"self":[{"href":"https:\/\/zsswitnica.pl\/zss\/wp-json\/wp\/v2\/pages\/22"}],"collection":[{"href":"https:\/\/zsswitnica.pl\/zss\/wp-json\/wp\/v2\/pages"}],"about":[{"href":"https:\/\/zsswitnica.pl\/zss\/wp-json\/wp\/v2\/types\/page"}],"author":[{"embeddable":true,"href":"https:\/\/zsswitnica.pl\/zss\/wp-json\/wp\/v2\/users\/1"}],"replies":[{"embeddable":true,"href":"https:\/\/zsswitnica.pl\/zss\/wp-json\/wp\/v2\/comments?post=22"}],"version-history":[{"count":8,"href":"https:\/\/zsswitnica.pl\/zss\/wp-json\/wp\/v2\/pages\/22\/revisions"}],"predecessor-version":[{"id":2618,"href":"https:\/\/zsswitnica.pl\/zss\/wp-json\/wp\/v2\/pages\/22\/revisions\/2618"}],"wp:attachment":[{"href":"https:\/\/zsswitnica.pl\/zss\/wp-json\/wp\/v2\/media?parent=22"}],"curies":[{"name":"wp","href":"https:\/\/api.w.org\/{rel}","templated":true}]}}