{"id":16,"date":"2021-02-21T11:01:10","date_gmt":"2021-02-21T10:01:10","guid":{"rendered":"https:\/\/zsswitnica.pl\/zss\/?page_id=16"},"modified":"2021-02-25T12:57:04","modified_gmt":"2021-02-25T11:57:04","slug":"historia-szkoly","status":"publish","type":"page","link":"https:\/\/zsswitnica.pl\/zss\/historia-szkoly\/","title":{"rendered":"Historia i patron"},"content":{"rendered":"<p>[et_pb_section fb_built=&#8221;1&#8243; _builder_version=&#8221;4.9.0&#8243; _module_preset=&#8221;default&#8221;][et_pb_row _builder_version=&#8221;4.9.0&#8243; _module_preset=&#8221;default&#8221;][et_pb_column type=&#8221;4_4&#8243; _builder_version=&#8221;4.9.0&#8243; _module_preset=&#8221;default&#8221;][et_pb_text _builder_version=&#8221;4.9.0&#8243; _module_preset=&#8221;default&#8221; hover_enabled=&#8221;0&#8243; sticky_enabled=&#8221;0&#8243;]<\/p>\n<p><strong>Patron:<\/strong><\/p>\n<p>Miko\u0142aj Kopernik by\u0142 najm\u0142odszym spo\u015br\u00f3d czworga rodze\u0144stwa zamo\u017cnego kupca toru\u0144skiego Miko\u0142aja Kopernika i Barbary z domu Watzenrode. Przyszed\u0142 na \u015bwiat w Toruniu 19 lutego 1473 r. w kamienicy przy ulicy \u015bw. Anny. Ucz\u0119szcza\u0142 do szko\u0142y przy ko\u015bciele \u015bw. Jana w Toruniu. W wieku 10 lat Miko\u0142aj traci ojca i od tamtej pory zajmuje si\u0119 nim wuj \u0141ukasz Watzenrode. Jego wuj i opiekun stara\u0142 si\u0119 da\u0107 siostrze\u0144cowi jak najlepsze wykszta\u0142cenie. Lata 1483-1491 z \u017cycia Miko\u0142aja s\u0105 zupe\u0142n\u0105 tajemnic\u0105, nie wiadomo, gdzie przebywa\u0142 i gdzie si\u0119 uczy\u0142. Najprawdopodobniej ucz\u0119szcza\u0142 do szko\u0142y katedralnej we W\u0142oc\u0142awku, chocia\u017c niekt\u00f3rzy historycy uwa\u017caj\u0105, i\u017c wuj odda\u0142 go do szko\u0142y w Che\u0142mie.<\/p>\n<p>W 1495 r. wuj Miko\u0142aja do W\u0142och. Kopernik zapisa\u0142 si\u0119 na wydzia\u0142 prawny Uniwersytetu w Bolonii, jak chcia\u0142 jego opiekun. Miko\u0142aja jednak nie interesowa\u0142o prawo, a wyjazd do W\u0142och by\u0142 doskona\u0142\u0105 okazj\u0105 do prowadzenia obserwacji i podwa\u017cania geocentrycznej teorii Ptolemeusza. W 1497 r. przeprowadzi\u0142 obserwacj\u0119 odleg\u0142o\u015bci Ksi\u0119\u017cyca od Ziemi w r\u00f3\u017cnych fazach i doszed\u0142 do wniosku, \u017ce Ptolemeusz si\u0119 myli\u0142.<\/p>\n<p>Od 1501 do 1503 studiowa\u0142 medycyn\u0119 w Padwie. Po uzyskaniu doktoratu wr\u00f3ci\u0142 do Polski i zosta\u0142 sekretarzem i lekarzem swego wuja biskupa \u0141ukasza Watzenrode. G\u0142\u00f3wn\u0105 siedzib\u0105 Miko\u0142aja a\u017c do roku 1510 by\u0142 Lidzbark. Najprawdopodobniej w latach 1496-1510 napisa\u0142 siedemnastostronicowe dzie\u0142o \u201eKomentarzyk\u201d, w kt\u00f3rym zawarte jest stwierdzenie,i\u017c to Ziemia si\u0119 porusza, a S\u0142o\u0144ce spoczywa. W 1510 r. 8 listopada Kopernik zosta\u0142 kanclerzem kapitu\u0142y warmi\u0144skiej i dwa lata p\u00f3\u017aniej po \u015bmierci wuja \u0141ukasza, uczestniczy\u0142 w wyborze nowego biskupa.<\/p>\n<p>W 1515 r. Rozpocz\u0105\u0142 swe g\u0142\u00f3wne dzie\u0142o, kt\u00f3rego opracowanie zaj\u0119\u0142o mu 18 lat. Miko\u0142aj dokona\u0142 ponad 60 obserwacji za pomoc\u0105 instrument\u00f3w, kt\u00f3re konstruowa\u0142 wed\u0142ug wzor\u00f3w opisanych przez Ptolomeusza. By\u0142y to: kwadrant, triquetrum oraz strefa armillarna. Kopernik wielokrotnie przerabia\u0142 swe dzie\u0142o. Ostateczn\u0105 tre\u015b\u0107 \u201eDe Revolutionibus\u201d zawar\u0142 w sze\u015bciu ksi\u0119gach.<\/p>\n<p>W marcu 1543 r. zako\u0144czono druk dzie\u0142a Kopernika. W dwa miesi\u0105ce p\u00f3\u017aniej, 24 maja 1543 r. na skutek wylewu krwi i parali\u017cu Miko\u0142aj Kopernik zmar\u0142, najprawdopodobniej nie ujrzawszy druku swego dzie\u0142a.<\/p>\n<p><strong>Historia szko\u0142y:<\/strong><\/p>\n<p>Witnickie Liceum Og\u00f3lnokszta\u0142c\u0105ce powsta\u0142o w roku 1964, a budynek, w kt\u00f3rym si\u0119 mie\u015bci, oddano do u\u017cytku w 1969 roku. 15 pa\u017adziernika 1970 r. nadano szkole imi\u0119 Miko\u0142aja Kopernika.<\/p>\n<p>Istnienie jedynej w naszym mie\u015bcie szko\u0142y \u015bredniej jest wynikiem ambicji i ofiarno\u015bci Witniczan, a w szczeg\u00f3lno\u015bci Pani dyrektor Alicji \u0141abudy, kt\u00f3ra kierowa\u0142a ni\u0105 przez 25 lat. Mury szko\u0142y opu\u015bci\u0142o niemal 3000 tysi\u0105ce Absolwent\u00f3w. 1 wrze\u015bnia 2000 roku szko\u0142a zmieni\u0142a nazw\u0119 na Zesp\u00f3\u0142 Szk\u00f3\u0142 im. M. Kopernika w Witnicy. Od 1 wrze\u015bnia 2015 roku po zmianach organizacyjnych plac\u00f3wka nosi nazw\u0119 Zesp\u00f3\u0142 Szk\u00f3\u0142 Samorz\u0105dowych w Witnicy w sk\u0142ad kt\u00f3rego wchodz\u0105 nast\u0119puj\u0105ce typy szk\u00f3\u0142: Liceum Og\u00f3lnokszta\u0142c\u0105ce im. M. Kopernika, Technikum (kszta\u0142c\u0105ce w zawodzie technik informatyk i technik logistyk), Bran\u017cowa Szko\u0142a I Stopnia (wielozawodowa) oraz Gimnazjum im. Ludzi Pojednania. Obecnie organem prowadz\u0105cym plac\u00f3wk\u0119 jest Gmina Witnica.<\/p>\n<p>Szko\u0142a wyposa\u017cona jest w nowoczesn\u0105 sal\u0119 gimnastyczn\u0105, si\u0142owni\u0119, salk\u0119 fitness, boisko wielofunkcyjne, bie\u017cni\u0119 z sztuczn\u0105 nawierzchni\u0105. W 2015 roku budynki dydaktyczne szko\u0142y zosta\u0142y obj\u0119te ca\u0142kowit\u0105 termomodernizacj\u0105, a wszystkie w\u0119z\u0142y sanitarne przesz\u0142y gruntowny remont.<\/p>\n<p>[\/et_pb_text][\/et_pb_column][\/et_pb_row][\/et_pb_section][et_pb_section fb_built=&#8221;1&#8243; custom_padding_last_edited=&#8221;off|desktop&#8221; disabled_on=&#8221;off|off|off&#8221; _builder_version=&#8221;4.9.0&#8243; background_color=&#8221;#002142&#8243; custom_margin=&#8221;0px||0px||true|false&#8221; custom_margin_last_edited=&#8221;off|desktop&#8221; custom_padding=&#8221;0px||0px||true|false&#8221; global_module=&#8221;2226&#8243; saved_tabs=&#8221;all&#8221;][et_pb_row column_structure=&#8221;1_4,1_4,1_4,1_4&#8243; use_custom_gutter=&#8221;on&#8221; gutter_width=&#8221;1&#8243; make_equal=&#8221;on&#8221; module_class=&#8221; et_pb_row_fullwidth&#8221; _builder_version=&#8221;4.9.0&#8243; width=&#8221;83%&#8221; width_tablet=&#8221;100%&#8221; width_last_edited=&#8221;off|desktop&#8221; max_width=&#8221;1302px&#8221; max_width_tablet=&#8221;100%&#8221; max_width_last_edited=&#8221;off|desktop&#8221; module_alignment=&#8221;center&#8221; custom_margin_phone=&#8221;||&#8221; custom_margin_last_edited=&#8221;off|desktop&#8221; custom_padding=&#8221;22px||22px||true|false&#8221; make_fullwidth=&#8221;on&#8221;][et_pb_column type=&#8221;1_4&#8243; module_class=&#8221;btn-inline&#8221; _builder_version=&#8221;3.25&#8243; custom_padding=&#8221;|||&#8221; custom_padding__hover=&#8221;|||&#8221;][et_pb_image src=&#8221;https:\/\/zsswitnica.pl\/zss\/wp-content\/uploads\/2018\/12\/plan-lekcji-test.jpg&#8221; url=&#8221;https:\/\/zsswitnica.pl\/zss\/plan\/html\/&#8221; align=&#8221;center&#8221; align_tablet=&#8221;center&#8221; align_last_edited=&#8221;off|desktop&#8221; admin_label=&#8221;menu-mobilne1&#8243; _builder_version=&#8221;4.9.0&#8243; width=&#8221;30%&#8221; max_width__hover_enabled=&#8221;off|desktop&#8221;][\/et_pb_image][\/et_pb_column][et_pb_column type=&#8221;1_4&#8243; module_class=&#8221;btn-inline&#8221; _builder_version=&#8221;3.25&#8243; custom_padding=&#8221;|||&#8221; custom_padding__hover=&#8221;|||&#8221;][et_pb_image src=&#8221;https:\/\/zsswitnica.pl\/zss\/wp-content\/uploads\/2018\/12\/galeria-fiolet.jpg&#8221; url=&#8221;http:\/\/zsswitnica.pl\/photos\/&#8221; align=&#8221;center&#8221; admin_label=&#8221;menu-mobilne2&#8243; _builder_version=&#8221;4.9.0&#8243; width=&#8221;30%&#8221;][\/et_pb_image][\/et_pb_column][et_pb_column type=&#8221;1_4&#8243; module_class=&#8221;btn-inline&#8221; _builder_version=&#8221;3.25&#8243; custom_padding=&#8221;|||&#8221; custom_padding__hover=&#8221;|||&#8221;][et_pb_image src=&#8221;https:\/\/zsswitnica.pl\/zss\/wp-content\/uploads\/2018\/12\/fanpage-fiolet.jpg&#8221; url=&#8221;https:\/\/www.facebook.com\/Zesp%C3%B3%C5%82-Szk%C3%B3%C5%82-Samorz%C4%85dowych-w-Witnicy-171844216302262\/&#8221; align=&#8221;center&#8221; admin_label=&#8221;menu-mobilne3&#8243; _builder_version=&#8221;3.23&#8243; width=&#8221;30%&#8221;][\/et_pb_image][\/et_pb_column][et_pb_column type=&#8221;1_4&#8243; module_class=&#8221;btn-inline&#8221; _builder_version=&#8221;3.25&#8243; custom_padding=&#8221;|||&#8221; custom_padding__hover=&#8221;|||&#8221;][et_pb_image src=&#8221;https:\/\/zsswitnica.pl\/zss\/wp-content\/uploads\/2018\/12\/dziennik-fiolet.jpg&#8221; url=&#8221;https:\/\/uonetplus.vulcan.net.pl\/powiatgorzowski\/&#8221; align=&#8221;center&#8221; admin_label=&#8221;menu-mobilne4&#8243; _builder_version=&#8221;3.23&#8243; width=&#8221;30%&#8221;][\/et_pb_image][\/et_pb_column][\/et_pb_row][\/et_pb_section][et_pb_section fb_built=&#8221;1&#8243; _builder_version=&#8221;4.9.0&#8243; _module_preset=&#8221;default&#8221; background_color=&#8221;#000000&#8243; top_divider_color=&#8221;#0b1f30&#8243; top_divider_height=&#8221;62px&#8221; top_divider_flip=&#8221;horizontal&#8221; global_module=&#8221;2227&#8243;][et_pb_row column_structure=&#8221;1_3,1_3,1_3&#8243; _builder_version=&#8221;4.9.0&#8243; _module_preset=&#8221;default&#8221;][et_pb_column type=&#8221;1_3&#8243; _builder_version=&#8221;4.9.0&#8243; _module_preset=&#8221;default&#8221;][et_pb_image src=&#8221;https:\/\/zsswitnica.pl\/zss\/wp-content\/uploads\/2021\/02\/logo.png&#8221; title_text=&#8221;logo&#8221; show_bottom_space=&#8221;off&#8221; _builder_version=&#8221;4.9.0&#8243; _module_preset=&#8221;default&#8221; width=&#8221;82%&#8221;][\/et_pb_image][et_pb_text _builder_version=&#8221;4.9.0&#8243; _module_preset=&#8221;default&#8221; text_font=&#8221;|300|||||||&#8221; text_text_color=&#8221;#FFFFFF&#8221; text_font_size=&#8221;11px&#8221;]<\/p>\n<p>Powered by:\u00a0<strong>CMS WordPress,\u00a0<\/strong>Copyright 2021 \u00a9: Zesp\u00f3\u0142 Szk\u00f3\u0142 Samorz\u0105dowych w Witnicy, Created by: Piotr Pantkowski<\/p>\n<p>[\/et_pb_text][\/et_pb_column][et_pb_column type=&#8221;1_3&#8243; _builder_version=&#8221;4.9.0&#8243; _module_preset=&#8221;default&#8221;][et_pb_text _builder_version=&#8221;4.9.0&#8243; _module_preset=&#8221;default&#8221; text_text_color=&#8221;#FFFFFF&#8221;]<\/p>\n<p>Witnickie Liceum Og\u00f3lnokszta\u0142c\u0105ce powsta\u0142o w roku 1964, a budynek, w kt\u00f3rym si\u0119 mie\u015bci, oddano do u\u017cytku w 1969 roku. 15 pa\u017adziernika 1970 r. nadano szkole imi\u0119 Miko\u0142aja Kopernika.<\/p>\n<p>[\/et_pb_text][\/et_pb_column][et_pb_column type=&#8221;1_3&#8243; _builder_version=&#8221;4.9.0&#8243; _module_preset=&#8221;default&#8221;][et_pb_text _builder_version=&#8221;4.9.0&#8243; _module_preset=&#8221;default&#8221; text_text_color=&#8221;#FFFFFF&#8221; custom_margin=&#8221;||9px|||&#8221;]<\/p>\n<p>Sprawd\u017a naszego Facebooka i ofert\u0119 rekrutacyjn\u0105<\/p>\n<p>[\/et_pb_text][et_pb_social_media_follow follow_button=&#8221;on&#8221; icon_color=&#8221;#FFFFFF&#8221; admin_label=&#8221;Przyciski spo\u0142eczno\u015bciowe (stopka wersja pc)&#8221; _builder_version=&#8221;4.9.0&#8243; text_orientation=&#8221;left&#8221; background_layout=&#8221;dark&#8221;][et_pb_social_media_follow_network social_network=&#8221;facebook&#8221; url=&#8221;https:\/\/www.facebook.com\/Zesp%C3%B3%C5%82-Szk%C3%B3%C5%82-Samorz%C4%85dowych-w-Witnicy-171844216302262\/&#8221; _builder_version=&#8221;3.17.6&#8243; background_color=&#8221;#3b5998&#8243; follow_button=&#8221;on&#8221; url_new_window=&#8221;on&#8221;]facebook[\/et_pb_social_media_follow_network][\/et_pb_social_media_follow][\/et_pb_column][\/et_pb_row][\/et_pb_section]<\/p>\n","protected":false},"excerpt":{"rendered":"<p>[et_pb_section fb_built=&#8221;1&#8243; _builder_version=&#8221;4.9.0&#8243; _module_preset=&#8221;default&#8221;][et_pb_row _builder_version=&#8221;4.9.0&#8243; _module_preset=&#8221;default&#8221;][et_pb_column type=&#8221;4_4&#8243; _builder_version=&#8221;4.9.0&#8243; _module_preset=&#8221;default&#8221;][et_pb_text _builder_version=&#8221;4.9.0&#8243; _module_preset=&#8221;default&#8221; hover_enabled=&#8221;0&#8243; sticky_enabled=&#8221;0&#8243;] Patron: Miko\u0142aj Kopernik by\u0142 najm\u0142odszym spo\u015br\u00f3d czworga rodze\u0144stwa zamo\u017cnego kupca toru\u0144skiego Miko\u0142aja Kopernika i Barbary z domu Watzenrode. Przyszed\u0142 na \u015bwiat w Toruniu 19 lutego 1473 r. w kamienicy przy ulicy \u015bw. Anny. Ucz\u0119szcza\u0142 do szko\u0142y przy ko\u015bciele \u015bw. Jana w Toruniu. [&hellip;]<\/p>\n","protected":false},"author":1,"featured_media":0,"parent":0,"menu_order":0,"comment_status":"closed","ping_status":"closed","template":"","meta":{"_et_pb_use_builder":"on","_et_pb_old_content":"<!-- wp:divi\/placeholder \/-->","_et_gb_content_width":""},"_links":{"self":[{"href":"https:\/\/zsswitnica.pl\/zss\/wp-json\/wp\/v2\/pages\/16"}],"collection":[{"href":"https:\/\/zsswitnica.pl\/zss\/wp-json\/wp\/v2\/pages"}],"about":[{"href":"https:\/\/zsswitnica.pl\/zss\/wp-json\/wp\/v2\/types\/page"}],"author":[{"embeddable":true,"href":"https:\/\/zsswitnica.pl\/zss\/wp-json\/wp\/v2\/users\/1"}],"replies":[{"embeddable":true,"href":"https:\/\/zsswitnica.pl\/zss\/wp-json\/wp\/v2\/comments?post=16"}],"version-history":[{"count":6,"href":"https:\/\/zsswitnica.pl\/zss\/wp-json\/wp\/v2\/pages\/16\/revisions"}],"predecessor-version":[{"id":2339,"href":"https:\/\/zsswitnica.pl\/zss\/wp-json\/wp\/v2\/pages\/16\/revisions\/2339"}],"wp:attachment":[{"href":"https:\/\/zsswitnica.pl\/zss\/wp-json\/wp\/v2\/media?parent=16"}],"curies":[{"name":"wp","href":"https:\/\/api.w.org\/{rel}","templated":true}]}}